{"id":6764,"date":"2021-08-26T11:19:35","date_gmt":"2021-08-26T11:19:35","guid":{"rendered":"https:\/\/skygreen.com.mx\/?page_id=6764"},"modified":"2021-09-09T21:59:02","modified_gmt":"2021-09-09T21:59:02","slug":"sistemasdegestiondenergiasolicitud","status":"publish","type":"page","link":"https:\/\/skygreen.com.mx\/?page_id=6764","title":{"rendered":"Sistemas de Gesti\u00f3n de Energ\u00eda"},"content":{"rendered":"<p><a href=\"https:\/\/skygreen.com.mx\"><br \/>\n\t\t\t\t\t\t\t<img decoding=\"async\" width=\"190\" height=\"41\" src=\"https:\/\/skygreen.com.mx\/wp-content\/uploads\/2021\/09\/Sky-Green-logo-horizontal-190x41.png\" alt=\"\" loading=\"lazy\" srcset=\"https:\/\/skygreen.com.mx\/wp-content\/uploads\/2021\/09\/Sky-Green-logo-horizontal-190x41.png 190w, https:\/\/skygreen.com.mx\/wp-content\/uploads\/2021\/09\/Sky-Green-logo-horizontal-300x64.png 300w, https:\/\/skygreen.com.mx\/wp-content\/uploads\/2021\/09\/Sky-Green-logo-horizontal-450x100.png 450w, https:\/\/skygreen.com.mx\/wp-content\/uploads\/2021\/09\/Sky-Green-logo-horizontal-420x90.png 420w, https:\/\/skygreen.com.mx\/wp-content\/uploads\/2021\/09\/Sky-Green-logo-horizontal.png 467w\" sizes=\"auto, (max-width: 190px) 100vw, 190px\" \/>\t\t\t\t\t\t\t\t<\/a><\/p>\n<p style=\"text-align: left;\"><strong>Ahorra dinero<\/strong> <\/p>\n<p style=\"text-align: left;\">y aumenta<\/p>\n<p style=\"text-align: left;\">la <strong>productividad <\/strong><\/p>\n<p style=\"text-align: left;\">de tu empresa,\u00a0mediante<\/p>\n<p style=\"text-align: left;\"><strong>sistemas de\u00a0<\/strong><strong>gesti\u00f3n\u00a0<\/strong><\/p>\n<p style=\"text-align: left;\">de\u00a0<strong style=\"color: #60832d;\">energ\u00eda<\/strong><\/p>\n<p style=\"text-align: left;\">adaptados a\u00a0tus\u00a0necesidades<\/p>\n<figure><img decoding=\"async\" src=\"https:\/\/skygreen.com.mx\/wp-content\/uploads\/2020\/06\/empresa-skygreen-740x500.jpg\" alt=\"Ingeniero revisando instalaci\u00f3n tablero y centro de carga con an\u00e1lisis de redes\" \/><\/figure>\n<figure><img decoding=\"async\" src=\"https:\/\/skygreen.com.mx\/wp-content\/uploads\/2021\/09\/Acometida-740x500.jpg\" alt=\"Acometida\" \/><\/figure>\n<figure><img decoding=\"async\" src=\"https:\/\/skygreen.com.mx\/wp-content\/uploads\/2021\/09\/VRF-ingenieros-740x500.jpg\" alt=\"VRF ingenieros\" \/><\/figure>\n<p>\t\t\t\t\t\tAnterior<br \/>\n\t\t\t\t\t\tSiguiente<\/p>\n<p role=\"status\" aria-live=\"polite\" aria-atomic=\"true\">\n<ul><\/ul>\n<form action=\"\/wp-admin\/admin-ajax.php#wpcf7-f6833-o3\" method=\"post\" novalidate=\"novalidate\" data-status=\"init\">\n<input type=\"hidden\" name=\"_wpcf7\" value=\"6833\" \/><br \/>\n<input type=\"hidden\" name=\"_wpcf7_version\" value=\"5.4.2\" \/><br \/>\n<input type=\"hidden\" name=\"_wpcf7_locale\" value=\"es_ES\" \/><br \/>\n<input type=\"hidden\" name=\"_wpcf7_unit_tag\" value=\"wpcf7-f6833-o3\" \/><br \/>\n<input type=\"hidden\" name=\"_wpcf7_container_post\" value=\"0\" \/><br \/>\n<input type=\"hidden\" name=\"_wpcf7_posted_data_hash\" value=\"\" \/><br \/>\n<input type=\"hidden\" name=\"_wpcf7_recaptcha_response\" value=\"\" \/><\/p>\n<p><label> Nombre<br \/>\n    <input type=\"text\" name=\"your-name\" value=\"\" size=\"40\" aria-required=\"true\" aria-invalid=\"false\" \/> <\/label><\/p>\n<p><label> Empresa (opcional)<br \/>\n    <input type=\"text\" name=\"your-enterprise\" value=\"\" size=\"40\" aria-required=\"true\" aria-invalid=\"false\" \/> <\/label><\/p>\n<p><label> Correo electr\u00f3nico<br \/>\n    <input type=\"email\" name=\"your-email\" value=\"\" size=\"40\" aria-required=\"true\" aria-invalid=\"false\" \/> <\/label><\/p>\n<p><label> N\u00famero de tel\u00e9fono<br \/>\n    <input type=\"tel\" name=\"Telefono\" value=\"\" size=\"40\" aria-required=\"true\" aria-invalid=\"false\" \/> <\/label><\/p>\n<p><label> Mensaje<br \/>\n    <textarea name=\"your-message\" cols=\"40\" rows=\"3\" aria-invalid=\"false\"><\/textarea> <\/label><\/p>\n<p<br \/>\n<label><input type=\"checkbox\" name=\"Aceptacion\" value=\"1\" aria-invalid=\"false\" \/>Acepto la <a href=\"https:\/\/skygreen.com.mx\/politica-de-privacidad\/\" rel=\"nofollow noopener\" target=\"_blank\"> pol\u00edtica de privacidad<\/a><\/label>\n<\/p>\n<p><input type=\"submit\" value=\"Env\u00eda para optimizar tu consumo energ\u00e9tico\" \/><\/p>\n<\/form>\n<p>\t\t<strong>PLANEAR &#8211; IMPLEMENTAR &#8211; VERIFICAR &#8211; NEUTRALIZAR &#8211; OPTIMIZAR<\/strong><br \/>\n\t\t\t\t\t\t\t\t\t\t\t\t\t\t\t<img decoding=\"async\" width=\"150\" height=\"150\" src=\"https:\/\/skygreen.com.mx\/wp-content\/uploads\/2021\/09\/ISO-50001-150x150.png\" alt=\"\" loading=\"lazy\" srcset=\"https:\/\/skygreen.com.mx\/wp-content\/uploads\/2021\/09\/ISO-50001-150x150.png 150w, https:\/\/skygreen.com.mx\/wp-content\/uploads\/2021\/09\/ISO-50001-160x160.png 160w, https:\/\/skygreen.com.mx\/wp-content\/uploads\/2021\/09\/ISO-50001-100x100.png 100w, https:\/\/skygreen.com.mx\/wp-content\/uploads\/2021\/09\/ISO-50001-60x60.png 60w, https:\/\/skygreen.com.mx\/wp-content\/uploads\/2021\/09\/ISO-50001-90x90.png 90w, https:\/\/skygreen.com.mx\/wp-content\/uploads\/2021\/09\/ISO-50001.png 219w\" sizes=\"auto, (max-width: 150px) 100vw, 150px\" \/>\t\t\t\t\t\t\t\t\t\t\t\t\t\t\t<\/p>\n<p><strong>Sistemas que califican a ISO 50001 <\/strong><\/p>\n<p>Proporciona un marco robusto en eficiencia energ\u00e9tica para toda tu organizaci\u00f3n<\/p>\n<p>\t\t\t\t\t\t\t\t\t\t\t\t\t\t\t<img decoding=\"async\" width=\"150\" height=\"150\" src=\"https:\/\/skygreen.com.mx\/wp-content\/uploads\/2021\/09\/LEED-150x150.png\" alt=\"\" loading=\"lazy\" srcset=\"https:\/\/skygreen.com.mx\/wp-content\/uploads\/2021\/09\/LEED-150x150.png 150w, https:\/\/skygreen.com.mx\/wp-content\/uploads\/2021\/09\/LEED-160x160.png 160w, https:\/\/skygreen.com.mx\/wp-content\/uploads\/2021\/09\/LEED-100x100.png 100w, https:\/\/skygreen.com.mx\/wp-content\/uploads\/2021\/09\/LEED-60x60.png 60w, https:\/\/skygreen.com.mx\/wp-content\/uploads\/2021\/09\/LEED-90x90.png 90w, https:\/\/skygreen.com.mx\/wp-content\/uploads\/2021\/09\/LEED.png 219w\" sizes=\"auto, (max-width: 150px) 100vw, 150px\" \/>\t\t\t\t\t\t\t\t\t\t\t\t\t\t\t<\/p>\n<p><strong>Avanza hacia las certificaciones LEED, BREEM y VERDE <\/strong><\/p>\n<p>Obt\u00e9n puntos valiosos para conseguir los reconocimientos de sustentabilidad m\u00e1s importantes a nivel mundial para edificaciones.<\/p>\n<p>\t\t\t\t\t\t\t\t\t\t\t\t\t\t\t<img decoding=\"async\" width=\"150\" height=\"150\" src=\"https:\/\/skygreen.com.mx\/wp-content\/uploads\/2021\/09\/RENTABILIDAD-150x150.png\" alt=\"\" loading=\"lazy\" srcset=\"https:\/\/skygreen.com.mx\/wp-content\/uploads\/2021\/09\/RENTABILIDAD-150x150.png 150w, https:\/\/skygreen.com.mx\/wp-content\/uploads\/2021\/09\/RENTABILIDAD-160x160.png 160w, https:\/\/skygreen.com.mx\/wp-content\/uploads\/2021\/09\/RENTABILIDAD-100x100.png 100w, https:\/\/skygreen.com.mx\/wp-content\/uploads\/2021\/09\/RENTABILIDAD-60x60.png 60w, https:\/\/skygreen.com.mx\/wp-content\/uploads\/2021\/09\/RENTABILIDAD-90x90.png 90w, https:\/\/skygreen.com.mx\/wp-content\/uploads\/2021\/09\/RENTABILIDAD.png 219w\" sizes=\"auto, (max-width: 150px) 100vw, 150px\" \/>\t\t\t\t\t\t\t\t\t\t\t\t\t\t\t<\/p>\n<p><b>Mejora tu rentabilidad<\/b><\/p>\n<p>Disminuye tu gasto en concepto de energ\u00eda y obt\u00e9n un retorno de inversi\u00f3n a corto plazo.\u00a0<\/p>\n<p>\t\t\t\t\t\t\t\t\t\t\t\t\t\t\t<img decoding=\"async\" width=\"150\" height=\"150\" src=\"https:\/\/skygreen.com.mx\/wp-content\/uploads\/2021\/09\/SEGURIDAD-150x150.png\" alt=\"\" loading=\"lazy\" srcset=\"https:\/\/skygreen.com.mx\/wp-content\/uploads\/2021\/09\/SEGURIDAD-150x150.png 150w, https:\/\/skygreen.com.mx\/wp-content\/uploads\/2021\/09\/SEGURIDAD-160x160.png 160w, https:\/\/skygreen.com.mx\/wp-content\/uploads\/2021\/09\/SEGURIDAD-100x100.png 100w, https:\/\/skygreen.com.mx\/wp-content\/uploads\/2021\/09\/SEGURIDAD-60x60.png 60w, https:\/\/skygreen.com.mx\/wp-content\/uploads\/2021\/09\/SEGURIDAD-90x90.png 90w, https:\/\/skygreen.com.mx\/wp-content\/uploads\/2021\/09\/SEGURIDAD.png 219w\" sizes=\"auto, (max-width: 150px) 100vw, 150px\" \/>\t\t\t\t\t\t\t\t\t\t\t\t\t\t\t<\/p>\n<p><b>Otorga condiciones de seguridad y salubridad<\/b><\/p>\n<p>A trav\u00e9s de tecnolog\u00eda de filtraci\u00f3n para aire, y el cumplimiento de normas energ\u00e9ticas, estableces est\u00e1ndares de seguridad integrales en todos tus espacios.\u00a0<\/p>\n<p>\t\t\t\t\t\t\t\t\t\t\t\t\t\t\t<img decoding=\"async\" width=\"150\" height=\"150\" src=\"https:\/\/skygreen.com.mx\/wp-content\/uploads\/2021\/09\/ENERGIA-SUSTENTABLE-150x150.png\" alt=\"\" loading=\"lazy\" srcset=\"https:\/\/skygreen.com.mx\/wp-content\/uploads\/2021\/09\/ENERGIA-SUSTENTABLE-150x150.png 150w, https:\/\/skygreen.com.mx\/wp-content\/uploads\/2021\/09\/ENERGIA-SUSTENTABLE-160x160.png 160w, https:\/\/skygreen.com.mx\/wp-content\/uploads\/2021\/09\/ENERGIA-SUSTENTABLE-100x100.png 100w, https:\/\/skygreen.com.mx\/wp-content\/uploads\/2021\/09\/ENERGIA-SUSTENTABLE-60x60.png 60w, https:\/\/skygreen.com.mx\/wp-content\/uploads\/2021\/09\/ENERGIA-SUSTENTABLE-90x90.png 90w, https:\/\/skygreen.com.mx\/wp-content\/uploads\/2021\/09\/ENERGIA-SUSTENTABLE.png 219w\" sizes=\"auto, (max-width: 150px) 100vw, 150px\" \/>\t\t\t\t\t\t\t\t\t\t\t\t\t\t\t<\/p>\n<p><b>Implementa fuentes de energ\u00eda sustentable\u00a0<\/b><\/p>\n<p>Obt\u00e9n los beneficios de la energ\u00eda limpia por m\u00e1s de 15 a\u00f1os, con tecnolog\u00eda de larga vigencia que no genera emisiones contaminantes.<\/p>\n<p>\t\t\t\t\t\t\t\t\t\t\t\t\t\t\t<img decoding=\"async\" width=\"150\" height=\"150\" src=\"https:\/\/skygreen.com.mx\/wp-content\/uploads\/2021\/09\/NORMATIVIDAD-150x150.png\" alt=\"\" loading=\"lazy\" srcset=\"https:\/\/skygreen.com.mx\/wp-content\/uploads\/2021\/09\/NORMATIVIDAD-150x150.png 150w, https:\/\/skygreen.com.mx\/wp-content\/uploads\/2021\/09\/NORMATIVIDAD-160x160.png 160w, https:\/\/skygreen.com.mx\/wp-content\/uploads\/2021\/09\/NORMATIVIDAD-100x100.png 100w, https:\/\/skygreen.com.mx\/wp-content\/uploads\/2021\/09\/NORMATIVIDAD-60x60.png 60w, https:\/\/skygreen.com.mx\/wp-content\/uploads\/2021\/09\/NORMATIVIDAD-90x90.png 90w, https:\/\/skygreen.com.mx\/wp-content\/uploads\/2021\/09\/NORMATIVIDAD.png 219w\" sizes=\"auto, (max-width: 150px) 100vw, 150px\" \/>\t\t\t\t\t\t\t\t\t\t\t\t\t\t\t<\/p>\n<p><b>Cumple con normatividad obligatoria\u00a0<\/b><\/p>\n<p>Evita multas, sanciones y restricciones de suministro el\u00e9ctrico a trav\u00e9s del cumplimiento de normas por medio de estudios de ingenier\u00eda especializados.<br \/>\n\t\t\t\t\t\t\t\t\t\t\t\t\t\t\t<img decoding=\"async\" width=\"150\" height=\"150\" src=\"https:\/\/skygreen.com.mx\/wp-content\/uploads\/2021\/09\/VIDA-EQUIPOS-150x150.png\" alt=\"\" loading=\"lazy\" srcset=\"https:\/\/skygreen.com.mx\/wp-content\/uploads\/2021\/09\/VIDA-EQUIPOS-150x150.png 150w, https:\/\/skygreen.com.mx\/wp-content\/uploads\/2021\/09\/VIDA-EQUIPOS-160x160.png 160w, https:\/\/skygreen.com.mx\/wp-content\/uploads\/2021\/09\/VIDA-EQUIPOS-100x100.png 100w, https:\/\/skygreen.com.mx\/wp-content\/uploads\/2021\/09\/VIDA-EQUIPOS-60x60.png 60w, https:\/\/skygreen.com.mx\/wp-content\/uploads\/2021\/09\/VIDA-EQUIPOS-90x90.png 90w, https:\/\/skygreen.com.mx\/wp-content\/uploads\/2021\/09\/VIDA-EQUIPOS.png 220w\" sizes=\"auto, (max-width: 150px) 100vw, 150px\" \/>\t\t\t\t\t\t\t\t\t\t\t\t\t\t\t<\/p>\n<p><b>Prolonga la vida de tus equipos\u00a0<\/b><\/p>\n<p>Incrementa la vida de tus equipos y disminuye sus fallas a trav\u00e9s de un suministro energ\u00e9tico continuo, seguro y eficiente.<br \/>\n\t\t\t\t\t\t\t\t\t\t\t\t\t\t\t<img decoding=\"async\" width=\"150\" height=\"150\" src=\"https:\/\/skygreen.com.mx\/wp-content\/uploads\/2021\/09\/HUELLA-DE-CARBONO-150x150.png\" alt=\"\" loading=\"lazy\" srcset=\"https:\/\/skygreen.com.mx\/wp-content\/uploads\/2021\/09\/HUELLA-DE-CARBONO-150x150.png 150w, https:\/\/skygreen.com.mx\/wp-content\/uploads\/2021\/09\/HUELLA-DE-CARBONO-160x160.png 160w, https:\/\/skygreen.com.mx\/wp-content\/uploads\/2021\/09\/HUELLA-DE-CARBONO-100x100.png 100w, https:\/\/skygreen.com.mx\/wp-content\/uploads\/2021\/09\/HUELLA-DE-CARBONO-60x60.png 60w, https:\/\/skygreen.com.mx\/wp-content\/uploads\/2021\/09\/HUELLA-DE-CARBONO-90x90.png 90w, https:\/\/skygreen.com.mx\/wp-content\/uploads\/2021\/09\/HUELLA-DE-CARBONO.png 219w\" sizes=\"auto, (max-width: 150px) 100vw, 150px\" \/>\t\t\t\t\t\t\t\t\t\t\t\t\t\t\t<\/p>\n<p><b>Reduce tu huella ecol\u00f3gica<\/b><b>\u00a0<\/b><\/p>\n<p>Evita multas, sanciones y restricciones de suministro el\u00e9ctrico a trav\u00e9s del cumplimiento de normas por medio de estudios de ingenier\u00eda especializados.<br \/>\n\t\t\t<a href=\"https:\/\/www.facebook.com\/SkyGreenEnergia\"><br \/>\n\t\t\t\t\t\t<\/a><br \/>\n\t\t\t<a href=\"https:\/\/twitter.com\/skygreenmx\"><br \/>\n\t\t\t\t\t\t<\/a><br \/>\n\t\t\t<a href=\"https:\/\/www.linkedin.com\/company\/sky-green\/mycompany\/\"><br \/>\n\t\t\t\t\t\t<\/a><br \/>\n\t\t\t<a href=\"https:\/\/api.whatsapp.com\/send\/?phone=5215534331099&#038;text=Hola%2C+estoy+interesado+en+un+producto+o+servicio+de+Sky+Green.&#038;app_absent=0\"><br \/>\n\t\t\t\t\t\t<\/a><\/p>\n<p>\u00a9 2021 Sky Green <\/p>\n<p>T\u00e9rminos<\/p>\n<p>Privacidad<\/p>\n","protected":false},"excerpt":{"rendered":"<p>Ahorra dinero y aumenta la productividad de tu empresa,\u00a0mediante sistemas de\u00a0gesti\u00f3n\u00a0 de\u00a0energ\u00eda adaptados a\u00a0tus\u00a0necesidades Anterior Siguiente Nombre Empresa (opcional) Correo electr\u00f3nico N\u00famero de tel\u00e9fono Mensaje<\/p>\n","protected":false},"author":1,"featured_media":0,"parent":0,"menu_order":0,"comment_status":"closed","ping_status":"closed","template":"elementor_canvas","meta":{"footnotes":""},"class_list":["post-6764","page","type-page","status-publish","hentry"],"_links":{"self":[{"href":"https:\/\/skygreen.com.mx\/index.php?rest_route=\/wp\/v2\/pages\/6764","targetHints":{"allow":["GET"]}}],"collection":[{"href":"https:\/\/skygreen.com.mx\/index.php?rest_route=\/wp\/v2\/pages"}],"about":[{"href":"https:\/\/skygreen.com.mx\/index.php?rest_route=\/wp\/v2\/types\/page"}],"author":[{"embeddable":true,"href":"https:\/\/skygreen.com.mx\/index.php?rest_route=\/wp\/v2\/users\/1"}],"replies":[{"embeddable":true,"href":"https:\/\/skygreen.com.mx\/index.php?rest_route=%2Fwp%2Fv2%2Fcomments&post=6764"}],"version-history":[{"count":104,"href":"https:\/\/skygreen.com.mx\/index.php?rest_route=\/wp\/v2\/pages\/6764\/revisions"}],"predecessor-version":[{"id":6907,"href":"https:\/\/skygreen.com.mx\/index.php?rest_route=\/wp\/v2\/pages\/6764\/revisions\/6907"}],"wp:attachment":[{"href":"https:\/\/skygreen.com.mx\/index.php?rest_route=%2Fwp%2Fv2%2Fmedia&parent=6764"}],"curies":[{"name":"wp","href":"https:\/\/api.w.org\/{rel}","templated":true}]}}