{"id":6557,"date":"2021-05-13T21:51:10","date_gmt":"2021-05-13T21:51:10","guid":{"rendered":"https:\/\/skygreen.com.mx\/?page_id=6557"},"modified":"2022-06-28T19:01:56","modified_gmt":"2022-06-28T19:01:56","slug":"analizador-de-redes","status":"publish","type":"page","link":"https:\/\/skygreen.com.mx\/?page_id=6557","title":{"rendered":"Analizador de Redes"},"content":{"rendered":"<p>[vc_row content_placement=\u00bbmiddle\u00bb parallax=\u00bbenable_parallax\u00bb bg_position=\u00bbcenter center\u00bb bg_attachment=\u00bbfixed\u00bb enable_overlay=\u00bbyes\u00bb css=\u00bb.vc_custom_1656442573956{margin-bottom: 55px !important;padding-top: 480px !important;padding-bottom: 120px !important;background-image: url(https:\/\/skygreen.com.mx\/wp-content\/uploads\/2021\/10\/DSC01677-2.jpg?id=7304) !important;background-position: center;background-repeat: no-repeat !important;background-size: cover !important;}\u00bb overlay_bg=\u00bbrgba(59, 59, 59, 0.46)\u00bb][vc_column enable_content_animation=\u00bbyes\u00bb ca_init_scale_x=\u00bb1&#8243; ca_init_scale_y=\u00bb1&#8243; ca_init_scale_z=\u00bb1&#8243; ca_init_opacity=\u00bb0&#8243; ca_an_scale_x=\u00bb1&#8243; ca_an_scale_y=\u00bb1&#8243; ca_an_scale_z=\u00bb1&#8243; ca_an_opacity=\u00bb1&#8243; offset=\u00bbvc_col-lg-5 vc_col-md-6&#8243; ca_duration=\u00bb1200&#8243; ca_delay=\u00bb180&#8243; ca_init_translate_y=\u00bb40&#8243; ca_init_translate_z=\u00bb-161&#8243; ca_init_rotate_x=\u00bb-80&#8243;][ld_fancy_heading tag=\u00bbh2&#8243; use_custom_fonts_title=\u00bbtrue\u00bb fs=\u00bb36px\u00bb lh=\u00bb1.111em\u00bb color=\u00bbrgb(255, 255, 255)\u00bb]<strong>Analizador de redes<\/strong>[\/ld_fancy_heading][ld_spacer height=\u00bb22px\u00bb][ld_fancy_heading tag=\u00bbp\u00bb use_custom_fonts_title=\u00bbtrue\u00bb fs=\u00bb20px\u00bb lh=\u00bb25px\u00bb color=\u00bbrgb(255, 255, 255)\u00bb]<span style=\"font-weight: 400;\">Obt\u00e9n la tecnolog\u00eda m\u00e1s adecuada para medir y conocer las propiedades del consumo energ\u00e9tico de cualquier instalaci\u00f3n.<\/span>[\/ld_fancy_heading][ld_spacer height=\u00bb42px\u00bb][ld_button style=\u00bbbtn-solid\u00bb title=\u00bb\u00a1Renta el tuyo!\u00bb transformation=\u00bbtext-uppercase\u00bb shape=\u00bbcircle\u00bb color=\u00bb#ddb707&#8243; fs=\u00bb13px\u00bb lh=\u00bb1.5em\u00bb ls=\u00bb0.1em\u00bb css=\u00bb.vc_custom_1656437931404{padding-right: 1em !important;padding-left: 1em !important;}\u00bb link=\u00bburl:https%3A%2F%2Fapi.whatsapp.com%2Fsend%2F%3Fphone%3D5215534331099%26text%3DHola%252C%2Bestoy%2Binteresado(a)%2Ben%2Balquilar%2Banalizador%2Bde%2Bredes%2BMetrel.%26app_absent%3D0&#8243; hover_color=\u00bbrgb(94, 133, 46)\u00bb text_color=\u00bbrgb(255, 255, 255)\u00bb][ld_spacer height=\u00bb10px\u00bb hide=\u00bbvc_hidden-lg\u00bb sm_hide=\u00bbvc_hidden-sm\u00bb md_hide=\u00bbvc_hidden-md\u00bb xs_height=\u00bb12px\u00bb][\/vc_column][\/vc_row][vc_row][vc_column][ld_spacer height=\u00bb30px\u00bb][vc_icon type=\u00bbmaterial\u00bb icon_material=\u00bbvc-material vc-material-offline_pin\u00bb color=\u00bbcustom\u00bb size=\u00bblg\u00bb custom_color=\u00bb#ddb707&#8243;][ld_fancy_heading tag=\u00bbh2&#8243; split_type=\u00bbwords\u00bb ca_init_scale_x=\u00bb1&#8243; ca_init_scale_y=\u00bb1&#8243; ca_init_scale_z=\u00bb1&#8243; ca_init_opacity=\u00bb1&#8243; ca_an_scale_x=\u00bb1&#8243; ca_an_scale_y=\u00bb1&#8243; ca_an_scale_z=\u00bb1&#8243; ca_an_opacity=\u00bb1&#8243; use_custom_fonts_title=\u00bbtrue\u00bb enable_split=\u00bbtrue\u00bb fs=\u00bb36px\u00bb lh=\u00bb1.11em\u00bb]Caracter\u00edsticas principales de analizador de redes el\u00e9ctricas METREL 2883[\/ld_fancy_heading][vc_separator color=\u00bbcustom\u00bb accent_color=\u00bb#ddb707&#8243;][\/vc_column][\/vc_row][vc_row equal_height=\u00bbyes\u00bb enable_content_animation=\u00bbyes\u00bb ca_init_scale_x=\u00bb0.5&#8243; ca_init_scale_y=\u00bb0.5&#8243; ca_init_scale_z=\u00bb1&#8243; ca_init_opacity=\u00bb0&#8243; ca_an_scale_x=\u00bb1&#8243; ca_an_scale_y=\u00bb1&#8243; ca_an_scale_z=\u00bb1&#8243; ca_an_opacity=\u00bb1&#8243; css=\u00bb.vc_custom_1529672350265{padding-top: 55px !important;padding-bottom: 40px !important;}\u00bb ca_duration=\u00bb1200&#8243;][vc_column width=\u00bb1\/2&#8243;][ld_icon_box i_type=\u00bbfontawesome\u00bb heading_weight=\u00bbfont-weight-bold\u00bb alignment=\u00bbtext-left\u00bb title=\u00bb4 n\u00fameros de entradas\u00bb i_color=\u00bbrgb(221, 183, 7)\u00bb i_icon_fontawesome=\u00bbfas fa-plug\u00bb icon_size=\u00bb26px\u00bb][\/ld_icon_box][ld_spacer height=\u00bb30px\u00bb][\/vc_column][vc_column width=\u00bb1\/2&#8243;][ld_icon_box i_type=\u00bbfontawesome\u00bb heading_weight=\u00bbfont-weight-bold\u00bb alignment=\u00bbtext-left\u00bb title=\u00bbSoporta MicroSD de 8 GB hasta 32 GB\u00bb i_color=\u00bbrgb(221, 183, 7)\u00bb i_icon_fontawesome=\u00bbfas fa-memory\u00bb icon_size=\u00bb26px\u00bb][\/ld_icon_box][ld_spacer height=\u00bb30px\u00bb][\/vc_column][vc_column width=\u00bb1\/2&#8243;][ld_icon_box i_type=\u00bbfontawesome\u00bb heading_weight=\u00bbfont-weight-bold\u00bb alignment=\u00bbtext-left\u00bb title=\u00bbPantalla de 4.3 pulgadas TFT (480 x 272) a color\u00bb i_color=\u00bbrgb(221, 183, 7)\u00bb i_icon_fontawesome=\u00bbfas fa-laptop\u00bb icon_size=\u00bb26px\u00bb][\/ld_icon_box][ld_spacer height=\u00bb30px\u00bb][\/vc_column][vc_column width=\u00bb1\/2&#8243;][ld_icon_box i_type=\u00bbfontawesome\u00bb heading_weight=\u00bbfont-weight-bold\u00bb alignment=\u00bbtext-left\u00bb title=\u00bbRango de medici\u00f3n \/ 10% \u00f7 150% de tensi\u00f3n nominal\u00bb i_color=\u00bbrgb(221, 183, 7)\u00bb i_icon_fontawesome=\u00bbfas fa-bolt\u00bb icon_size=\u00bb26px\u00bb][\/ld_icon_box][ld_spacer height=\u00bb30px\u00bb][\/vc_column][vc_column width=\u00bb1\/2&#8243;][ld_icon_box i_type=\u00bbfontawesome\u00bb heading_weight=\u00bbfont-weight-bold\u00bb alignment=\u00bbtext-left\u00bb title=\u00bbRango de frecuencia de red \/ 42,5 \u00f7 69,0 Hz \u00b110 mHz\u00bb i_color=\u00bbrgb(221, 183, 7)\u00bb i_icon_fontawesome=\u00bbfas fa-chart-area\u00bb icon_size=\u00bb26px\u00bb][\/ld_icon_box][ld_spacer height=\u00bb30px\u00bb][\/vc_column][vc_column width=\u00bb1\/2&#8243;][ld_icon_box i_type=\u00bbfontawesome\u00bb heading_weight=\u00bbfont-weight-bold\u00bb alignment=\u00bbtext-left\u00bb title=\u00bbPrecisi\u00f3n \/ IEC 61557-12 Clase 1&#8243; i_color=\u00bbrgb(221, 183, 7)\u00bb i_icon_fontawesome=\u00bbfas fa-search-location\u00bb icon_size=\u00bb26px\u00bb][\/ld_icon_box][ld_spacer height=\u00bb30px\u00bb][\/vc_column][\/vc_row][vc_row content_placement=\u00bbmiddle\u00bb enable_gradient=\u00bbyes\u00bb css=\u00bb.vc_custom_1594413202039{padding-top: 85px !important;padding-bottom: 40px !important;background-position: center !important;background-repeat: no-repeat !important;background-size: cover !important;}\u00bb gradient_bg=\u00bblinear-gradient(90deg, #ddb707 0%, #5e852e 100%)\u00bb][vc_column align=\u00bbtext-center\u00bb offset=\u00bbvc_col-md-7&#8243; responsive_align=\u00bbtext-md-left\u00bb css=\u00bb.vc_custom_1531743285914{margin-bottom: 45px !important;}\u00bb][ld_fancy_heading tag=\u00bbh2&#8243; ca_init_scale_x=\u00bb1&#8243; ca_init_scale_y=\u00bb1&#8243; ca_init_scale_z=\u00bb1&#8243; ca_init_opacity=\u00bb1&#8243; ca_an_scale_x=\u00bb1&#8243; ca_an_scale_y=\u00bb1&#8243; ca_an_scale_z=\u00bb1&#8243; ca_an_opacity=\u00bb1&#8243; use_custom_fonts_title=\u00bbtrue\u00bb enable_fit=\u00bbtrue\u00bb enable_split=\u00bbtrue\u00bb use_mask=\u00bbtrue\u00bb minfontsize=\u00bb35&#8243; fs=\u00bb45px\u00bb lh=\u00bb1.2em\u00bb ls=\u00bb-0.015em\u00bb ca_init_translate_y=\u00bb84&#8243; ca_init_rotate_z=\u00bb10&#8243; color=\u00bbrgb(255, 255, 255)\u00bb el_class=\u00bbtext-underline\u00bb fw=\u00bb600&#8243; compressor=\u00bb0.5&#8243; margin=\u00bbbottom_large:0px\u00bb]Conoce m\u00e1s del analizador de redes[\/ld_fancy_heading][\/vc_column][\/vc_row][vc_row content_placement=\u00bbmiddle\u00bb css=\u00bb.vc_custom_1538046844598{padding-top: 40px !important;padding-bottom: 100px !important;}\u00bb][vc_column enable_content_animation=\u00bbyes\u00bb ca_init_scale_x=\u00bb1&#8243; ca_init_scale_y=\u00bb1&#8243; ca_init_scale_z=\u00bb1&#8243; ca_init_opacity=\u00bb0&#8243; ca_an_scale_x=\u00bb1&#8243; ca_an_scale_y=\u00bb1&#8243; ca_an_scale_z=\u00bb1&#8243; ca_an_opacity=\u00bb1&#8243; offset=\u00bbvc_col-md-5&#8243; ca_duration=\u00bb1200&#8243; ca_delay=\u00bb120&#8243; ca_init_translate_x=\u00bb-37&#8243;][vc_separator color=\u00bbcustom\u00bb align=\u00bbalign_left\u00bb el_width=\u00bb10&#8243; accent_color=\u00bb#ddb707&#8243; css=\u00bb.vc_custom_1614811594432{margin-bottom: -10px !important;}\u00bb][ld_fancy_heading tag=\u00bbp\u00bb use_custom_fonts_title=\u00bbtrue\u00bb fs=\u00bb16px\u00bb lh=\u00bb30px\u00bb]<span style=\"font-weight: 400;\">Su funci\u00f3n es importante por el n\u00famero de aplicaciones en el que puede emplearse por los par\u00e1metros que arroja, tales como tensiones, corrientes, consumos de energ\u00eda y potencia, localizaci\u00f3n de arm\u00f3nicos.\u00a0<\/span><\/p>\n<p>[\/ld_fancy_heading][ld_fancy_heading tag=\u00bbp\u00bb use_custom_fonts_title=\u00bbtrue\u00bb fs=\u00bb16px\u00bb lh=\u00bb30px\u00bb]<span style=\"font-weight: 400;\">Los analizadores de redes el\u00e9ctricas pueden utilizarse para todo tipo de sector industrial y empresarial que necesite de energ\u00eda para su operaci\u00f3n.<\/span>[\/ld_fancy_heading][vc_separator color=\u00bbcustom\u00bb align=\u00bbalign_left\u00bb el_width=\u00bb10&#8243; accent_color=\u00bb#ddb707&#8243;][ld_fancy_heading tag=\u00bbp\u00bb use_custom_fonts_title=\u00bbtrue\u00bb fs=\u00bb16px\u00bb lh=\u00bb30px\u00bb]<span style=\"font-weight: 400;\"><a href=\"https:\/\/skygreen.com.mx\/\">Sky Green<\/a> cuenta con analizador de red Metrel MI2892 trif\u00e1sico port\u00e1til, avalado por ANCE, disponible para todo(a) ingeniero(a) que requiera analizar instalaciones el\u00e9ctricas y conocer la calidad y el consumo in situ.<\/span>[\/ld_fancy_heading][vc_separator color=\u00bbcustom\u00bb align=\u00bbalign_left\u00bb el_width=\u00bb10&#8243; accent_color=\u00bb#ddb707&#8243;][ld_fancy_heading tag=\u00bbp\u00bb use_custom_fonts_title=\u00bbtrue\u00bb fs=\u00bb16px\u00bb lh=\u00bb30px\u00bb]<span style=\"font-weight: 400;\">El analizador de redes Metrel cuenta con una gran pantalla gr\u00e1fica a color de f\u00e1cil lectura que le permite al usuario detectar las anomal\u00edas durante la instalaci\u00f3n solo con conectar el dispositivo.\u00a0<\/span>[\/ld_fancy_heading][\/vc_column][vc_column offset=\u00bbvc_col-md-offset-1 vc_col-md-6&#8243;][ld_images_group_container][ld_images_group_element img_size=\u00bb100%\u00bb enable_effects=\u00bbyes\u00bb enable_image_shadow=\u00bbyes\u00bb shadow_style=\u00bb4&#8243; enable_shadow=\u00bbyes\u00bb enable_reveal=\u00bbyes\u00bb image=\u00bb13001&#8243; margin=\u00bbright_large:-110%25&#8243; img_link=\u00bburl:https%3A%2F%2Fwww.metrel.es%2Fassets%2FMetrel%2FPDF_dokumentacija%2FSingle_leaflets%2FMI_2892_Power_Master%2FSpa%2Fsingle2021mi-2892-power-masterspa.pdf\u00bb][\/ld_images_group_element][\/ld_images_group_container][\/vc_column][\/vc_row][vc_row][vc_column align=\u00bbtext-center\u00bb][ld_button style=\u00bbbtn-solid\u00bb title=\u00bbCont\u00e1ctanos\u00bb shape=\u00bbround\u00bb link=\u00bburl:https%3A%2F%2Fapi.whatsapp.com%2Fsend%2F%3Fphone%3D5215534331099%26text%3DHola%252C%2Bestoy%2Binteresado(a)%2Ben%2Balquilar%2Banalizador%2Bde%2Bredes%2BMetrel.%26app_absent%3D0|title:Contacto\u00bb color=\u00bbrgb(221, 183, 7)\u00bb hover_color=\u00bbrgb(94, 133, 46)\u00bb text_color=\u00bbrgb(255, 255, 255)\u00bb][ld_spacer][\/vc_column][\/vc_row]<\/p>\n","protected":false},"excerpt":{"rendered":"<p>[vc_row content_placement=\u00bbmiddle\u00bb parallax=\u00bbenable_parallax\u00bb bg_position=\u00bbcenter center\u00bb bg_attachment=\u00bbfixed\u00bb enable_overlay=\u00bbyes\u00bb css=\u00bb.vc_custom_1656442573956{margin-bottom: 55px !important;padding-top: 480px !important;padding-bottom: 120px !important;background-image: url(https:\/\/skygreen.com.mx\/wp-content\/uploads\/2021\/10\/DSC01677-2.jpg?id=7304) !important;background-position: center;background-repeat: no-repeat !important;background-size: cover !important;}\u00bb overlay_bg=\u00bbrgba(59, 59, 59, 0.46)\u00bb][vc_column enable_content_animation=\u00bbyes\u00bb ca_init_scale_x=\u00bb1&#8243; ca_init_scale_y=\u00bb1&#8243; ca_init_scale_z=\u00bb1&#8243; ca_init_opacity=\u00bb0&#8243; ca_an_scale_x=\u00bb1&#8243; ca_an_scale_y=\u00bb1&#8243; ca_an_scale_z=\u00bb1&#8243; ca_an_opacity=\u00bb1&#8243; offset=\u00bbvc_col-lg-5 vc_col-md-6&#8243; ca_duration=\u00bb1200&#8243; ca_delay=\u00bb180&#8243; ca_init_translate_y=\u00bb40&#8243; ca_init_translate_z=\u00bb-161&#8243; ca_init_rotate_x=\u00bb-80&#8243;][ld_fancy_heading tag=\u00bbh2&#8243; use_custom_fonts_title=\u00bbtrue\u00bb fs=\u00bb36px\u00bb lh=\u00bb1.111em\u00bb color=\u00bbrgb(255, 255, 255)\u00bb]Analizador de redes[\/ld_fancy_heading][ld_spacer height=\u00bb22px\u00bb][ld_fancy_heading tag=\u00bbp\u00bb use_custom_fonts_title=\u00bbtrue\u00bb fs=\u00bb20px\u00bb lh=\u00bb25px\u00bb [&hellip;]<\/p>\n","protected":false},"author":1,"featured_media":0,"parent":0,"menu_order":0,"comment_status":"closed","ping_status":"closed","template":"","meta":{"footnotes":""},"class_list":["post-6557","page","type-page","status-publish","hentry"],"_links":{"self":[{"href":"https:\/\/skygreen.com.mx\/index.php?rest_route=\/wp\/v2\/pages\/6557","targetHints":{"allow":["GET"]}}],"collection":[{"href":"https:\/\/skygreen.com.mx\/index.php?rest_route=\/wp\/v2\/pages"}],"about":[{"href":"https:\/\/skygreen.com.mx\/index.php?rest_route=\/wp\/v2\/types\/page"}],"author":[{"embeddable":true,"href":"https:\/\/skygreen.com.mx\/index.php?rest_route=\/wp\/v2\/users\/1"}],"replies":[{"embeddable":true,"href":"https:\/\/skygreen.com.mx\/index.php?rest_route=%2Fwp%2Fv2%2Fcomments&post=6557"}],"version-history":[{"count":16,"href":"https:\/\/skygreen.com.mx\/index.php?rest_route=\/wp\/v2\/pages\/6557\/revisions"}],"predecessor-version":[{"id":13023,"href":"https:\/\/skygreen.com.mx\/index.php?rest_route=\/wp\/v2\/pages\/6557\/revisions\/13023"}],"wp:attachment":[{"href":"https:\/\/skygreen.com.mx\/index.php?rest_route=%2Fwp%2Fv2%2Fmedia&parent=6557"}],"curies":[{"name":"wp","href":"https:\/\/api.w.org\/{rel}","templated":true}]}}