{"id":6218,"date":"2021-03-11T23:39:32","date_gmt":"2021-03-11T23:39:32","guid":{"rendered":"https:\/\/skygreen.com.mx\/?page_id=6218"},"modified":"2021-03-12T21:55:41","modified_gmt":"2021-03-12T21:55:41","slug":"aire-alta-eficiencia","status":"publish","type":"page","link":"https:\/\/skygreen.com.mx\/?page_id=6218","title":{"rendered":"Climatizaci\u00f3n de alta eficiencia"},"content":{"rendered":"<p>[vc_row parallax=\u00bbenable_parallax\u00bb enable_overlay=\u00bbyes\u00bb css=\u00bb.vc_custom_1615586059515{margin-top: 40px !important;padding-top: 220px !important;padding-bottom: 220px !important;background-image: url(https:\/\/skygreen.com.mx\/wp-content\/uploads\/2021\/03\/Aires&#8211;scaled.jpg?id=6236) !important;background-position: center;background-repeat: no-repeat !important;background-size: cover !important;}\u00bb overlay_bg=\u00bbrgba(0, 0, 0, 0.5)\u00bb][vc_column enable_content_animation=\u00bbyes\u00bb ca_init_scale_x=\u00bb1&#8243; ca_init_scale_y=\u00bb1&#8243; ca_init_scale_z=\u00bb1&#8243; ca_init_opacity=\u00bb0&#8243; ca_an_scale_x=\u00bb1&#8243; ca_an_scale_y=\u00bb1&#8243; ca_an_scale_z=\u00bb1&#8243; ca_an_opacity=\u00bb1&#8243; offset=\u00bbvc_col-lg-5 vc_col-md-6&#8243; ca_duration=\u00bb1200&#8243; ca_delay=\u00bb180&#8243; ca_init_translate_y=\u00bb40&#8243; ca_init_translate_z=\u00bb-161&#8243; ca_init_rotate_x=\u00bb-80&#8243;][ld_fancy_heading tag=\u00bbh2&#8243; use_custom_fonts_title=\u00bbtrue\u00bb fs=\u00bb36px\u00bb lh=\u00bb1.111em\u00bb color=\u00bbrgb(255, 255, 255)\u00bb]<span style=\"font-size: 32px;\">Climatizaci\u00f3n Alta Eficiencia<\/span>[\/ld_fancy_heading][ld_spacer height=\u00bb22px\u00bb][ld_fancy_heading tag=\u00bbp\u00bb use_custom_fonts_title=\u00bbtrue\u00bb fs=\u00bb20px\u00bb lh=\u00bb25px\u00bb color=\u00bbrgb(255, 255, 255)\u00bb margin=\u00bbbottom_all:-50px\u00bb]Los equipos de climatizaci\u00f3n que comercializa, distribuye e instala <strong>Sky Green<\/strong>\u00a0 buscan el m\u00e1ximo ahorro y calidad de aire. Es por ello que nos empe\u00f1amos en diversificar nuestra oferta seg\u00fan las necesidades de\u00a0 cada usuario.[\/ld_fancy_heading][ld_fancy_heading tag=\u00bbp\u00bb use_custom_fonts_title=\u00bbtrue\u00bb fs=\u00bb20px\u00bb lh=\u00bb25px\u00bb color=\u00bbrgb(255, 255, 255)\u00bb highlight_color=\u00bbrgb(255, 255, 255)\u00bb]Entre los sistemas y tipos de instalaci\u00f3n a tu disponibilidad se encuentran:<\/p>\n<ul>\n<li><strong><span style=\"font-size: 18px; color: #ffffff;\">Minisplit Inverter<\/span><\/strong><\/li>\n<li><strong><span style=\"font-size: 18px; color: #ffffff;\">Tecnolog\u00eda VRF<\/span><\/strong><\/li>\n<li><strong><span style=\"font-size: 18px; color: #ffffff;\">Aire Centralizado<\/span><\/strong><\/li>\n<\/ul>\n<p>[\/ld_fancy_heading][ld_spacer height=\u00bb10px\u00bb][ld_button style=\u00bbbtn-solid\u00bb title=\u00bbCont\u00e1ctanos\u00bb transformation=\u00bbtext-uppercase\u00bb shape=\u00bbcircle\u00bb color=\u00bb#ddb707&#8243; fs=\u00bb13px\u00bb lh=\u00bb1.5em\u00bb ls=\u00bb0.1em\u00bb css=\u00bb.vc_custom_1595485002412{padding-right: 1em !important;padding-left: 1em !important;}\u00bb hover_color=\u00bb#5e852e\u00bb link=\u00bburl:https%3A%2F%2Fskygreen.com.mx%2Fcontacto%2F|||\u00bb text_color=\u00bbrgb(255, 255, 255)\u00bb][ld_spacer height=\u00bb10px\u00bb hide=\u00bbvc_hidden-lg\u00bb sm_hide=\u00bbvc_hidden-sm\u00bb md_hide=\u00bbvc_hidden-md\u00bb xs_height=\u00bb12px\u00bb][\/vc_column][\/vc_row][vc_row equal_height=\u00bbyes\u00bb css=\u00bb.vc_custom_1527251816196{padding-top: 80px !important;padding-bottom: 80px !important;}\u00bb][vc_column parallax=\u00bbyes\u00bb width=\u00bb1\/4&#8243; scale_from_x=\u00bb1&#8243; scale_from_y=\u00bb1&#8243; scale_from_z=\u00bb1&#8243; from_opacity=\u00bb1&#8243; scale_to_x=\u00bb1&#8243; scale_to_y=\u00bb1&#8243; scale_to_z=\u00bb1&#8243; to_opacity=\u00bb1&#8243; enable_content_animation=\u00bbyes\u00bb ca_init_scale_x=\u00bb1&#8243; ca_init_scale_y=\u00bb1&#8243; ca_init_scale_z=\u00bb1&#8243; ca_init_opacity=\u00bb0&#8243; ca_an_scale_x=\u00bb1&#8243; ca_an_scale_y=\u00bb1&#8243; ca_an_scale_z=\u00bb1&#8243; ca_an_opacity=\u00bb1&#8243; offset=\u00bbvc_col-md-offset-0 vc_col-md-3&#8243; ca_init_translate_y=\u00bb35&#8243; translate_from_y=\u00bb100&#8243; translate_to_y=\u00bb-169&#8243; ca_init_translate_x=\u00bb0&#8243; ca_duration=\u00bb1200&#8243; ca_delay=\u00bb150&#8243;][vc_icon icon_fontawesome=\u00bbfas fa-wind\u00bb color=\u00bbcustom\u00bb custom_color=\u00bb#ddb707&#8243;][ld_fancy_heading tag=\u00bbh2&#8243; split_type=\u00bbwords\u00bb ca_init_scale_x=\u00bb1&#8243; ca_init_scale_y=\u00bb1&#8243; ca_init_scale_z=\u00bb1&#8243; ca_init_opacity=\u00bb1&#8243; ca_an_scale_x=\u00bb1&#8243; ca_an_scale_y=\u00bb1&#8243; ca_an_scale_z=\u00bb1&#8243; ca_an_opacity=\u00bb1&#8243; use_custom_fonts_title=\u00bbtrue\u00bb enable_split=\u00bbtrue\u00bb fs=\u00bb36px\u00bb lh=\u00bb1.11em\u00bb]Conoce m\u00e1s de cada uno[\/ld_fancy_heading][vc_separator color=\u00bbcustom\u00bb accent_color=\u00bb#ddb707&#8243;][\/vc_column][vc_column width=\u00bb1\/4&#8243;][vc_icon icon_fontawesome=\u00bbfas fa-wind\u00bb color=\u00bbcustom\u00bb custom_color=\u00bb#ddb707&#8243;][ld_fancy_heading tag=\u00bbp\u00bb]<a href=\"https:\/\/skygreen.com.mx\/mini-split-inverter\/\"><strong>Mini Split Inverter<\/strong><\/a><\/p>\n<p>Con este sistema se consigue una independencia clim\u00e1tica en cada espacio atendido, ya que cada unidad interior trabaja de forma independiente de las dem\u00e1s, solicitando la cantidad de refrigerante que necesita, gracias a una v\u00e1lvula de expansi\u00f3n electr\u00f3nica que deja pasar la cantidad justa de refrigerante.[\/ld_fancy_heading][\/vc_column][vc_column width=\u00bb1\/4&#8243;][vc_icon icon_fontawesome=\u00bbfas fa-wind\u00bb color=\u00bbcustom\u00bb custom_color=\u00bb#ddb707&#8243;][ld_fancy_heading tag=\u00bbp\u00bb]<a href=\"https:\/\/skygreen.com.mx\/tecnologia-vrf\/\"><strong>VRF<\/strong><\/a><\/p>\n<p>Con este sistema se consigue una independencia clim\u00e1tica en cada espacio atendido, ya que cada unidad interior trabaja de forma independiente de las dem\u00e1s, solicitando la cantidad de refrigerante que necesita, gracias a una v\u00e1lvula de expansi\u00f3n electr\u00f3nica que deja pasar la cantidad justa de refrigerante.[\/ld_fancy_heading][\/vc_column][vc_column width=\u00bb1\/4&#8243;][vc_icon icon_fontawesome=\u00bbfas fa-wind\u00bb color=\u00bbcustom\u00bb custom_color=\u00bb#ddb707&#8243;][ld_fancy_heading tag=\u00bbp\u00bb]<a href=\"https:\/\/skygreen.com.mx\/aire-centralizado\/\"><strong>Aire centralizado<\/strong><\/a><\/p>\n<p>Los sistemas centralizados permiten grandes distancias entre unidades exteriores e interiores y tambi\u00e9n entre unidades interiores. Por ello son sistemas id\u00f3neos para climatizar edificios en su totalidad y gozar de una centralizaci\u00f3n del aire acondicionado.[\/ld_fancy_heading][\/vc_column][\/vc_row][vc_row][vc_column width=\u00bb1\/6&#8243;][\/vc_column][vc_column width=\u00bb1\/6&#8243;][\/vc_column][vc_column width=\u00bb1\/3&#8243; align=\u00bbtext-center\u00bb bg_position=\u00bbcenter center\u00bb][ld_button style=\u00bbbtn-solid\u00bb title=\u00bbCont\u00e1ctanos\u00bb transformation=\u00bbtext-uppercase\u00bb shape=\u00bbcircle\u00bb color=\u00bb#ddb707&#8243; fs=\u00bb13px\u00bb lh=\u00bb1.5em\u00bb ls=\u00bb0.1em\u00bb css=\u00bb.vc_custom_1595485002412{padding-right: 1em !important;padding-left: 1em !important;}\u00bb hover_color=\u00bb#5e852e\u00bb link=\u00bburl:https%3A%2F%2Fskygreen.com.mx%2Fcontacto%2F|||\u00bb text_color=\u00bbrgb(255, 255, 255)\u00bb][\/vc_column][vc_column width=\u00bb1\/12&#8243;][\/vc_column][vc_column width=\u00bb1\/12&#8243;][\/vc_column][vc_column width=\u00bb1\/6&#8243;][\/vc_column][\/vc_row]<\/p>\n","protected":false},"excerpt":{"rendered":"<p>[vc_row parallax=\u00bbenable_parallax\u00bb enable_overlay=\u00bbyes\u00bb css=\u00bb.vc_custom_1615586059515{margin-top: 40px !important;padding-top: 220px !important;padding-bottom: 220px !important;background-image: url(https:\/\/skygreen.com.mx\/wp-content\/uploads\/2021\/03\/Aires&#8211;scaled.jpg?id=6236) !important;background-position: center;background-repeat: no-repeat !important;background-size: cover !important;}\u00bb overlay_bg=\u00bbrgba(0, 0, 0, 0.5)\u00bb][vc_column enable_content_animation=\u00bbyes\u00bb ca_init_scale_x=\u00bb1&#8243; ca_init_scale_y=\u00bb1&#8243; ca_init_scale_z=\u00bb1&#8243; ca_init_opacity=\u00bb0&#8243; ca_an_scale_x=\u00bb1&#8243; ca_an_scale_y=\u00bb1&#8243; ca_an_scale_z=\u00bb1&#8243; ca_an_opacity=\u00bb1&#8243; offset=\u00bbvc_col-lg-5 vc_col-md-6&#8243; ca_duration=\u00bb1200&#8243; ca_delay=\u00bb180&#8243; ca_init_translate_y=\u00bb40&#8243; ca_init_translate_z=\u00bb-161&#8243; ca_init_rotate_x=\u00bb-80&#8243;][ld_fancy_heading tag=\u00bbh2&#8243; use_custom_fonts_title=\u00bbtrue\u00bb fs=\u00bb36px\u00bb lh=\u00bb1.111em\u00bb color=\u00bbrgb(255, 255, 255)\u00bb]Climatizaci\u00f3n Alta Eficiencia[\/ld_fancy_heading][ld_spacer height=\u00bb22px\u00bb][ld_fancy_heading tag=\u00bbp\u00bb use_custom_fonts_title=\u00bbtrue\u00bb fs=\u00bb20px\u00bb lh=\u00bb25px\u00bb color=\u00bbrgb(255, 255, 255)\u00bb margin=\u00bbbottom_all:-50px\u00bb]Los [&hellip;]<\/p>\n","protected":false},"author":1,"featured_media":0,"parent":0,"menu_order":0,"comment_status":"closed","ping_status":"closed","template":"","meta":{"footnotes":""},"class_list":["post-6218","page","type-page","status-publish","hentry"],"_links":{"self":[{"href":"https:\/\/skygreen.com.mx\/index.php?rest_route=\/wp\/v2\/pages\/6218","targetHints":{"allow":["GET"]}}],"collection":[{"href":"https:\/\/skygreen.com.mx\/index.php?rest_route=\/wp\/v2\/pages"}],"about":[{"href":"https:\/\/skygreen.com.mx\/index.php?rest_route=\/wp\/v2\/types\/page"}],"author":[{"embeddable":true,"href":"https:\/\/skygreen.com.mx\/index.php?rest_route=\/wp\/v2\/users\/1"}],"replies":[{"embeddable":true,"href":"https:\/\/skygreen.com.mx\/index.php?rest_route=%2Fwp%2Fv2%2Fcomments&post=6218"}],"version-history":[{"count":4,"href":"https:\/\/skygreen.com.mx\/index.php?rest_route=\/wp\/v2\/pages\/6218\/revisions"}],"predecessor-version":[{"id":6385,"href":"https:\/\/skygreen.com.mx\/index.php?rest_route=\/wp\/v2\/pages\/6218\/revisions\/6385"}],"wp:attachment":[{"href":"https:\/\/skygreen.com.mx\/index.php?rest_route=%2Fwp%2Fv2%2Fmedia&parent=6218"}],"curies":[{"name":"wp","href":"https:\/\/api.w.org\/{rel}","templated":true}]}}