{"id":6045,"date":"2020-08-31T15:09:05","date_gmt":"2020-08-31T15:09:05","guid":{"rendered":"https:\/\/skygreen.com.mx\/?page_id=6045"},"modified":"2021-02-23T01:07:50","modified_gmt":"2021-02-23T01:07:50","slug":"verificaciones-de-instalaciones","status":"publish","type":"page","link":"https:\/\/skygreen.com.mx\/?page_id=6045","title":{"rendered":"Verificaciones de instalaciones"},"content":{"rendered":"<p>[vc_row][vc_column][ld_spacer height=\u00bb50px\u00bb][ld_fancy_heading tag=\u00bbh2&#8243; alignment=\u00bbtext-center\u00bb split_type=\u00bbwords\u00bb ca_init_scale_x=\u00bb1&#8243; ca_init_scale_y=\u00bb1&#8243; ca_init_scale_z=\u00bb1&#8243; ca_init_opacity=\u00bb1&#8243; ca_an_scale_x=\u00bb1&#8243; ca_an_scale_y=\u00bb1&#8243; ca_an_scale_z=\u00bb1&#8243; ca_an_opacity=\u00bb1&#8243; use_custom_fonts_title=\u00bbtrue\u00bb enable_split=\u00bbtrue\u00bb fs=\u00bb36px\u00bb lh=\u00bb1.11em\u00bb color=\u00bbrgb(221, 183, 7)\u00bb]<\/p>\n<p style=\"text-align: center;\">Verificaciones de Instalaciones e Inspecciones (UVIEs)<\/p>\n<p>[\/ld_fancy_heading][vc_separator color=\u00bbcustom\u00bb accent_color=\u00bb#ddb707&#8243;][ld_fancy_heading tag=\u00bbp\u00bb use_custom_fonts_title=\u00bbtrue\u00bb fs=\u00bb16px\u00bb lh=\u00bb1.78em\u00bb margin=\u00bbbottom_small:1em\u00bb ls=\u00bb0.01em\u00bb color=\u00bbrgb(221, 183, 7)\u00bb]<\/p>\n<div id=\"qx-text-365837\" class=\"qx-element qx-element-text \">\n<h4>Certificaciones de Instalaciones y peritajes El\u00e9ctricos<\/h4>\n<\/div>\n<p>[\/ld_fancy_heading][ld_fancy_heading tag=\u00bbp\u00bb use_custom_fonts_title=\u00bbtrue\u00bb fs=\u00bb16px\u00bb lh=\u00bb1.78em\u00bb margin=\u00bbbottom_small:1em\u00bb ls=\u00bb0.01em\u00bb]<\/p>\n<div id=\"qx-text-365837\" class=\"qx-element qx-element-text \">\n<p>Es importante garantizar la calidad de recepci\u00f3n y suministro energ\u00e9tico a trav\u00e9s de unidades certificadas ante la CFE, que verifique el <strong>grado de cumplimiento de NOM 001-SEDE-2005<\/strong>, as\u00ed como los requerimientos t\u00e9cnicos exigidos por la <strong>ley de la industria el\u00e9ctrica (ILE). <\/strong><\/p>\n<p>La responsabilidad de las <strong>UVIEs<\/strong> (Unidad de verificaci\u00f3n e inspecci\u00f3n de instalaciones el\u00e9ctricas) es verificar a trav\u00e9s de la inspecci\u00f3n visual, comprobaci\u00f3n y\/o examinaci\u00f3n de documentos oficiales la validaci\u00f3n en instalaciones el\u00e9ctricas. El objetivo es garantizar la seguridad de las instalaciones el\u00e9ctricas, para lo cual la Unidad otorga un dictamen de verificaci\u00f3n, documento indispensable para efectuar un contrato de servicio de energ\u00eda el\u00e9ctrica con CFE.<\/p>\n<\/div>\n<p>[\/ld_fancy_heading][ld_spacer height=\u00bb30px\u00bb][\/vc_column][\/vc_row][vc_row][vc_column width=\u00bb1\/2&#8243;][vc_single_image image=\u00bb6167&#8243; img_size=\u00bblarge\u00bb alignment=\u00bbcenter\u00bb][\/vc_column][vc_column width=\u00bb1\/2&#8243;][vc_single_image image=\u00bb6169&#8243; img_size=\u00bblarge\u00bb alignment=\u00bbcenter\u00bb][\/vc_column][\/vc_row][vc_row][vc_column width=\u00bb1\/2&#8243;][vc_single_image image=\u00bb6170&#8243; img_size=\u00bblarge\u00bb alignment=\u00bbcenter\u00bb css=\u00bb.vc_custom_1614033021495{margin-top: -230px !important;}\u00bb][\/vc_column][vc_column width=\u00bb1\/2&#8243;][\/vc_column][\/vc_row][vc_row][vc_column align=\u00bbtext-center\u00bb][ld_spacer height=\u00bb80px\u00bb][ld_button style=\u00bbbtn-solid\u00bb title=\u00bbCont\u00e1ctanos\u00bb shape=\u00bbround\u00bb link=\u00bburl:https%3A%2F%2Fskygreen.com.mx%2Fcontacto%2F|||\u00bb color=\u00bbrgb(221, 183, 7)\u00bb hover_color=\u00bbrgb(94, 133, 46)\u00bb][ld_spacer height=\u00bb80px\u00bb][\/vc_column][\/vc_row]<\/p>\n","protected":false},"excerpt":{"rendered":"<p>[vc_row][vc_column][ld_spacer height=\u00bb50px\u00bb][ld_fancy_heading tag=\u00bbh2&#8243; alignment=\u00bbtext-center\u00bb split_type=\u00bbwords\u00bb ca_init_scale_x=\u00bb1&#8243; ca_init_scale_y=\u00bb1&#8243; ca_init_scale_z=\u00bb1&#8243; ca_init_opacity=\u00bb1&#8243; ca_an_scale_x=\u00bb1&#8243; ca_an_scale_y=\u00bb1&#8243; ca_an_scale_z=\u00bb1&#8243; ca_an_opacity=\u00bb1&#8243; use_custom_fonts_title=\u00bbtrue\u00bb enable_split=\u00bbtrue\u00bb fs=\u00bb36px\u00bb lh=\u00bb1.11em\u00bb color=\u00bbrgb(221, 183, 7)\u00bb] Verificaciones de Instalaciones e Inspecciones (UVIEs) [\/ld_fancy_heading][vc_separator color=\u00bbcustom\u00bb accent_color=\u00bb#ddb707&#8243;][ld_fancy_heading tag=\u00bbp\u00bb use_custom_fonts_title=\u00bbtrue\u00bb fs=\u00bb16px\u00bb lh=\u00bb1.78em\u00bb margin=\u00bbbottom_small:1em\u00bb ls=\u00bb0.01em\u00bb color=\u00bbrgb(221, 183, 7)\u00bb] Certificaciones de Instalaciones y peritajes El\u00e9ctricos [\/ld_fancy_heading][ld_fancy_heading tag=\u00bbp\u00bb use_custom_fonts_title=\u00bbtrue\u00bb fs=\u00bb16px\u00bb lh=\u00bb1.78em\u00bb margin=\u00bbbottom_small:1em\u00bb ls=\u00bb0.01em\u00bb] Es importante garantizar la [&hellip;]<\/p>\n","protected":false},"author":1,"featured_media":0,"parent":0,"menu_order":0,"comment_status":"closed","ping_status":"closed","template":"","meta":{"footnotes":""},"class_list":["post-6045","page","type-page","status-publish","hentry"],"_links":{"self":[{"href":"https:\/\/skygreen.com.mx\/index.php?rest_route=\/wp\/v2\/pages\/6045","targetHints":{"allow":["GET"]}}],"collection":[{"href":"https:\/\/skygreen.com.mx\/index.php?rest_route=\/wp\/v2\/pages"}],"about":[{"href":"https:\/\/skygreen.com.mx\/index.php?rest_route=\/wp\/v2\/types\/page"}],"author":[{"embeddable":true,"href":"https:\/\/skygreen.com.mx\/index.php?rest_route=\/wp\/v2\/users\/1"}],"replies":[{"embeddable":true,"href":"https:\/\/skygreen.com.mx\/index.php?rest_route=%2Fwp%2Fv2%2Fcomments&post=6045"}],"version-history":[{"count":12,"href":"https:\/\/skygreen.com.mx\/index.php?rest_route=\/wp\/v2\/pages\/6045\/revisions"}],"predecessor-version":[{"id":6184,"href":"https:\/\/skygreen.com.mx\/index.php?rest_route=\/wp\/v2\/pages\/6045\/revisions\/6184"}],"wp:attachment":[{"href":"https:\/\/skygreen.com.mx\/index.php?rest_route=%2Fwp%2Fv2%2Fmedia&parent=6045"}],"curies":[{"name":"wp","href":"https:\/\/api.w.org\/{rel}","templated":true}]}}