{"id":6038,"date":"2020-08-29T00:07:15","date_gmt":"2020-08-29T00:07:15","guid":{"rendered":"https:\/\/skygreen.com.mx\/?page_id=6038"},"modified":"2022-10-05T16:50:48","modified_gmt":"2022-10-05T16:50:48","slug":"proyectos-electricos-especializados","status":"publish","type":"page","link":"https:\/\/skygreen.com.mx\/?page_id=6038","title":{"rendered":"Proyectos el\u00e9ctricos especializados"},"content":{"rendered":"<p>[rev_slider alias=\u00bbslide-para-diagnsotico-diseno-sumiunistro-e-instalacion-1&#8243; slidertitle=\u00bbSlide para proyectos el\u00e9ctricos\u00bb][\/rev_slider]<\/p>\n<h2>Conoce los proyectos el\u00e9ctricos especializados de nuestra oferta<\/h2>\n<h3>Instalaciones el\u00e9ctricas de media y baja tensi\u00f3n bajo normas vigentes<\/h3>\n<p><a href=\"https:\/\/api.whatsapp.com\/send\/?phone=5215534331099&amp;text=Hola%2C+quisiera+m%C3%A1s+informaci%C3%B3n+sobre+instalaciones+de+baja+y+media+tensi%C3%B3n&amp;app_absent=0\">Planeaci\u00f3n,&nbsp;instalaci\u00f3n&nbsp;y mantenimiento con base a la NOM-SEDE-001 2012.<\/a><\/p>\n<p>Media tensi\u00f3n: <strong>Tensiones mayores de 1 kV y menores de 25 kV,<\/strong> destinado a la industrias y edificios multinivel como hoteles, oficinas, plazas, entre otros.<\/p>\n<p>Baja tensi\u00f3n: <strong>Tensiones menores a 1 kV<\/strong> para peque\u00f1os negocios, locales y casas.<\/p>\n<p><svg xmlns=\"http:\/\/www.w3.org\/2000\/svg\" viewBox=\"0 0 188.43 161.19\"><defs><\/defs><\/svg><\/p>\n<style>.cls-1{fill:#fff;}<\/style>\n<p><title>Recurso 2<\/title><g id=\"Capa_2\" data-name=\"Capa 2\"><g id=\"Capa_1-2\" data-name=\"Capa 1\"><path d=\"M0,113l.21,4.88h188l.17-4.81H97V0H91.44V113Zm25.74,22.63v4h137l0-4Zm32.77,21.88.13,3.64H130l-.18-3.64Z\"><\/path><path d=\"M0,113H91.44V0H97V113.11h91.4l-.17,4.81H.21Z\"><\/path><path d=\"M25.74,135.67h137l0,4h-137Z\"><\/path><path d=\"M58.51,157.55h71.33l.18,3.64H58.64Z\"><\/path><\/g><\/g><\/p>\n<h3>Dise\u00f1o e instalaci\u00f3n de sistemas a tierra Sistemas de protecci\u00f3n contra descargas el\u00e9ctricas atmosf\u00e9ricas y fugas<\/h3>\n<p style=\"text-align: center;\"><a href=\"https:\/\/api.whatsapp.com\/send\/?phone=5215534331099&amp;text=Hola%2C+quisiera+m%C3%A1s+informaci%C3%B3n+sobre+instalaciones+de+sistenas+a+tierra&amp;app_absent=0\">Planeaci\u00f3n,&nbsp;instalaci\u00f3n&nbsp;y mantenimiento con base a la NOM-SEDE-001 2012, 250-4.&nbsp;<\/a><\/p>\n<h3>Dise\u00f1o e instalaci\u00f3n de pararrayos<\/h3>\n<p style=\"text-align: center;\"><a href=\"https:\/\/api.whatsapp.com\/send\/?phone=5215534331099&amp;text=Hola%2C+quisiera+m%C3%A1s+informaci%C3%B3n+sobre+pararrayos.&amp;app_absent=0\">Planeaci\u00f3n,&nbsp;instalaci\u00f3n&nbsp;y mantenimiento con base a la NOM-SEDE-001 2012.<\/a><\/p>\n<h3>Estudio Arc Flash<\/h3>\n<p><a href=\"https:\/\/api.whatsapp.com\/send\/?phone=5215534331099&amp;text=Hola%2C+quisiera+m%C3%A1s+informaci%C3%B3n+sobre+el+estudio+arc+flash.&amp;app_absent=0\">Revisi\u00f3n y colocaci\u00f3n de medidas de seguridad para prevenir arcos el\u00e9ctricos marcadas en la NOM-001-SEDE<\/a><\/p>\n<h3>Estudio de coordinaci\u00f3n de protecciones<\/h3>\n<p><a href=\"https:\/\/api.whatsapp.com\/send\/?phone=5215534331099&amp;text=Hola%2C+quisiera+m%C3%A1s+informaci%C3%B3n+sobre+el+estudio+de+coordinaci%C3%B3n+de+protecciones.&amp;app_absent=0\">Determinar los ajustes de los dispositivos de protecci\u00f3n para su correcta operaci\u00f3n ante cualquier perturbaci\u00f3n en el sistema el\u00e9ctrico<\/a><\/p>\n<h3> Estudio de corto circuito<\/h3>\n<p><a href=\"https:\/\/api.whatsapp.com\/send\/?phone=5215534331099&amp;text=Hola%2C+quisiera+m%C3%A1s+informaci%C3%B3n+sobre+el+estudio+de+corto+circuito.&amp;app_absent=0\">Una instalaci\u00f3n con altos niveles de corto circuito pueden comprometer la seguridad de un lugar.<\/a><\/p>\n<p><a href=\"https:\/\/api.whatsapp.com\/send\/?phone=5215534331099&amp;text=Hola%2C+quisiera+m%C3%A1s+informaci%C3%B3n+sobre+el+estudio+de+corto+circuito.&amp;app_absent=0\">En este estudio, que forma parte de los proyectos el\u00e9ctricos especializados, se miden los valores de potencia y corriente de Corto Circuito en todo el sistema; adem\u00e1s, se revisan las capacidades interruptivas de los equipos de desconexi\u00f3n.<\/a><\/p>\n<h3>Elaboraci\u00f3n y\/o actualizaci\u00f3n de diagrama unifilar<\/h3>\n<p><a href=\"https:\/\/api.whatsapp.com\/send\/?phone=5215534331099&amp;text=Hola%2C+quisiera+m%C3%A1s+informaci%C3%B3n+de+diagramas+unifilares.&amp;app_absent=0\">Levantamiento y\/o actualizaci\u00f3n de diagrama unifilar; muestra gr\u00e1fica contenida de todo el sistema: suministro, circuitos, transformadores, tableros, cargas e interruptores<\/a><\/p>\n<p><a href=\"\"><br \/>\n<img decoding=\"async\" width=\"740\" height=\"460\" src=\"https:\/\/skygreen.com.mx\/wp-content\/uploads\/2021\/10\/umicore-online-assessment-1-740x460.jpg\" alt=\"proyectos el\u00e9ctricos especializados\" loading=\"lazy\" srcset=\"https:\/\/skygreen.com.mx\/wp-content\/uploads\/2021\/10\/umicore-online-assessment-1-740x460.jpg 740w, https:\/\/skygreen.com.mx\/wp-content\/uploads\/2021\/10\/umicore-online-assessment-1-388x240.jpg 388w\" sizes=\"auto, (max-width: 740px) 100vw, 740px\">\t\t\t\t\t\t\t\t<\/a><br \/>\n<a href=\"https:\/\/bit.ly\/contactanosSkyGreen\" data-text=\"Cotiza ya\"><br \/>\nSolicita tu cotizaci\u00f3n<br \/>\n<\/a><\/p>\n","protected":false},"excerpt":{"rendered":"<p>[rev_slider alias=\u00bbslide-para-diagnsotico-diseno-sumiunistro-e-instalacion-1&#8243; slidertitle=\u00bbSlide para proyectos el\u00e9ctricos\u00bb][\/rev_slider] Conoce los proyectos el\u00e9ctricos especializados de nuestra oferta Instalaciones el\u00e9ctricas de media y baja tensi\u00f3n bajo normas vigentes Planeaci\u00f3n,&nbsp;instalaci\u00f3n&nbsp;y mantenimiento con base a la NOM-SEDE-001 2012. Media tensi\u00f3n: Tensiones mayores de 1 kV y menores de 25 kV, destinado a la industrias y edificios multinivel como hoteles, oficinas, plazas, [&hellip;]<\/p>\n","protected":false},"author":1,"featured_media":7295,"parent":0,"menu_order":0,"comment_status":"closed","ping_status":"closed","template":"","meta":{"footnotes":""},"class_list":["post-6038","page","type-page","status-publish","has-post-thumbnail","hentry"],"_links":{"self":[{"href":"https:\/\/skygreen.com.mx\/index.php?rest_route=\/wp\/v2\/pages\/6038","targetHints":{"allow":["GET"]}}],"collection":[{"href":"https:\/\/skygreen.com.mx\/index.php?rest_route=\/wp\/v2\/pages"}],"about":[{"href":"https:\/\/skygreen.com.mx\/index.php?rest_route=\/wp\/v2\/types\/page"}],"author":[{"embeddable":true,"href":"https:\/\/skygreen.com.mx\/index.php?rest_route=\/wp\/v2\/users\/1"}],"replies":[{"embeddable":true,"href":"https:\/\/skygreen.com.mx\/index.php?rest_route=%2Fwp%2Fv2%2Fcomments&post=6038"}],"version-history":[{"count":65,"href":"https:\/\/skygreen.com.mx\/index.php?rest_route=\/wp\/v2\/pages\/6038\/revisions"}],"predecessor-version":[{"id":16422,"href":"https:\/\/skygreen.com.mx\/index.php?rest_route=\/wp\/v2\/pages\/6038\/revisions\/16422"}],"wp:featuredmedia":[{"embeddable":true,"href":"https:\/\/skygreen.com.mx\/index.php?rest_route=\/wp\/v2\/media\/7295"}],"wp:attachment":[{"href":"https:\/\/skygreen.com.mx\/index.php?rest_route=%2Fwp%2Fv2%2Fmedia&parent=6038"}],"curies":[{"name":"wp","href":"https:\/\/api.w.org\/{rel}","templated":true}]}}