{"id":6030,"date":"2020-08-28T23:53:15","date_gmt":"2020-08-28T23:53:15","guid":{"rendered":"https:\/\/skygreen.com.mx\/?page_id=6030"},"modified":"2022-07-04T15:44:45","modified_gmt":"2022-07-04T15:44:45","slug":"financiamiento-fide-proyectos-para-ahorro","status":"publish","type":"page","link":"https:\/\/skygreen.com.mx\/?page_id=6030","title":{"rendered":"Financiamiento FIDE"},"content":{"rendered":"<p>[vc_row][vc_column][ld_spacer height=\u00bb30px\u00bb][ld_fancy_heading tag=\u00bbh2&#8243; alignment=\u00bbtext-center\u00bb split_type=\u00bbwords\u00bb ca_init_scale_x=\u00bb1&#8243; ca_init_scale_y=\u00bb1&#8243; ca_init_scale_z=\u00bb1&#8243; ca_init_opacity=\u00bb1&#8243; ca_an_scale_x=\u00bb1&#8243; ca_an_scale_y=\u00bb1&#8243; ca_an_scale_z=\u00bb1&#8243; ca_an_opacity=\u00bb1&#8243; use_custom_fonts_title=\u00bbtrue\u00bb enable_split=\u00bbtrue\u00bb fs=\u00bb36px\u00bb lh=\u00bb1.11em\u00bb color=\u00bbrgb(221, 183, 7)\u00bb]<strong>Financiamiento FIDE, proyectos para el ahorro<\/strong>[\/ld_fancy_heading][vc_separator color=\u00bbcustom\u00bb accent_color=\u00bb#ddb707&#8243;][ld_fancy_heading tag=\u00bbp\u00bb use_custom_fonts_title=\u00bbtrue\u00bb fs=\u00bb16px\u00bb lh=\u00bb1.78em\u00bb margin=\u00bbbottom_small:1em\u00bb ls=\u00bb0.01em\u00bb]<\/p>\n<div id=\"qx-text-365837\" class=\"qx-element qx-element-text \">\n<p><span style=\"font-size: 21px;\"><a href=\"https:\/\/www.fide.org.mx\/?page_id=24175\">Sky Green junto con FIDE<\/a> hacen posible el financiamiento de proyectos que permitan la vinculaci\u00f3n de innovaci\u00f3n tecnol\u00f3gica y el ahorro en el consumo energ\u00e9tico.<\/span><\/p>\n<\/div>\n<p>[\/ld_fancy_heading][ld_fancy_heading tag=\u00bbp\u00bb use_custom_fonts_title=\u00bbtrue\u00bb fs=\u00bb16px\u00bb lh=\u00bb1.78em\u00bb margin=\u00bbbottom_small:1em\u00bb ls=\u00bb0.01em\u00bb]<\/p>\n<div id=\"qx-text-365837\" class=\"qx-element qx-element-text \">\n<p><span style=\"font-size: 21px;\">Para poder hacer efectivo el programa de financiamiento, <a href=\"https:\/\/www.fide.org.mx\/?page_id=14782\">FIDE<\/a> pide condiciones t\u00e9cnicas y documentales; Sky Green al ser intermediario te acompa\u00f1a en todo el proceso.\u00a0<\/span><\/p>\n<p>.<\/p>\n<\/div>\n<p>[\/ld_fancy_heading][ld_fancy_heading tag=\u00bbh2&#8243; use_custom_fonts_title=\u00bbtrue\u00bb fs=\u00bb16px\u00bb lh=\u00bb1.78em\u00bb margin=\u00bbbottom_small:1em\u00bb ls=\u00bb0.01em\u00bb]<\/p>\n<div id=\"qx-text-365837\" class=\"qx-element qx-element-text \">\n<p><span style=\"font-size: 21px;\">Es tu oportunidad para cambiar bancos de capacitores, filtros arm\u00f3nicos, <a href=\"https:\/\/skygreen.com.mx\/mini-split-inverter\/\">aires acondicionados<\/a> y <a href=\"https:\/\/skygreen.com.mx\/producto\/panel-solar-450w\/\">paneles solares<\/a><\/span><\/p>\n<p>&nbsp;<\/p>\n<\/div>\n<p>[\/ld_fancy_heading][ld_spacer height=\u00bb80px\u00bb][\/vc_column][\/vc_row][vc_row][vc_column width=\u00bb1\/4&#8243;][vc_single_image image=\u00bb6179&#8243; img_size=\u00bbfull\u00bb alignment=\u00bbcenter\u00bb][\/vc_column][vc_column width=\u00bb1\/4&#8243;][vc_single_image image=\u00bb6178&#8243; img_size=\u00bblarge\u00bb alignment=\u00bbcenter\u00bb css=\u00bb.vc_custom_1656617098941{margin-right: -10px !important;margin-left: 20px !important;}\u00bb][\/vc_column][vc_column width=\u00bb1\/4&#8243;][vc_single_image image=\u00bb6177&#8243; img_size=\u00bblarge\u00bb alignment=\u00bbcenter\u00bb css=\u00bb.vc_custom_1656616818954{margin-right: -10px !important;margin-left: -10px !important;}\u00bb][\/vc_column][vc_column width=\u00bb1\/4&#8243;][vc_single_image image=\u00bb6176&#8243; img_size=\u00bblarge\u00bb alignment=\u00bbcenter\u00bb css=\u00bb.vc_custom_1656701385747{margin-right: -10px !important;margin-left: -10px !important;}\u00bb][\/vc_column][\/vc_row][vc_row css=\u00bb.vc_custom_1542877792862{padding-top: 100px !important;padding-bottom: 50px !important;}\u00bb][vc_column enable_content_animation=\u00bbyes\u00bb ca_init_scale_x=\u00bb1&#8243; ca_init_scale_y=\u00bb1&#8243; ca_init_scale_z=\u00bb1&#8243; ca_init_opacity=\u00bb0&#8243; ca_an_scale_x=\u00bb1&#8243; ca_an_scale_y=\u00bb1&#8243; ca_an_scale_z=\u00bb1&#8243; ca_an_opacity=\u00bb1&#8243; align=\u00bbtext-center\u00bb offset=\u00bbvc_col-md-offset-3 vc_col-md-6&#8243; ca_init_translate_y=\u00bb33&#8243;][ld_fancy_heading tag=\u00bbh2&#8243; use_custom_fonts_title=\u00bbtrue\u00bb fs=\u00bb44px\u00bb color=\u00bbrgb(61, 53, 110)\u00bb]Conoce los beneficios[\/ld_fancy_heading][ld_spacer height=\u00bb15px\u00bb][\/vc_column][vc_column enable_content_animation=\u00bbyes\u00bb ca_init_scale_x=\u00bb1&#8243; ca_init_scale_y=\u00bb1&#8243; ca_init_scale_z=\u00bb1&#8243; ca_init_opacity=\u00bb0&#8243; ca_an_scale_x=\u00bb1&#8243; ca_an_scale_y=\u00bb1&#8243; ca_an_scale_z=\u00bb1&#8243; ca_an_opacity=\u00bb1&#8243; css=\u00bb.vc_custom_1540575372460{padding-top: 55px !important;padding-bottom: 40px !important;border-radius: 5px !important;}\u00bb offset=\u00bbvc_col-md-offset-2 vc_col-md-8&#8243; ca_duration=\u00bb1200&#8243; ca_delay=\u00bb150&#8243; ca_init_translate_y=\u00bb35&#8243; ca_init_translate_z=\u00bb-147&#8243; ca_init_rotate_x=\u00bb-66&#8243;][vc_accordion borders=\u00bbaccordion-body-underlined\u00bb use_custom_fonts_title=\u00bbtrue\u00bb heading_color=\u00bbrgb(0, 0, 0)\u00bb active_heading_color=\u00bbrgb(0, 0, 0)\u00bb fs=\u00bb19px\u00bb lh=\u00bb1.5em\u00bb][vc_accordion_tab title=\u00bbCambia equipos obsoletos por nueva tecnolog\u00eda\u00bb tab_id=\u00bb1656947550648-4bb5ccff-28b1&#8243;][\/vc_accordion_tab][vc_accordion_tab title=\u00bbObt\u00e9n tecnolog\u00eda de alta eficiencia que contribuya a disminuir tu facturaci\u00f3n de luz\u00bb tab_id=\u00bb1656947550650-f63bd362-b1b6&#8243;][\/vc_accordion_tab][vc_accordion_tab title=\u00bbPuedes obtener tecnolog\u00eda para tu propia generaci\u00f3n energ\u00e9tica\u00bb tab_id=\u00bb1656947550651-9ba467aa-b2ee\u00bb][\/vc_accordion_tab][vc_accordion_tab title=\u00bbTasa de Inter\u00e9s preferencial\u00bb tab_id=\u00bb1656947550653-c4024a9a-8054&#8243;][\/vc_accordion_tab][vc_accordion_tab title=\u00bbObt\u00e9n descuentos del 13% en caso de sustituci\u00f3n de electrodom\u00e9sticos, y 14% para Sistemas Solares\u00bb tab_id=\u00bbld-1656701144082-29f540b2-d7be\u00bb][\/vc_accordion_tab][vc_accordion_tab title=\u00bbTecnolog\u00eda a cambiar\u00bb tab_id=\u00bb1656701478032-4ab78a31-2bd9&#8243;][vc_column_text]<\/p>\n<ul>\n<li>Aires acondicionados<\/li>\n<li>bancos de capacitores con y sin filtro de arm\u00f3nicos<\/li>\n<li>Subestaciones el\u00e9ctricas<\/li>\n<li>Aislamiento t\u00e9rmico<\/li>\n<li>Sistemas y<a href=\"https:\/\/skygreen.com.mx\/producto\/panel-solar-450w\/\"> paneles solares<\/a><\/li>\n<\/ul>\n<p>[\/vc_column_text][\/vc_accordion_tab][\/vc_accordion][\/vc_column][\/vc_row][vc_row][vc_column][ld_spacer height=\u00bb80px\u00bb][ld_fancy_heading tag=\u00bbh5&#8243; use_custom_fonts_title=\u00bbtrue\u00bb fs=\u00bb16px\u00bb lh=\u00bb1.78em\u00bb margin=\u00bbbottom_small:1em\u00bb ls=\u00bb0.01em\u00bb]<span style=\"font-size: 21px;\">Esta es tu oportunidad para hacer m\u00e1s competitivo tu negocio, y ahorrar dr\u00e1sticamente en tu consumo energ\u00e9tico. Este programa es ideal si cuentas con una micro, peque\u00f1a o mediana empresa.<\/span>[\/ld_fancy_heading][ld_spacer height=\u00bb80px\u00bb][ld_button style=\u00bbbtn-solid\u00bb title=\u00bbCont\u00e1ctanos\u00bb shape=\u00bbround\u00bb link=\u00bburl:https%3A%2F%2Fskygreen.com.mx%2Fcontacto%2F|title:Contacto||\u00bb color=\u00bbrgb(221, 183, 7)\u00bb hover_color=\u00bbrgb(94, 133, 46)\u00bb][ld_spacer height=\u00bb80px\u00bb][\/vc_column][\/vc_row]<\/p>\n","protected":false},"excerpt":{"rendered":"<p>[vc_row][vc_column][ld_spacer height=\u00bb30px\u00bb][ld_fancy_heading tag=\u00bbh2&#8243; alignment=\u00bbtext-center\u00bb split_type=\u00bbwords\u00bb ca_init_scale_x=\u00bb1&#8243; ca_init_scale_y=\u00bb1&#8243; ca_init_scale_z=\u00bb1&#8243; ca_init_opacity=\u00bb1&#8243; ca_an_scale_x=\u00bb1&#8243; ca_an_scale_y=\u00bb1&#8243; ca_an_scale_z=\u00bb1&#8243; ca_an_opacity=\u00bb1&#8243; use_custom_fonts_title=\u00bbtrue\u00bb enable_split=\u00bbtrue\u00bb fs=\u00bb36px\u00bb lh=\u00bb1.11em\u00bb color=\u00bbrgb(221, 183, 7)\u00bb]Financiamiento FIDE, proyectos para el ahorro[\/ld_fancy_heading][vc_separator color=\u00bbcustom\u00bb accent_color=\u00bb#ddb707&#8243;][ld_fancy_heading tag=\u00bbp\u00bb use_custom_fonts_title=\u00bbtrue\u00bb fs=\u00bb16px\u00bb lh=\u00bb1.78em\u00bb margin=\u00bbbottom_small:1em\u00bb ls=\u00bb0.01em\u00bb] Sky Green junto con FIDE hacen posible el financiamiento de proyectos que permitan la vinculaci\u00f3n de innovaci\u00f3n tecnol\u00f3gica y el ahorro en [&hellip;]<\/p>\n","protected":false},"author":1,"featured_media":6179,"parent":0,"menu_order":0,"comment_status":"closed","ping_status":"closed","template":"","meta":{"footnotes":""},"class_list":["post-6030","page","type-page","status-publish","has-post-thumbnail","hentry"],"_links":{"self":[{"href":"https:\/\/skygreen.com.mx\/index.php?rest_route=\/wp\/v2\/pages\/6030","targetHints":{"allow":["GET"]}}],"collection":[{"href":"https:\/\/skygreen.com.mx\/index.php?rest_route=\/wp\/v2\/pages"}],"about":[{"href":"https:\/\/skygreen.com.mx\/index.php?rest_route=\/wp\/v2\/types\/page"}],"author":[{"embeddable":true,"href":"https:\/\/skygreen.com.mx\/index.php?rest_route=\/wp\/v2\/users\/1"}],"replies":[{"embeddable":true,"href":"https:\/\/skygreen.com.mx\/index.php?rest_route=%2Fwp%2Fv2%2Fcomments&post=6030"}],"version-history":[{"count":24,"href":"https:\/\/skygreen.com.mx\/index.php?rest_route=\/wp\/v2\/pages\/6030\/revisions"}],"predecessor-version":[{"id":14090,"href":"https:\/\/skygreen.com.mx\/index.php?rest_route=\/wp\/v2\/pages\/6030\/revisions\/14090"}],"wp:featuredmedia":[{"embeddable":true,"href":"https:\/\/skygreen.com.mx\/index.php?rest_route=\/wp\/v2\/media\/6179"}],"wp:attachment":[{"href":"https:\/\/skygreen.com.mx\/index.php?rest_route=%2Fwp%2Fv2%2Fmedia&parent=6030"}],"curies":[{"name":"wp","href":"https:\/\/api.w.org\/{rel}","templated":true}]}}