{"id":6021,"date":"2020-08-28T23:45:52","date_gmt":"2020-08-28T23:45:52","guid":{"rendered":"https:\/\/skygreen.com.mx\/?page_id=6021"},"modified":"2022-07-01T21:10:45","modified_gmt":"2022-07-01T21:10:45","slug":"checkup-energetico-auditoria-calidad-energia","status":"publish","type":"page","link":"https:\/\/skygreen.com.mx\/?page_id=6021","title":{"rendered":"Checkup Energ\u00e9tico"},"content":{"rendered":"<p>[vc_row parallax=\u00bbenable_parallax\u00bb bg_position=\u00bbcenter center\u00bb css=\u00bb.vc_custom_1656541466060{padding-top: 220px !important;padding-bottom: 220px !important;background-image: url(https:\/\/skygreen.com.mx\/wp-content\/uploads\/2021\/10\/umicore-online-assessment-1.jpg?id=7295) !important;}\u00bb][vc_column enable_column_shadowbox=\u00bbyes\u00bb enable_content_animation=\u00bbyes\u00bb ca_init_scale_x=\u00bb1&#8243; ca_init_scale_y=\u00bb1&#8243; ca_init_scale_z=\u00bb1&#8243; ca_init_opacity=\u00bb0&#8243; ca_an_scale_x=\u00bb1&#8243; ca_an_scale_y=\u00bb1&#8243; ca_an_scale_z=\u00bb1&#8243; ca_an_opacity=\u00bb1&#8243; offset=\u00bbvc_col-lg-5 vc_col-md-6&#8243; ca_duration=\u00bb1200&#8243; ca_delay=\u00bb180&#8243; ca_init_translate_y=\u00bb40&#8243; ca_init_translate_z=\u00bb-161&#8243; ca_init_rotate_x=\u00bb-80&#8243; gradient_bg_color=\u00bblinear-gradient(180deg, rgba(151, 132, 3, 0.65) 0%, rgba(172,29,225,0) 79.29936305732484%)\u00bb column_box_shadow=\u00bb%5B%5D\u00bb][ld_fancy_heading tag=\u00bbh2&#8243; use_custom_fonts_title=\u00bbtrue\u00bb fs=\u00bb36px\u00bb lh=\u00bb1.111em\u00bb color=\u00bbrgb(255, 255, 255)\u00bb]Toma el control de tu consumo energ\u00e9tico[\/ld_fancy_heading][ld_spacer height=\u00bb22px\u00bb][ld_fancy_heading tag=\u00bbp\u00bb tag_to_inherite=\u00bbh4&#8243; use_custom_fonts_title=\u00bbtrue\u00bb use_inheritance=\u00bbtrue\u00bb fs=\u00bb20px\u00bb lh=\u00bb30px\u00bb color=\u00bbrgb(255, 255, 255)\u00bb highlight_color=\u00bbrgba(207, 207, 207, 0.59)\u00bb]Identifica \u00e1reas de oportunidad y mejora a trav\u00e9s del Checkup energ\u00e9tico: auditor\u00eda y calidad de energ\u00eda.[\/ld_fancy_heading][vc_separator color=\u00bbcustom\u00bb accent_color=\u00bb#d0bd3b\u00bb][ld_fancy_heading tag=\u00bbp\u00bb tag_to_inherite=\u00bbh3&#8243; use_custom_fonts_title=\u00bbtrue\u00bb use_inheritance=\u00bbtrue\u00bb fs=\u00bb20px\u00bb lh=\u00bb30px\u00bb color=\u00bbrgb(255, 255, 255)\u00bb highlight_color=\u00bbrgba(248, 242, 194, 0.93)\u00bb]Es un programa de Estudios y acciones especializadas creadas por Sky Green para la aplicaci\u00f3n de h\u00e1bitos, racionalidad de consumo y optimizaci\u00f3n de procesos.[\/ld_fancy_heading][ld_spacer height=\u00bb42px\u00bb][ld_button style=\u00bbbtn-solid\u00bb title=\u00bbCont\u00e1ctanos\u00bb shape=\u00bbround\u00bb link=\u00bburl:https%3A%2F%2Fapi.whatsapp.com%2Fsend%2F%3Fphone%3D5215534331099%26text%3DHola%252C%2Bestoy%2Binteresado(a)%2Ben%2Bcheckup%2Benerg%25C3%25A9tico.%26app_absent%3D0|title:Cont%C3%A1ctanos\u00bb color=\u00bbrgb(215, 184, 39)\u00bb text_color=\u00bbrgb(255, 255, 255)\u00bb hover_color=\u00bbrgb(95, 133, 45)\u00bb][ld_spacer height=\u00bb10px\u00bb hide=\u00bbvc_hidden-lg\u00bb sm_hide=\u00bbvc_hidden-sm\u00bb md_hide=\u00bbvc_hidden-md\u00bb xs_height=\u00bb12px\u00bb][\/vc_column][\/vc_row][vc_row content_placement=\u00bbtop\u00bb css=\u00bb.vc_custom_1656540063314{padding-top: 60px !important;padding-bottom: 30px !important;}\u00bb][vc_column align=\u00bbtext-center\u00bb bg_position=\u00bbcenter center\u00bb offset=\u00bbvc_col-md-7 vc_hidden-xs\u00bb responsive_css=\u00bbmargin_top_large:100px\u00bb][vc_single_image image=\u00bb9536&#8243; img_size=\u00bb700&#215;700&#8243;][\/vc_column][vc_column enable_content_animation=\u00bbyes\u00bb ca_init_scale_x=\u00bb1&#8243; ca_init_scale_y=\u00bb1&#8243; ca_init_scale_z=\u00bb1&#8243; ca_init_opacity=\u00bb0&#8243; ca_an_scale_x=\u00bb1&#8243; ca_an_scale_y=\u00bb1&#8243; ca_an_scale_z=\u00bb1&#8243; ca_an_opacity=\u00bb1&#8243; offset=\u00bbvc_col-md-5&#8243; ca_duration=\u00bb1200&#8243; ca_delay=\u00bb120&#8243; ca_init_translate_x=\u00bb-37&#8243;][ld_icon_box i_type=\u00bblinea\u00bb alignment=\u00bbtext-left\u00bb i_shape=\u00bbcircle\u00bb i_size=\u00bbsm\u00bb i_border=\u00bb\u00bb shadow=\u00bbiconbox-icon-shadow\u00bb i_icon_linea=\u00bbicon-weather_lightning\u00bb css=\u00bb.vc_custom_1656540253123{margin-bottom: 25px !important;}\u00bb i_color=\u00bbrgb(208, 189, 59)\u00bb shape_color=\u00bbrgb(255, 255, 255)\u00bb][\/ld_icon_box][ld_fancy_heading tag=\u00bbh3&#8243; enable_fit=\u00bbtrue\u00bb compressor=\u00bb0.5&#8243; margin=\u00bbright_large:35%25&#8243; minfontsize=\u00bb32&#8243;]<\/p>\n<h2>\u00bfEficiencia energ\u00e9tica? Checkup tu mejor herramienta<\/h2>\n<p>[\/ld_fancy_heading][ld_spacer height=\u00bb12px\u00bb][ld_fancy_heading tag=\u00bbh6&#8243; use_custom_fonts_title=\u00bbtrue\u00bb fs=\u00bb16px\u00bb lh=\u00bb30px\u00bb]<span style=\"font-size: 18px;\">Implementar checkup energ\u00e9tico permite conocer el consumo energ\u00e9tico, tener mayor control econ\u00f3mico, oportunidades de ahorro y\u00a0 mejora en la eficiencia energ\u00e9tica.<\/span>[\/ld_fancy_heading][ld_spacer height=\u00bb50px\u00bb][vc_separator color=\u00bbcustom\u00bb align=\u00bbalign_left\u00bb el_width=\u00bb10&#8243; accent_color=\u00bb#d0bd3b\u00bb][vc_column_text]<\/p>\n<h4><strong><span style=\"font-size: 21px; color: #d0bd3b;\">Sky Green te acompa\u00f1a en todo el checkup energ\u00e9tico<\/span><\/strong><\/h4>\n<p>[\/vc_column_text][vc_empty_space height=\u00bb20x\u00bb][ld_fancy_heading tag=\u00bbh6&#8243; use_custom_fonts_title=\u00bbtrue\u00bb fs=\u00bb16px\u00bb lh=\u00bb30px\u00bb]<span style=\"font-size: 18px;\"><a href=\"https:\/\/skygreen.com.mx\/\">Sky Green<\/a> tendr\u00e1 la responsabilidad de efectuar los estudios, tambi\u00e9n asesorar a las empresas con informaci\u00f3n para su gesti\u00f3n energ\u00e9tica en el cumplimiento de eficiencia.<\/span>[\/ld_fancy_heading][ld_spacer height=\u00bb40px\u00bb][ld_fancy_heading tag=\u00bbh6&#8243; use_custom_fonts_title=\u00bbtrue\u00bb fs=\u00bb16px\u00bb lh=\u00bb30px\u00bb]<span style=\"font-size: 18px;\">Construiremos un perfil energ\u00e9tico con indicadores clave, mediciones in situ, par\u00e1metros operativos, comprensi\u00f3n, as\u00ed como interpretaci\u00f3n de hist\u00f3ricos y programas de consumo de energ\u00eda.<\/span>[\/ld_fancy_heading][\/vc_column][\/vc_row][vc_row css=\u00bb.vc_custom_1540906196372{padding-top: 30px !important;padding-bottom: 70px !important;}\u00bb][vc_column width=\u00bb1\/2&#8243;][ld_icon_box i_type=\u00bbfontawesome\u00bb heading_size=\u00bbcustom\u00bb alignment=\u00bbtext-left\u00bb i_size=\u00bbxl\u00bb fill=\u00bbyes\u00bb border_radius=\u00bbiconbox-semiround\u00bb hover_fill=\u00bbyes\u00bb scale_bg=\u00bbiconbox-scale-bg\u00bb shadow=\u00bbiconbox-shadow\u00bb title=\u00bbAuditor\u00eda\u00bb custom_heading_size=\u00bb22px\u00bb hover_fill_color=\u00bbrgb(94, 133, 46)\u00bb i_icon_fontawesome=\u00bbfas fa-tasks\u00bb]<\/p>\n<p class=\"p1\">Es una evaluaci\u00f3n de los par\u00e1metros en las instalaciones el\u00e9ctricas empresariales. Tiene como objetivo mitigar los problemas que obstaculizan la funci\u00f3n de los equipos.<\/p>\n<p>[\/ld_icon_box][\/vc_column][vc_column width=\u00bb1\/2&#8243;][ld_icon_box i_type=\u00bbfontawesome\u00bb heading_size=\u00bbcustom\u00bb alignment=\u00bbtext-left\u00bb i_size=\u00bbxl\u00bb fill=\u00bbyes\u00bb border_radius=\u00bbiconbox-semiround\u00bb hover_fill=\u00bbyes\u00bb scale_bg=\u00bbiconbox-scale-bg\u00bb shadow=\u00bbiconbox-shadow\u00bb title=\u00bbCalidad de energ\u00eda\u00bb custom_heading_size=\u00bb22px\u00bb hover_fill_color=\u00bbrgb(94, 133, 46)\u00bb i_icon_fontawesome=\u00bbfas fa-check\u00bb]<\/p>\n<p class=\"p1\"><span style=\"color: #000000;\">Este estudio nos informa del consumo y riesgos, con la intenci\u00f3n de generar acciones para un uso energ\u00e9tico adecuado y cumplir con <strong><a style=\"color: #000000;\" href=\"https:\/\/www.cenace.gob.mx\/Docs\/16_MARCOREGULATORIO\/Conexion\/(DOF%202015-06-02%20CENACE)%20Criterios%20Interconexi%C3%B3n%20CE%20y%20Conexi%C3%B3n%20CC.pdf\">marco regulatorio<\/a><\/strong>.<\/span><\/p>\n<p>[\/ld_icon_box][\/vc_column][\/vc_row][vc_row][vc_column][ld_spacer height=\u00bb50px\u00bb][\/vc_column][\/vc_row][vc_row content_placement=\u00bbmiddle\u00bb][vc_column width=\u00bb2\/3&#8243;][ld_fancy_heading tag=\u00bbp\u00bb]<\/p>\n<h2><span style=\"font-size: 21px;\">Escr\u00edbenos, te brindaremos una soluci\u00f3n integral a tus necesidades y objetivos de eficiencia, a trav\u00e9s de checkup energ\u00e9tico, auditor\u00eda y calidad de energ\u00eda.<\/span><\/h2>\n<p>[\/ld_fancy_heading][\/vc_column][vc_column width=\u00bb1\/3&#8243;][vc_empty_space][ld_button style=\u00bbbtn-solid\u00bb title=\u00bbCont\u00e1ctanos\u00bb shape=\u00bbround\u00bb size=\u00bbbtn-lg\u00bb link=\u00bburl:https%3A%2F%2Fapi.whatsapp.com%2Fsend%2F%3Fphone%3D5215534331099%26text%3DHola%252C%2Bestoy%2Binteresado(a)%2Ben%2Bcheckup%2Benerg%25C3%25A9tico.%26app_absent%3D0|title:Cont%C3%A1ctanos\u00bb color=\u00bbrgb(215, 184, 39)\u00bb text_color=\u00bbrgb(255, 255, 255)\u00bb hover_color=\u00bbrgb(95, 133, 45)\u00bb fs=\u00bb20px\u00bb][\/vc_column][\/vc_row]<\/p>\n","protected":false},"excerpt":{"rendered":"<p>[vc_row parallax=\u00bbenable_parallax\u00bb bg_position=\u00bbcenter center\u00bb css=\u00bb.vc_custom_1656541466060{padding-top: 220px !important;padding-bottom: 220px !important;background-image: url(https:\/\/skygreen.com.mx\/wp-content\/uploads\/2021\/10\/umicore-online-assessment-1.jpg?id=7295) !important;}\u00bb][vc_column enable_column_shadowbox=\u00bbyes\u00bb enable_content_animation=\u00bbyes\u00bb ca_init_scale_x=\u00bb1&#8243; ca_init_scale_y=\u00bb1&#8243; ca_init_scale_z=\u00bb1&#8243; ca_init_opacity=\u00bb0&#8243; ca_an_scale_x=\u00bb1&#8243; ca_an_scale_y=\u00bb1&#8243; ca_an_scale_z=\u00bb1&#8243; ca_an_opacity=\u00bb1&#8243; offset=\u00bbvc_col-lg-5 vc_col-md-6&#8243; ca_duration=\u00bb1200&#8243; ca_delay=\u00bb180&#8243; ca_init_translate_y=\u00bb40&#8243; ca_init_translate_z=\u00bb-161&#8243; ca_init_rotate_x=\u00bb-80&#8243; gradient_bg_color=\u00bblinear-gradient(180deg, rgba(151, 132, 3, 0.65) 0%, rgba(172,29,225,0) 79.29936305732484%)\u00bb column_box_shadow=\u00bb%5B%5D\u00bb][ld_fancy_heading tag=\u00bbh2&#8243; use_custom_fonts_title=\u00bbtrue\u00bb fs=\u00bb36px\u00bb lh=\u00bb1.111em\u00bb color=\u00bbrgb(255, 255, 255)\u00bb]Toma el control de tu consumo energ\u00e9tico[\/ld_fancy_heading][ld_spacer height=\u00bb22px\u00bb][ld_fancy_heading tag=\u00bbp\u00bb tag_to_inherite=\u00bbh4&#8243; use_custom_fonts_title=\u00bbtrue\u00bb use_inheritance=\u00bbtrue\u00bb [&hellip;]<\/p>\n","protected":false},"author":1,"featured_media":9534,"parent":0,"menu_order":0,"comment_status":"closed","ping_status":"closed","template":"","meta":{"footnotes":""},"class_list":["post-6021","page","type-page","status-publish","has-post-thumbnail","hentry"],"_links":{"self":[{"href":"https:\/\/skygreen.com.mx\/index.php?rest_route=\/wp\/v2\/pages\/6021","targetHints":{"allow":["GET"]}}],"collection":[{"href":"https:\/\/skygreen.com.mx\/index.php?rest_route=\/wp\/v2\/pages"}],"about":[{"href":"https:\/\/skygreen.com.mx\/index.php?rest_route=\/wp\/v2\/types\/page"}],"author":[{"embeddable":true,"href":"https:\/\/skygreen.com.mx\/index.php?rest_route=\/wp\/v2\/users\/1"}],"replies":[{"embeddable":true,"href":"https:\/\/skygreen.com.mx\/index.php?rest_route=%2Fwp%2Fv2%2Fcomments&post=6021"}],"version-history":[{"count":36,"href":"https:\/\/skygreen.com.mx\/index.php?rest_route=\/wp\/v2\/pages\/6021\/revisions"}],"predecessor-version":[{"id":14055,"href":"https:\/\/skygreen.com.mx\/index.php?rest_route=\/wp\/v2\/pages\/6021\/revisions\/14055"}],"wp:featuredmedia":[{"embeddable":true,"href":"https:\/\/skygreen.com.mx\/index.php?rest_route=\/wp\/v2\/media\/9534"}],"wp:attachment":[{"href":"https:\/\/skygreen.com.mx\/index.php?rest_route=%2Fwp%2Fv2%2Fmedia&parent=6021"}],"curies":[{"name":"wp","href":"https:\/\/api.w.org\/{rel}","templated":true}]}}