{"id":5777,"date":"2020-07-10T22:55:36","date_gmt":"2020-07-10T22:55:36","guid":{"rendered":"https:\/\/skygreen.com.mx\/?page_id=5777"},"modified":"2020-07-23T08:04:56","modified_gmt":"2020-07-23T08:04:56","slug":"tecnologia-vrf","status":"publish","type":"page","link":"https:\/\/skygreen.com.mx\/?page_id=5777","title":{"rendered":"Tecnolog\u00eda VRF"},"content":{"rendered":"<p>[vc_row parallax=\u00bbenable_parallax\u00bb enable_overlay=\u00bbyes\u00bb css=\u00bb.vc_custom_1594422175755{margin-top: 55px !important;padding-top: 220px !important;padding-bottom: 220px !important;background-image: url(https:\/\/skygreen.com.mx\/wp-content\/uploads\/2020\/07\/slider-producto-vrf-scaled.jpg?id=5789) !important;background-position: center;background-repeat: no-repeat !important;background-size: cover !important;}\u00bb overlay_bg=\u00bbrgba(0, 0, 0, 0.5)\u00bb][vc_column enable_content_animation=\u00bbyes\u00bb ca_init_scale_x=\u00bb1&#8243; ca_init_scale_y=\u00bb1&#8243; ca_init_scale_z=\u00bb1&#8243; ca_init_opacity=\u00bb0&#8243; ca_an_scale_x=\u00bb1&#8243; ca_an_scale_y=\u00bb1&#8243; ca_an_scale_z=\u00bb1&#8243; ca_an_opacity=\u00bb1&#8243; offset=\u00bbvc_col-lg-5 vc_col-md-6&#8243; ca_duration=\u00bb1200&#8243; ca_delay=\u00bb180&#8243; ca_init_translate_y=\u00bb40&#8243; ca_init_translate_z=\u00bb-161&#8243; ca_init_rotate_x=\u00bb-80&#8243;][ld_fancy_heading tag=\u00bbh2&#8243; use_custom_fonts_title=\u00bbtrue\u00bb fs=\u00bb36px\u00bb lh=\u00bb1.111em\u00bb color=\u00bbrgb(255, 255, 255)\u00bb]<strong>Tecnolog\u00eda VRF<\/strong>[\/ld_fancy_heading][ld_spacer height=\u00bb22px\u00bb][ld_fancy_heading tag=\u00bbp\u00bb use_custom_fonts_title=\u00bbtrue\u00bb fs=\u00bb20px\u00bb lh=\u00bb25px\u00bb color=\u00bbrgb(255, 255, 255)\u00bb]Los sistemas VRF (Sistemas de Refrigerante Variable) son equipos INVERTER que tienen la capacidad, adicional a la tecnolog\u00eda INVERTER, de variar el caudal de refrigerante controlando con mayor eficacia las condiciones de temperatura de los espacios por climatizar, permiten conectar varias unidades interiores con una sola unidad exterior, a trav\u00e9s de dos tuber\u00edas de cobre por donde circula el fluido refrigerante y acondiciona el espacio.[\/ld_fancy_heading][ld_spacer height=\u00bb42px\u00bb][ld_button style=\u00bbbtn-solid\u00bb title=\u00bbCont\u00e1ctanos\u00bb transformation=\u00bbtext-uppercase\u00bb shape=\u00bbcircle\u00bb color=\u00bb#ddb707&#8243; fs=\u00bb13px\u00bb lh=\u00bb1.5em\u00bb ls=\u00bb0.1em\u00bb css=\u00bb.vc_custom_1595485002412{padding-right: 1em !important;padding-left: 1em !important;}\u00bb hover_color=\u00bb#5e852e\u00bb link=\u00bburl:https%3A%2F%2Fskygreen.com.mx%2Fcontacto%2F|||\u00bb text_color=\u00bbrgb(255, 255, 255)\u00bb][ld_spacer height=\u00bb10px\u00bb hide=\u00bbvc_hidden-lg\u00bb sm_hide=\u00bbvc_hidden-sm\u00bb md_hide=\u00bbvc_hidden-md\u00bb xs_height=\u00bb12px\u00bb][\/vc_column][\/vc_row][vc_row equal_height=\u00bbyes\u00bb css=\u00bb.vc_custom_1527251816196{padding-top: 80px !important;padding-bottom: 80px !important;}\u00bb][vc_column parallax=\u00bbyes\u00bb width=\u00bb2\/3&#8243; scale_from_x=\u00bb1&#8243; scale_from_y=\u00bb1&#8243; scale_from_z=\u00bb1&#8243; from_opacity=\u00bb1&#8243; scale_to_x=\u00bb1&#8243; scale_to_y=\u00bb1&#8243; scale_to_z=\u00bb1&#8243; to_opacity=\u00bb1&#8243; enable_content_animation=\u00bbyes\u00bb ca_init_scale_x=\u00bb1&#8243; ca_init_scale_y=\u00bb1&#8243; ca_init_scale_z=\u00bb1&#8243; ca_init_opacity=\u00bb0&#8243; ca_an_scale_x=\u00bb1&#8243; ca_an_scale_y=\u00bb1&#8243; ca_an_scale_z=\u00bb1&#8243; ca_an_opacity=\u00bb1&#8243; offset=\u00bbvc_col-md-offset-0 vc_col-md-3&#8243; ca_init_translate_y=\u00bb35&#8243; translate_from_y=\u00bb100&#8243; translate_to_y=\u00bb-169&#8243; ca_init_translate_x=\u00bb0&#8243; ca_duration=\u00bb1200&#8243; ca_delay=\u00bb150&#8243;][vc_icon icon_fontawesome=\u00bbfas fa-wind\u00bb color=\u00bbcustom\u00bb custom_color=\u00bb#ddb707&#8243;][ld_fancy_heading tag=\u00bbh2&#8243; split_type=\u00bbwords\u00bb ca_init_scale_x=\u00bb1&#8243; ca_init_scale_y=\u00bb1&#8243; ca_init_scale_z=\u00bb1&#8243; ca_init_opacity=\u00bb1&#8243; ca_an_scale_x=\u00bb1&#8243; ca_an_scale_y=\u00bb1&#8243; ca_an_scale_z=\u00bb1&#8243; ca_an_opacity=\u00bb1&#8243; use_custom_fonts_title=\u00bbtrue\u00bb enable_split=\u00bbtrue\u00bb fs=\u00bb36px\u00bb lh=\u00bb1.11em\u00bb]\u00bfC\u00f3mo funciona un aire acondicionado con VRF?[\/ld_fancy_heading][vc_separator color=\u00bbcustom\u00bb accent_color=\u00bb#ddb707&#8243;][\/vc_column][vc_column width=\u00bb2\/3&#8243; align=\u00bbtext-center\u00bb offset=\u00bbvc_col-md-offset-1 vc_col-md-4&#8243;][vc_row_inner][vc_column_inner parallax=\u00bbyes\u00bb width=\u00bb5\/6&#8243; scale_from_x=\u00bb1&#8243; scale_from_y=\u00bb1&#8243; scale_from_z=\u00bb1&#8243; from_opacity=\u00bb1&#8243; scale_to_x=\u00bb1&#8243; scale_to_y=\u00bb1&#8243; scale_to_z=\u00bb1&#8243; to_opacity=\u00bb1&#8243; enable_content_animation=\u00bbyes\u00bb ca_init_scale_x=\u00bb1&#8243; ca_init_scale_y=\u00bb1&#8243; ca_init_scale_z=\u00bb1&#8243; ca_init_opacity=\u00bb0&#8243; ca_an_scale_x=\u00bb1&#8243; ca_an_scale_y=\u00bb1&#8243; ca_an_scale_z=\u00bb1&#8243; ca_an_opacity=\u00bb1&#8243; align=\u00bbtext-left\u00bb offset=\u00bbvc_col-md-offset-1&#8243; ca_start_delay=\u00bb250&#8243; ca_init_translate_y=\u00bb38&#8243; translate_from_y=\u00bb100&#8243; translate_to_y=\u00bb-100&#8243; ca_duration=\u00bb1200&#8243; ca_delay=\u00bb150&#8243;][ld_fancy_heading tag=\u00bbp\u00bb]<\/p>\n<div id=\"qx-row-204189\" class=\"qx-row \">Estos sistemas basan su funcionamiento en el motor del compresor, el cual cuenta con un sistema de variaci\u00f3n de frecuencia que oscila entre 20 y 100 Hz. Cuando el compresor trabaja a menor potencia se suministra un caudal de refrigerante menor hacia el evaporador o condensador, disminuyendo la cantidad de calor absorbido o cedido al espacio.<\/div>\n<p>[\/ld_fancy_heading][ld_fancy_heading tag=\u00bbp\u00bb]As\u00ed el control de temperatura del local, es mucho m\u00e1s precisa. El control de frecuencia del compresor disminuye los paros y puestas en funcionamiento que son motivo de desgaste del equipo.[\/ld_fancy_heading][\/vc_column_inner][\/vc_row_inner][\/vc_column][vc_column parallax=\u00bbyes\u00bb width=\u00bb2\/3&#8243; scale_from_x=\u00bb1&#8243; scale_from_y=\u00bb1&#8243; scale_from_z=\u00bb1&#8243; from_opacity=\u00bb1&#8243; scale_to_x=\u00bb1&#8243; scale_to_y=\u00bb1&#8243; scale_to_z=\u00bb1&#8243; to_opacity=\u00bb1&#8243; enable_content_animation=\u00bbyes\u00bb ca_init_scale_x=\u00bb1&#8243; ca_init_scale_y=\u00bb1&#8243; ca_init_scale_z=\u00bb1&#8243; ca_init_opacity=\u00bb0&#8243; ca_an_scale_x=\u00bb1&#8243; ca_an_scale_y=\u00bb1&#8243; ca_an_scale_z=\u00bb1&#8243; ca_an_opacity=\u00bb1&#8243; offset=\u00bbvc_col-md-offset-1 vc_col-md-3&#8243; ca_start_delay=\u00bb500&#8243; ca_init_translate_y=\u00bb40&#8243; translate_from_y=\u00bb100&#8243; translate_to_y=\u00bb-29&#8243; ca_init_translate_x=\u00bb0&#8243; ca_duration=\u00bb1200&#8243; ca_delay=\u00bb150&#8243;][ld_fancy_heading tag=\u00bbp\u00bb]Con este sistema se consigue una independencia clim\u00e1tica en cada espacio atendido, ya que cada unidad interior trabaja de forma independiente de las dem\u00e1s, solicitando la cantidad de refrigerante que necesita, gracias a una v\u00e1lvula de expansi\u00f3n electr\u00f3nica que deja pasar la cantidad justa de refrigerante.[\/ld_fancy_heading][vc_separator color=\u00bbcustom\u00bb accent_color=\u00bb#ddb707&#8243;][ld_fancy_heading tag=\u00bbp\u00bb]Aunado a esto los sistemas VRF permiten grandes distancias entre unidades exteriores e interiores y tambi\u00e9n entre unidades interiores. Por ello son sistemas id\u00f3neos para climatizar edificios en su totalidad y gozar de una centralizaci\u00f3n del aire acondicionado.[\/ld_fancy_heading][\/vc_column][\/vc_row][vc_row full_width=\u00bbstretch_row\u00bb gap=\u00bb0&#8243; equal_height=\u00bbyes\u00bb content_placement=\u00bbmiddle\u00bb css=\u00bb.vc_custom_1594421177314{background-color: #ddb707 !important;}\u00bb][vc_column offset=\u00bbvc_col-lg-6&#8243; css=\u00bb.vc_custom_1594421946257{background-image: url(https:\/\/skygreen.com.mx\/wp-content\/uploads\/2020\/07\/vrf-banner-inferior-skygreen-scaled.jpg?id=5786) !important;background-position: center !important;background-repeat: no-repeat !important;background-size: cover !important;}\u00bb][vc_single_image img_size=\u00bbfull\u00bb alignment=\u00bbcenter\u00bb invisible=\u00bbyes\u00bb][\/vc_column][vc_column enable_content_animation=\u00bbyes\u00bb ca_init_scale_x=\u00bb1.25&#8243; ca_init_scale_y=\u00bb1.25&#8243; ca_init_scale_z=\u00bb1&#8243; ca_init_opacity=\u00bb0&#8243; ca_an_scale_x=\u00bb1&#8243; ca_an_scale_y=\u00bb1&#8243; ca_an_scale_z=\u00bb1&#8243; ca_an_opacity=\u00bb1&#8243; offset=\u00bbvc_col-lg-6&#8243; responsive_css=\u00bbpadding_top_medium:0px|padding_right_medium:10vw|padding_bottom_medium:0px|padding_left_medium:10vw\u00bb css=\u00bb.vc_custom_1545209818740{padding-top: 60px !important;padding-right: 15px !important;padding-bottom: 60px !important;padding-left: 15px !important;}\u00bb ca_duration=\u00bb1600&#8243; ca_delay=\u00bb160&#8243; ca_init_translate_y=\u00bb45&#8243;][ld_spacer][ld_fancy_heading tag=\u00bbh2&#8243; use_custom_fonts_title=\u00bbtrue\u00bb fs=\u00bb40px\u00bb lh=\u00bb1.1em\u00bb margin=\u00bbbottom_small:1.2em\u00bb color=\u00bbrgb(59, 59, 59)\u00bb]Nuestros equipos[\/ld_fancy_heading][ld_fancy_heading tag=\u00bbp\u00bb use_custom_fonts_title=\u00bbtrue\u00bb color=\u00bbrgb(59, 59, 59)\u00bb fs=\u00bb17px\u00bb lh=\u00bb29px\u00bb margin=\u00bbbottom_small:3em\u00bb]Ya sea en edificios, oficinas, hoteles, hospitales, universidades o instalaciones de usos m\u00faltiples, los equipos VRF proporcionan soluciones eficientes e inteligentes para acondicionamiento de aire.[\/ld_fancy_heading][ld_button style=\u00bbbtn-solid\u00bb title=\u00bbCont\u00e1ctanos\u00bb link_type=\u00bblightbox\u00bb shape=\u00bbsemi-round\u00bb link=\u00bburl:https%3A%2F%2Fwww.youtube.com%2Fwatch%3Fv%3DQWGjLq1P3q4|||\u00bb fs=\u00bb15px\u00bb css=\u00bb.vc_custom_1594421273696{padding-right: 0.75em !important;padding-left: 0.75em !important;}\u00bb hover_color=\u00bbrgb(255, 255, 255)\u00bb htext_color=\u00bbrgb(0, 0, 0)\u00bb color=\u00bbrgb(59, 59, 59)\u00bb][ld_spacer][\/vc_column][\/vc_row]<\/p>\n","protected":false},"excerpt":{"rendered":"<p>[vc_row parallax=\u00bbenable_parallax\u00bb enable_overlay=\u00bbyes\u00bb css=\u00bb.vc_custom_1594422175755{margin-top: 55px !important;padding-top: 220px !important;padding-bottom: 220px !important;background-image: url(https:\/\/skygreen.com.mx\/wp-content\/uploads\/2020\/07\/slider-producto-vrf-scaled.jpg?id=5789) !important;background-position: center;background-repeat: no-repeat !important;background-size: cover !important;}\u00bb overlay_bg=\u00bbrgba(0, 0, 0, 0.5)\u00bb][vc_column enable_content_animation=\u00bbyes\u00bb ca_init_scale_x=\u00bb1&#8243; ca_init_scale_y=\u00bb1&#8243; ca_init_scale_z=\u00bb1&#8243; ca_init_opacity=\u00bb0&#8243; ca_an_scale_x=\u00bb1&#8243; ca_an_scale_y=\u00bb1&#8243; ca_an_scale_z=\u00bb1&#8243; ca_an_opacity=\u00bb1&#8243; offset=\u00bbvc_col-lg-5 vc_col-md-6&#8243; ca_duration=\u00bb1200&#8243; ca_delay=\u00bb180&#8243; ca_init_translate_y=\u00bb40&#8243; ca_init_translate_z=\u00bb-161&#8243; ca_init_rotate_x=\u00bb-80&#8243;][ld_fancy_heading tag=\u00bbh2&#8243; use_custom_fonts_title=\u00bbtrue\u00bb fs=\u00bb36px\u00bb lh=\u00bb1.111em\u00bb color=\u00bbrgb(255, 255, 255)\u00bb]Tecnolog\u00eda VRF[\/ld_fancy_heading][ld_spacer height=\u00bb22px\u00bb][ld_fancy_heading tag=\u00bbp\u00bb use_custom_fonts_title=\u00bbtrue\u00bb fs=\u00bb20px\u00bb lh=\u00bb25px\u00bb color=\u00bbrgb(255, 255, 255)\u00bb]Los sistemas VRF [&hellip;]<\/p>\n","protected":false},"author":1,"featured_media":0,"parent":0,"menu_order":0,"comment_status":"closed","ping_status":"closed","template":"","meta":{"footnotes":""},"class_list":["post-5777","page","type-page","status-publish","hentry"],"_links":{"self":[{"href":"https:\/\/skygreen.com.mx\/index.php?rest_route=\/wp\/v2\/pages\/5777","targetHints":{"allow":["GET"]}}],"collection":[{"href":"https:\/\/skygreen.com.mx\/index.php?rest_route=\/wp\/v2\/pages"}],"about":[{"href":"https:\/\/skygreen.com.mx\/index.php?rest_route=\/wp\/v2\/types\/page"}],"author":[{"embeddable":true,"href":"https:\/\/skygreen.com.mx\/index.php?rest_route=\/wp\/v2\/users\/1"}],"replies":[{"embeddable":true,"href":"https:\/\/skygreen.com.mx\/index.php?rest_route=%2Fwp%2Fv2%2Fcomments&post=5777"}],"version-history":[{"count":12,"href":"https:\/\/skygreen.com.mx\/index.php?rest_route=\/wp\/v2\/pages\/5777\/revisions"}],"predecessor-version":[{"id":5908,"href":"https:\/\/skygreen.com.mx\/index.php?rest_route=\/wp\/v2\/pages\/5777\/revisions\/5908"}],"wp:attachment":[{"href":"https:\/\/skygreen.com.mx\/index.php?rest_route=%2Fwp%2Fv2%2Fmedia&parent=5777"}],"curies":[{"name":"wp","href":"https:\/\/api.w.org\/{rel}","templated":true}]}}