{"id":5758,"date":"2020-07-10T20:43:37","date_gmt":"2020-07-10T20:43:37","guid":{"rendered":"https:\/\/skygreen.com.mx\/?page_id=5758"},"modified":"2022-07-01T18:19:08","modified_gmt":"2022-07-01T18:19:08","slug":"minisplit-inverter-alta-eficiencia","status":"publish","type":"page","link":"https:\/\/skygreen.com.mx\/?page_id=5758","title":{"rendered":"Minisplit Inverter de Alta Eficiencia"},"content":{"rendered":"<p>[vc_row parallax=\u00bbenable_parallax\u00bb bg_position=\u00bbcenter center\u00bb bg_attachment=\u00bbfixed\u00bb enable_overlay=\u00bbyes\u00bb css=\u00bb.vc_custom_1614811408628{margin-top: 55px !important;padding-top: 220px !important;padding-bottom: 220px !important;background-image: url(https:\/\/skygreen.com.mx\/wp-content\/uploads\/2021\/03\/Cabecera-Aire-acondicionado.png?id=6240) !important;background-position: center;background-repeat: no-repeat;background-size:cover;}\u00bb overlay_bg=\u00bbrgba(59, 59, 59, 0.46)\u00bb][vc_column enable_content_animation=\u00bbyes\u00bb ca_init_scale_x=\u00bb1&#8243; ca_init_scale_y=\u00bb1&#8243; ca_init_scale_z=\u00bb1&#8243; ca_init_opacity=\u00bb0&#8243; ca_an_scale_x=\u00bb1&#8243; ca_an_scale_y=\u00bb1&#8243; ca_an_scale_z=\u00bb1&#8243; ca_an_opacity=\u00bb1&#8243; offset=\u00bbvc_col-lg-5 vc_col-md-6&#8243; ca_duration=\u00bb1200&#8243; ca_delay=\u00bb180&#8243; ca_init_translate_y=\u00bb40&#8243; ca_init_translate_z=\u00bb-161&#8243; ca_init_rotate_x=\u00bb-80&#8243;][ld_fancy_heading tag=\u00bbh2&#8243; use_custom_fonts_title=\u00bbtrue\u00bb fs=\u00bb36px\u00bb lh=\u00bb1.111em\u00bb color=\u00bbrgb(255, 255, 255)\u00bb]<strong>Minisplit Inverter de Alta Eficiencia<\/strong>[\/ld_fancy_heading][ld_spacer height=\u00bb22px\u00bb][ld_fancy_heading tag=\u00bbp\u00bb use_custom_fonts_title=\u00bbtrue\u00bb fs=\u00bb20px\u00bb lh=\u00bb25px\u00bb color=\u00bbrgb(255, 255, 255)\u00bb]<strong>Conoce los <a href=\"https:\/\/skygreen.com.mx\/producto\/minisplit-inverter-alta-eficiencia\/\">minisplit inverter<\/a>, sistemas de control de velocidad variable; tecnolog\u00eda de alta eficiencia.<\/strong>[\/ld_fancy_heading][ld_spacer height=\u00bb42px\u00bb][ld_button style=\u00bbbtn-solid\u00bb title=\u00bb\u00a1Obt\u00e9n el tuyo!\u00bb transformation=\u00bbtext-uppercase\u00bb shape=\u00bbcircle\u00bb color=\u00bb#ddb707&#8243; fs=\u00bb13px\u00bb lh=\u00bb1.5em\u00bb ls=\u00bb0.1em\u00bb css=\u00bb.vc_custom_1614815209578{padding-right: 1em !important;padding-left: 1em !important;}\u00bb link=\u00bburl:https%3A%2F%2Fskygreen.com.mx%2Fproducto%2Faire-acondicionado-de-alta-eficiencia%2F\u00bb hover_color=\u00bbrgb(94, 133, 46)\u00bb text_color=\u00bbrgb(255, 255, 255)\u00bb][ld_spacer height=\u00bb10px\u00bb hide=\u00bbvc_hidden-lg\u00bb sm_hide=\u00bbvc_hidden-sm\u00bb md_hide=\u00bbvc_hidden-md\u00bb xs_height=\u00bb12px\u00bb][\/vc_column][\/vc_row][vc_row equal_height=\u00bbyes\u00bb css=\u00bb.vc_custom_1656699283965{margin-left: 50px !important;}\u00bb][vc_column align=\u00bbtext-center\u00bb][ld_spacer][ld_button style=\u00bbbtn-solid\u00bb title=\u00bbCont\u00e1ctanos\u00bb shape=\u00bbround\u00bb link=\u00bburl:https%3A%2F%2Fskygreen.com.mx%2Fcontacto%2F|title:Contacto||\u00bb color=\u00bbrgb(221, 183, 7)\u00bb hover_color=\u00bbrgb(94, 133, 46)\u00bb text_color=\u00bbrgb(255, 255, 255)\u00bb][\/vc_column][\/vc_row][vc_row][vc_column][ld_spacer height=\u00bb30px\u00bb][vc_icon type=\u00bbmaterial\u00bb icon_material=\u00bbvc-material vc-material-offline_pin\u00bb color=\u00bbcustom\u00bb size=\u00bblg\u00bb custom_color=\u00bb#ddb707&#8243;][ld_fancy_heading tag=\u00bbh2&#8243; split_type=\u00bbwords\u00bb ca_init_scale_x=\u00bb1&#8243; ca_init_scale_y=\u00bb1&#8243; ca_init_scale_z=\u00bb1&#8243; ca_init_opacity=\u00bb1&#8243; ca_an_scale_x=\u00bb1&#8243; ca_an_scale_y=\u00bb1&#8243; ca_an_scale_z=\u00bb1&#8243; ca_an_opacity=\u00bb1&#8243; use_custom_fonts_title=\u00bbtrue\u00bb enable_split=\u00bbtrue\u00bb fs=\u00bb36px\u00bb lh=\u00bb1.11em\u00bb]Ventajas de los equipos Inverter y convencionales[\/ld_fancy_heading][vc_separator color=\u00bbcustom\u00bb accent_color=\u00bb#ddb707&#8243;][\/vc_column][\/vc_row][vc_row equal_height=\u00bbyes\u00bb enable_content_animation=\u00bbyes\u00bb ca_init_scale_x=\u00bb0.5&#8243; ca_init_scale_y=\u00bb0.5&#8243; ca_init_scale_z=\u00bb1&#8243; ca_init_opacity=\u00bb0&#8243; ca_an_scale_x=\u00bb1&#8243; ca_an_scale_y=\u00bb1&#8243; ca_an_scale_z=\u00bb1&#8243; ca_an_opacity=\u00bb1&#8243; css=\u00bb.vc_custom_1529672350265{padding-top: 55px !important;padding-bottom: 40px !important;}\u00bb ca_duration=\u00bb1200&#8243;][vc_column width=\u00bb1\/2&#8243;][ld_icon_box i_type=\u00bbfontawesome\u00bb heading_weight=\u00bbfont-weight-bold\u00bb alignment=\u00bbtext-left\u00bb title=\u00bbOperan en funci\u00f3n de las cargas t\u00e9rmicas\u00bb i_color=\u00bbrgb(221, 183, 7)\u00bb i_icon_fontawesome=\u00bbfas fa-temperature-high\u00bb icon_size=\u00bb26px\u00bb][\/ld_icon_box][ld_spacer height=\u00bb30px\u00bb][\/vc_column][vc_column width=\u00bb1\/2&#8243;][ld_icon_box i_type=\u00bbfontawesome\u00bb heading_weight=\u00bbfont-weight-bold\u00bb alignment=\u00bbtext-left\u00bb title=\u00bbAlcanzan r\u00e1pidamente la temperatura de confort\u00bb i_color=\u00bbrgb(221, 183, 7)\u00bb i_icon_fontawesome=\u00bbfas fa-tachometer-alt\u00bb icon_size=\u00bb26px\u00bb][\/ld_icon_box][ld_spacer height=\u00bb30px\u00bb][\/vc_column][vc_column width=\u00bb1\/2&#8243;][ld_icon_box i_type=\u00bbfontawesome\u00bb heading_weight=\u00bbfont-weight-bold\u00bb alignment=\u00bbtext-left\u00bb title=\u00bbDeshumidifican el ambiente\u00bb i_color=\u00bbrgb(221, 183, 7)\u00bb i_icon_fontawesome=\u00bbfas fa-wind\u00bb icon_size=\u00bb26px\u00bb][\/ld_icon_box][ld_spacer height=\u00bb30px\u00bb][\/vc_column][vc_column width=\u00bb1\/2&#8243;][ld_icon_box i_type=\u00bbfontawesome\u00bb heading_weight=\u00bbfont-weight-bold\u00bb alignment=\u00bbtext-left\u00bb title=\u00bbDesgaste m\u00ednimo de componentes\u00bb i_color=\u00bbrgb(221, 183, 7)\u00bb i_icon_fontawesome=\u00bbfas fa-tools\u00bb icon_size=\u00bb26px\u00bb][\/ld_icon_box][ld_spacer height=\u00bb30px\u00bb][\/vc_column][vc_column width=\u00bb1\/2&#8243;][ld_icon_box i_type=\u00bbfontawesome\u00bb heading_weight=\u00bbfont-weight-bold\u00bb alignment=\u00bbtext-left\u00bb title=\u00bbNo generan picos de corriente al arranque\u00bb i_color=\u00bbrgb(221, 183, 7)\u00bb i_icon_fontawesome=\u00bbfas fa-bolt\u00bb icon_size=\u00bb26px\u00bb][\/ld_icon_box][ld_spacer height=\u00bb30px\u00bb][\/vc_column][vc_column width=\u00bb1\/2&#8243;][ld_icon_box i_type=\u00bbfontawesome\u00bb heading_weight=\u00bbfont-weight-bold\u00bb alignment=\u00bbtext-left\u00bb title=\u00bbBajos niveles sonoros de operaci\u00f3n\u00bb i_color=\u00bbrgb(221, 183, 7)\u00bb i_icon_fontawesome=\u00bbfas fa-volume-down\u00bb icon_size=\u00bb26px\u00bb][\/ld_icon_box][ld_spacer height=\u00bb30px\u00bb][\/vc_column][\/vc_row][vc_row content_placement=\u00bbmiddle\u00bb enable_gradient=\u00bbyes\u00bb css=\u00bb.vc_custom_1656695087184{padding-top: 85px !important;padding-bottom: 40px !important;background-position: center !important;background-repeat: no-repeat !important;background-size: cover !important;}\u00bb gradient_bg=\u00bblinear-gradient(180deg, #ddb707 44.904458598726116%, rgba(94,133,46,0) 100%)\u00bb][vc_column align=\u00bbtext-center\u00bb offset=\u00bbvc_col-md-7&#8243; responsive_align=\u00bbtext-md-left\u00bb css=\u00bb.vc_custom_1531743285914{margin-bottom: 45px !important;}\u00bb][ld_fancy_heading tag=\u00bbh5&#8243; ca_init_scale_x=\u00bb1&#8243; ca_init_scale_y=\u00bb1&#8243; ca_init_scale_z=\u00bb1&#8243; ca_init_opacity=\u00bb1&#8243; ca_an_scale_x=\u00bb1&#8243; ca_an_scale_y=\u00bb1&#8243; ca_an_scale_z=\u00bb1&#8243; ca_an_opacity=\u00bb1&#8243; use_custom_fonts_title=\u00bbtrue\u00bb enable_fit=\u00bbtrue\u00bb enable_split=\u00bbtrue\u00bb use_mask=\u00bbtrue\u00bb minfontsize=\u00bb35&#8243; fs=\u00bb45px\u00bb lh=\u00bb1.2em\u00bb ls=\u00bb-0.015em\u00bb ca_init_translate_y=\u00bb84&#8243; ca_init_rotate_z=\u00bb10&#8243; color=\u00bbrgb(255, 255, 255)\u00bb el_class=\u00bbtext-underline\u00bb fw=\u00bb600&#8243; compressor=\u00bb0.5&#8243; margin=\u00bbbottom_large:0px\u00bb]<strong><span style=\"font-size: 24px;\">Conoce m\u00e1s del equipo de aire acondicionado Inverter<\/span><\/strong>[\/ld_fancy_heading][\/vc_column][\/vc_row][vc_row][vc_column][vc_row_inner][vc_column_inner width=\u00bb1\/3&#8243;][ld_fancy_heading tag=\u00bbp\u00bb use_custom_fonts_title=\u00bbtrue\u00bb fs=\u00bb16px\u00bb lh=\u00bb30px\u00bb]Los sistemas DC (digitalmente controlados) inverter, han desplazado a la mayor\u00eda de los sistemas convencionales con la ventaja de operar a bajos voltajes.[\/ld_fancy_heading][vc_separator color=\u00bbcustom\u00bb accent_color=\u00bb#d0bd3b\u00bb][\/vc_column_inner][vc_column_inner width=\u00bb1\/3&#8243;][ld_fancy_heading tag=\u00bbp\u00bb use_custom_fonts_title=\u00bbtrue\u00bb fs=\u00bb16px\u00bb lh=\u00bb30px\u00bb]El sistema <a href=\"https:\/\/www.toshiba-aire.es\/que-es-inverter\/#:~:text=%C2%BFSab%C3%ADas%20que%20Toshiba%20invent%C3%B3%20Inverter,tecnolog%C3%ADa%20Inverter%2C%20inventada%20por%20Toshiba.\"><strong>INVERTER<\/strong><\/a> es el que potencia la capacidad del minisplit para que alcance r\u00e1pidamente la temperatura deseada y constante, sin tener fluctuaciones de temperatura.[\/ld_fancy_heading][\/vc_column_inner][vc_column_inner width=\u00bb1\/3&#8243;][vc_separator color=\u00bbcustom\u00bb accent_color=\u00bb#d0bd3b\u00bb][ld_fancy_heading tag=\u00bbp\u00bb use_custom_fonts_title=\u00bbtrue\u00bb fs=\u00bb16px\u00bb lh=\u00bb30px\u00bb]Un equipo convencional funciona a una velocidad constante y excesiva para mantener la temperatura. El compresor se enciende y se apaga continuamente, lo que representa p\u00e9rdida energ\u00e9tica y t\u00e9rmica.[\/ld_fancy_heading][\/vc_column_inner][\/vc_row_inner][\/vc_column][\/vc_row][vc_row content_placement=\u00bbmiddle\u00bb css=\u00bb.vc_custom_1656695002757{margin-bottom: 50px !important;padding-top: 50px !important;padding-bottom: 75px !important;}\u00bb][vc_column enable_content_animation=\u00bbyes\u00bb ca_init_scale_x=\u00bb1&#8243; ca_init_scale_y=\u00bb1&#8243; ca_init_scale_z=\u00bb1&#8243; ca_init_opacity=\u00bb0&#8243; ca_an_scale_x=\u00bb1&#8243; ca_an_scale_y=\u00bb1&#8243; ca_an_scale_z=\u00bb1&#8243; ca_an_opacity=\u00bb1&#8243; offset=\u00bbvc_col-md-6&#8243; ca_init_translate_y=\u00bb31&#8243; ca_init_translate_x=\u00bb0&#8243; ca_duration=\u00bb1200&#8243; ca_delay=\u00bb150&#8243; ca_init_translate_z=\u00bb-108&#8243; ca_init_rotate_x=\u00bb-76&#8243;][vc_single_image image=\u00bb29&#8243; img_size=\u00bb80&#215;32&#8243; css=\u00bb.vc_custom_1537954661070{margin-bottom: 10px !important;}\u00bb][vc_empty_space height=\u00bb45px\u00bb][\/vc_column][vc_column offset=\u00bbvc_col-md-offset-1 vc_col-md-5&#8243;][ld_images_group_container][ld_images_group_element img_size=\u00bb400&#215;530&#8243; enable_effects=\u00bbyes\u00bb parallax=\u00bbyes\u00bb enable_image_shadow=\u00bbyes\u00bb shadow_style=\u00bb4&#8243; enable_shadow=\u00bbyes\u00bb enable_reveal=\u00bbyes\u00bb scale_from_x=\u00bb1&#8243; scale_from_y=\u00bb1&#8243; scale_from_z=\u00bb1&#8243; from_opacity=\u00bb1&#8243; scale_to_x=\u00bb1&#8243; scale_to_y=\u00bb1&#8243; scale_to_z=\u00bb1&#8243; to_opacity=\u00bb1&#8243; image=\u00bb5460&#8243; translate_from_y=\u00bb78&#8243; translate_to_y=\u00bb-78&#8243;][\/ld_images_group_element][ld_images_group_element img_size=\u00bb370&#215;450&#8243; enable_effects=\u00bbyes\u00bb parallax=\u00bbyes\u00bb enable_image_shadow=\u00bbyes\u00bb shadow_style=\u00bb3&#8243; enable_roudness=\u00bbyes\u00bb image_roudness=\u00bb8&#8243; enable_shadow=\u00bbyes\u00bb scale_from_x=\u00bb1&#8243; scale_from_y=\u00bb1&#8243; scale_from_z=\u00bb1&#8243; from_opacity=\u00bb1&#8243; scale_to_x=\u00bb1&#8243; scale_to_y=\u00bb1&#8243; scale_to_z=\u00bb1&#8243; to_opacity=\u00bb1&#8243; absolute_pos=\u00bbyes\u00bb image=\u00bb5955&#8243; position=\u00bbbottom_large:-13%25|left_large:-45%25|bottom_small:-10%25|left_small:30%25&#8243; translate_from_y=\u00bb107&#8243; translate_to_y=\u00bb-134&#8243;][\/ld_images_group_element][\/ld_images_group_container][vc_empty_space height=\u00bb200px\u00bb][\/vc_column][\/vc_row][vc_row][vc_column align=\u00bbtext-center\u00bb][vc_row_inner][vc_column_inner width=\u00bb1\/3&#8243;][ld_fancy_heading tag=\u00bbp\u00bb use_custom_fonts_title=\u00bbtrue\u00bb fs=\u00bb16px\u00bb lh=\u00bb30px\u00bb]<\/p>\n<p style=\"text-align: left;\">Un sistema tradicional que baje la temperatura a 24\u00b0C lo har\u00e1 repitiendo continuamente encendidos y apagados (On\/Off), mientras que un equipo Inverter llevar\u00e1 r\u00e1pidamente a la temperatura deseada.<\/p>\n<p>[\/ld_fancy_heading][vc_separator color=\u00bbcustom\u00bb accent_color=\u00bb#d0bd3b\u00bb][\/vc_column_inner][vc_column_inner width=\u00bb1\/3&#8243;][ld_fancy_heading tag=\u00bbp\u00bb use_custom_fonts_title=\u00bbtrue\u00bb fs=\u00bb16px\u00bb lh=\u00bb30px\u00bb]<\/p>\n<p style=\"text-align: left;\">En los Minisplit Inverter de alta eficiencia, el compresor entra en funcionamiento y, seg\u00fan la temperatura de la habitaci\u00f3n va descendiendo y acerc\u00e1ndose a la temperatura deseada.<\/p>\n<p>[\/ld_fancy_heading][vc_separator color=\u00bbcustom\u00bb accent_color=\u00bb#d0bd3b\u00bb][\/vc_column_inner][vc_column_inner width=\u00bb1\/3&#8243;][ld_fancy_heading tag=\u00bbp\u00bb use_custom_fonts_title=\u00bbtrue\u00bb fs=\u00bb16px\u00bb lh=\u00bb30px\u00bb]<\/p>\n<p style=\"text-align: left;\">El regulador de frecuencia va disminuyendo la velocidad del compresor de forma que la potencia de refrigeraci\u00f3n que entrega el equipo se adapta a la que necesitamos en cada momento.<\/p>\n<p>[\/ld_fancy_heading][vc_empty_space height=\u00bb50px\u00bb][\/vc_column_inner][\/vc_row_inner][ld_spacer][ld_fancy_heading tag=\u00bbh4&#8243; use_custom_fonts_title=\u00bbtrue\u00bb fs=\u00bb16px\u00bb lh=\u00bb30px\u00bb]<\/p>\n<p style=\"text-align: left;\"><span style=\"font-size: 24px;\">Si est\u00e1s interesado (a) en obtener un equipo minisplit inverter de alta eficiencia energ\u00e9tica para tus habitaciones o espacios de trabajo, \u00a1adquiere el tuyo en nuestra tienda!<\/span><\/p>\n<p>[\/ld_fancy_heading][\/vc_column][\/vc_row][vc_row responsive_css=\u00bbmargin_left_large:800px|margin_left_medium:350px|margin_left_small:180px\u00bb css=\u00bb.vc_custom_1656699201704{margin-left: 80px !important;}\u00bb][vc_column align=\u00bbtext-center\u00bb][ld_spacer][product id=\u00bb5954&#8243;][\/vc_column][\/vc_row]<\/p>\n","protected":false},"excerpt":{"rendered":"<p>[vc_row parallax=\u00bbenable_parallax\u00bb bg_position=\u00bbcenter center\u00bb bg_attachment=\u00bbfixed\u00bb enable_overlay=\u00bbyes\u00bb css=\u00bb.vc_custom_1614811408628{margin-top: 55px !important;padding-top: 220px !important;padding-bottom: 220px !important;background-image: url(https:\/\/skygreen.com.mx\/wp-content\/uploads\/2021\/03\/Cabecera-Aire-acondicionado.png?id=6240) !important;background-position: center;background-repeat: no-repeat;background-size:cover;}\u00bb overlay_bg=\u00bbrgba(59, 59, 59, 0.46)\u00bb][vc_column enable_content_animation=\u00bbyes\u00bb ca_init_scale_x=\u00bb1&#8243; ca_init_scale_y=\u00bb1&#8243; ca_init_scale_z=\u00bb1&#8243; ca_init_opacity=\u00bb0&#8243; ca_an_scale_x=\u00bb1&#8243; ca_an_scale_y=\u00bb1&#8243; ca_an_scale_z=\u00bb1&#8243; ca_an_opacity=\u00bb1&#8243; offset=\u00bbvc_col-lg-5 vc_col-md-6&#8243; ca_duration=\u00bb1200&#8243; ca_delay=\u00bb180&#8243; ca_init_translate_y=\u00bb40&#8243; ca_init_translate_z=\u00bb-161&#8243; ca_init_rotate_x=\u00bb-80&#8243;][ld_fancy_heading tag=\u00bbh2&#8243; use_custom_fonts_title=\u00bbtrue\u00bb fs=\u00bb36px\u00bb lh=\u00bb1.111em\u00bb color=\u00bbrgb(255, 255, 255)\u00bb]Minisplit Inverter de Alta Eficiencia[\/ld_fancy_heading][ld_spacer height=\u00bb22px\u00bb][ld_fancy_heading tag=\u00bbp\u00bb use_custom_fonts_title=\u00bbtrue\u00bb fs=\u00bb20px\u00bb lh=\u00bb25px\u00bb color=\u00bbrgb(255, 255, [&hellip;]<\/p>\n","protected":false},"author":1,"featured_media":6586,"parent":0,"menu_order":0,"comment_status":"closed","ping_status":"closed","template":"","meta":{"footnotes":""},"class_list":["post-5758","page","type-page","status-publish","has-post-thumbnail","hentry"],"_links":{"self":[{"href":"https:\/\/skygreen.com.mx\/index.php?rest_route=\/wp\/v2\/pages\/5758","targetHints":{"allow":["GET"]}}],"collection":[{"href":"https:\/\/skygreen.com.mx\/index.php?rest_route=\/wp\/v2\/pages"}],"about":[{"href":"https:\/\/skygreen.com.mx\/index.php?rest_route=\/wp\/v2\/types\/page"}],"author":[{"embeddable":true,"href":"https:\/\/skygreen.com.mx\/index.php?rest_route=\/wp\/v2\/users\/1"}],"replies":[{"embeddable":true,"href":"https:\/\/skygreen.com.mx\/index.php?rest_route=%2Fwp%2Fv2%2Fcomments&post=5758"}],"version-history":[{"count":43,"href":"https:\/\/skygreen.com.mx\/index.php?rest_route=\/wp\/v2\/pages\/5758\/revisions"}],"predecessor-version":[{"id":14044,"href":"https:\/\/skygreen.com.mx\/index.php?rest_route=\/wp\/v2\/pages\/5758\/revisions\/14044"}],"wp:featuredmedia":[{"embeddable":true,"href":"https:\/\/skygreen.com.mx\/index.php?rest_route=\/wp\/v2\/media\/6586"}],"wp:attachment":[{"href":"https:\/\/skygreen.com.mx\/index.php?rest_route=%2Fwp%2Fv2%2Fmedia&parent=5758"}],"curies":[{"name":"wp","href":"https:\/\/api.w.org\/{rel}","templated":true}]}}