{"id":5737,"date":"2020-07-10T18:39:19","date_gmt":"2020-07-10T18:39:19","guid":{"rendered":"https:\/\/skygreen.com.mx\/?page_id=5737"},"modified":"2022-06-29T18:46:15","modified_gmt":"2022-06-29T18:46:15","slug":"aire-acondicionado-solar","status":"publish","type":"page","link":"https:\/\/skygreen.com.mx\/?page_id=5737","title":{"rendered":"Aire Acondicionado 100% Solar Aut\u00f3nomo"},"content":{"rendered":"<p>[vc_row content_placement=\u00bbmiddle\u00bb parallax=\u00bbenable_parallax\u00bb bg_position=\u00bbcenter top\u00bb bg_attachment=\u00bbfixed\u00bb enable_overlay=\u00bbyes\u00bb css=\u00bb.vc_custom_1656461656649{margin-top: 55px !important;margin-bottom: 55px !important;padding-top: 220px !important;padding-bottom: 220px !important;background-image: url(https:\/\/skygreen.com.mx\/wp-content\/uploads\/2021\/03\/Aire-Solar-Portada.jpg?id=6340) !important;background-position: 0 0;background-repeat: no-repeat !important;}\u00bb overlay_bg=\u00bbrgba(59, 59, 59, 0.6)\u00bb][vc_column enable_content_animation=\u00bbyes\u00bb ca_init_scale_x=\u00bb1&#8243; ca_init_scale_y=\u00bb1&#8243; ca_init_scale_z=\u00bb1&#8243; ca_init_opacity=\u00bb0&#8243; ca_an_scale_x=\u00bb1&#8243; ca_an_scale_y=\u00bb1&#8243; ca_an_scale_z=\u00bb1&#8243; ca_an_opacity=\u00bb1&#8243; offset=\u00bbvc_col-lg-5 vc_col-md-6&#8243; ca_duration=\u00bb1200&#8243; ca_delay=\u00bb180&#8243; ca_init_translate_y=\u00bb40&#8243; ca_init_translate_z=\u00bb-161&#8243; ca_init_rotate_x=\u00bb-80&#8243;][ld_fancy_heading tag=\u00bbh2&#8243; use_custom_fonts_title=\u00bbtrue\u00bb fs=\u00bb36px\u00bb lh=\u00bb1.111em\u00bb color=\u00bbrgb(255, 255, 255)\u00bb]<strong>Aire Acondicionado 100% Solar<\/strong>[\/ld_fancy_heading][ld_spacer height=\u00bb22px\u00bb][ld_fancy_heading tag=\u00bbp\u00bb use_custom_fonts_title=\u00bbtrue\u00bb fs=\u00bb20px\u00bb lh=\u00bb25px\u00bb color=\u00bbrgb(255, 255, 255)\u00bb]Nuestro Aire Solar es ideal para usuarios que requieren disminuir su facturaci\u00f3n el\u00e9ctrica por consumo de aire o hacer c\u00f3modos sus espacios donde no hay red energ\u00e9tica.[\/ld_fancy_heading][ld_fancy_heading tag=\u00bbp\u00bb use_custom_fonts_title=\u00bbtrue\u00bb fs=\u00bb20px\u00bb lh=\u00bb25px\u00bb color=\u00bbrgb(255, 255, 255)\u00bb]No pagues por m\u00e1s de 12 a\u00f1os, y adquiere un equipo fr\u00edo\/calor ecol\u00f3gico que mejora la calidad de tu aire.[\/ld_fancy_heading][ld_spacer height=\u00bb42px\u00bb][ld_button style=\u00bbbtn-solid\u00bb title=\u00bb\u00a1Obt\u00e9n el tuyo!\u00bb transformation=\u00bbtext-uppercase\u00bb shape=\u00bbcircle\u00bb color=\u00bbrgb(221, 183, 7)\u00bb fs=\u00bb13px\u00bb lh=\u00bb1.5em\u00bb ls=\u00bb0.1em\u00bb css=\u00bb.vc_custom_1623081940612{padding-right: 1em !important;padding-left: 1em !important;}\u00bb link=\u00bburl:https%3A%2F%2Fskygreen.com.mx%2Fproducto%2Faire-acondicionado-solar%2F|title:Aire%20Acondicionado%20100%25%20Solar%2048v%2C%201TR%2B%20Kit%20Solar\u00bb text_color=\u00bbrgb(255, 255, 255)\u00bb hover_color=\u00bbrgb(94, 133, 46)\u00bb][ld_spacer height=\u00bb10px\u00bb hide=\u00bbvc_hidden-lg\u00bb sm_hide=\u00bbvc_hidden-sm\u00bb md_hide=\u00bbvc_hidden-md\u00bb xs_height=\u00bb12px\u00bb][\/vc_column][\/vc_row][vc_row][vc_column][ld_spacer height=\u00bb30px\u00bb][vc_icon icon_fontawesome=\u00bbfas fa-fan\u00bb color=\u00bbcustom\u00bb size=\u00bblg\u00bb custom_color=\u00bb#ddb707&#8243;][ld_fancy_heading tag=\u00bbh2&#8243; split_type=\u00bbwords\u00bb ca_init_scale_x=\u00bb1&#8243; ca_init_scale_y=\u00bb1&#8243; ca_init_scale_z=\u00bb1&#8243; ca_init_opacity=\u00bb1&#8243; ca_an_scale_x=\u00bb1&#8243; ca_an_scale_y=\u00bb1&#8243; ca_an_scale_z=\u00bb1&#8243; ca_an_opacity=\u00bb1&#8243; use_custom_fonts_title=\u00bbtrue\u00bb enable_split=\u00bbtrue\u00bb fs=\u00bb36px\u00bb lh=\u00bb1.11em\u00bb]\u00bfQu\u00e9 es un equipo de aire acondicionado 100% solar?[\/ld_fancy_heading][vc_separator color=\u00bbcustom\u00bb accent_color=\u00bb#ddb707&#8243;][\/vc_column][\/vc_row][vc_row equal_height=\u00bbyes\u00bb enable_content_animation=\u00bbyes\u00bb ca_init_scale_x=\u00bb0.5&#8243; ca_init_scale_y=\u00bb0.5&#8243; ca_init_scale_z=\u00bb1&#8243; ca_init_opacity=\u00bb0&#8243; ca_an_scale_x=\u00bb1&#8243; ca_an_scale_y=\u00bb1&#8243; ca_an_scale_z=\u00bb1&#8243; ca_an_opacity=\u00bb1&#8243; css=\u00bb.vc_custom_1529672350265{padding-top: 55px !important;padding-bottom: 40px !important;}\u00bb ca_duration=\u00bb1200&#8243;][vc_column width=\u00bb1\/2&#8243;][ld_icon_box i_type=\u00bbfontawesome\u00bb heading_weight=\u00bbfont-weight-bold\u00bb alignment=\u00bbtext-left\u00bb title=\u00bb100% solar\u00bb i_color=\u00bbrgb(221, 183, 7)\u00bb i_icon_fontawesome=\u00bbfas fa-sun\u00bb icon_size=\u00bb26px\u00bb]<\/p>\n<h4><span style=\"font-size: 18px;\"><a href=\"https:\/\/skygreen.com.mx\/producto\/aire-acondicionado-solar\/\"><strong>l kit solar incluye paneles solares, controlador y banco de bater\u00edas.<\/strong><\/a><\/span><\/h4>\n<p>Los paneles generan energ\u00eda el\u00e9ctrica, misma que se almacena en el banco de bater\u00edas. Cuando hay irradiaci\u00f3n solar, la energ\u00eda generada por los paneles alimenta directamente al equipo. Cuando no hay irradiaci\u00f3n solar, el banco de bater\u00edas es el suministrador de energ\u00eda.[\/ld_icon_box][ld_spacer height=\u00bb30px\u00bb][\/vc_column][vc_column width=\u00bb1\/2&#8243;][ld_icon_box i_type=\u00bbfontawesome\u00bb heading_weight=\u00bbfont-weight-bold\u00bb alignment=\u00bbtext-left\u00bb title=\u00bbInverter\u00bb i_color=\u00bbrgb(221, 183, 7)\u00bb i_icon_fontawesome=\u00bbfas fa-temperature-high\u00bb icon_size=\u00bb26px\u00bb]A trav\u00e9s de sensores (de temperatura, humedad, presi\u00f3n), el equipo trabaja a cargas parciales.<\/p>\n<p>Suministra la cantidad m\u00ednima necesaria de aire cuando no se necesita enfriamiento, y aumenta la cantidad de aire cuando se necesite enfriar.[\/ld_icon_box][ld_spacer height=\u00bb30px\u00bb][\/vc_column][vc_column width=\u00bb1\/2&#8243;][ld_icon_box i_type=\u00bbfontawesome\u00bb heading_weight=\u00bbfont-weight-bold\u00bb alignment=\u00bbtext-left\u00bb title=\u00bbEcol\u00f3gico\u00bb i_color=\u00bbrgb(221, 183, 7)\u00bb i_icon_fontawesome=\u00bbfab fa-pagelines\u00bb icon_size=\u00bb26px\u00bb]Este equipo utiliza refrigerante <strong>R410A<\/strong>, amigable con el ambiente.[\/ld_icon_box][ld_spacer height=\u00bb30px\u00bb][ld_icon_box i_type=\u00bbfontawesome\u00bb heading_weight=\u00bbfont-weight-bold\u00bb alignment=\u00bbtext-left\u00bb title=\u00bbFiltro Nano Silver\u00bb i_color=\u00bbrgb(221, 183, 7)\u00bb i_icon_fontawesome=\u00bbfas fa-filter\u00bb icon_size=\u00bb26px\u00bb]Este equipo cuenta con filtros Nanosilver, que contribuye a purificar el aire que respiras.[\/ld_icon_box][ld_spacer height=\u00bb30px\u00bb][\/vc_column][vc_column width=\u00bb1\/2&#8243;][ld_icon_box i_type=\u00bbfontawesome\u00bb heading_weight=\u00bbfont-weight-bold\u00bb alignment=\u00bbtext-left\u00bb title=\u00bbPared alta o \u201cHigh Wall\u201d\u00bb i_color=\u00bbrgb(221, 183, 7)\u00bb i_icon_fontawesome=\u00bbfas fa-caret-square-up\u00bb icon_size=\u00bb26px\u00bb]El equipo evaporador se instala en lo alto de la pared.[\/ld_icon_box][ld_spacer height=\u00bb30px\u00bb][\/vc_column][\/vc_row][vc_row css=\u00bb.vc_custom_1542877792862{padding-top: 100px !important;padding-bottom: 50px !important;}\u00bb][vc_column enable_content_animation=\u00bbyes\u00bb ca_init_scale_x=\u00bb1&#8243; ca_init_scale_y=\u00bb1&#8243; ca_init_scale_z=\u00bb1&#8243; ca_init_opacity=\u00bb0&#8243; ca_an_scale_x=\u00bb1&#8243; ca_an_scale_y=\u00bb1&#8243; ca_an_scale_z=\u00bb1&#8243; ca_an_opacity=\u00bb1&#8243; align=\u00bbtext-center\u00bb offset=\u00bbvc_col-md-offset-3 vc_col-md-6&#8243; ca_init_translate_y=\u00bb33&#8243;][ld_fancy_heading tag=\u00bbh2&#8243; use_custom_fonts_title=\u00bbtrue\u00bb fs=\u00bb44px\u00bb color=\u00bbrgb(94, 133, 46)\u00bb fw=\u00bb700&#8243;]Preguntas Frecuentes[\/ld_fancy_heading][ld_spacer height=\u00bb15px\u00bb][\/vc_column][vc_column enable_content_animation=\u00bbyes\u00bb ca_init_scale_x=\u00bb1&#8243; ca_init_scale_y=\u00bb1&#8243; ca_init_scale_z=\u00bb1&#8243; ca_init_opacity=\u00bb0&#8243; ca_an_scale_x=\u00bb1&#8243; ca_an_scale_y=\u00bb1&#8243; ca_an_scale_z=\u00bb1&#8243; ca_an_opacity=\u00bb1&#8243; css=\u00bb.vc_custom_1540575372460{padding-top: 55px !important;padding-bottom: 40px !important;border-radius: 5px !important;}\u00bb offset=\u00bbvc_col-md-offset-2 vc_col-md-8&#8243; ca_duration=\u00bb1200&#8243; ca_delay=\u00bb150&#8243; ca_init_translate_y=\u00bb35&#8243; ca_init_translate_z=\u00bb-147&#8243; ca_init_rotate_x=\u00bb-66&#8243;][vc_accordion borders=\u00bbaccordion-body-underlined\u00bb show_icon=\u00bbyes\u00bb use_custom_fonts_title=\u00bbtrue\u00bb heading_color=\u00bbrgb(59, 59, 59)\u00bb active_heading_color=\u00bbrgb(221, 183, 7)\u00bb fs=\u00bb19px\u00bb lh=\u00bb1.5em\u00bb][vc_accordion_tab title=\u00bb\u00bfD\u00f3nde puedo poner un aire acondicionado solar?\u00bb tab_id=\u00bb1532074942188-28a08668-799fdb84-761b\u00bb][vc_column_text]<\/p>\n<ul>\n<li><strong>Este equipo es ideal para zonas de gran irradiaci\u00f3n solar.<\/strong><\/li>\n<li><strong>Asimismo, se recomienda para zonas donde no hay red el\u00e9ctrica CFE o donde el suministro de electricidad presenta fallas continuas.<\/strong><\/li>\n<\/ul>\n<p>[\/vc_column_text][\/vc_accordion_tab][vc_accordion_tab title=\u00bb\u00bfPor qu\u00e9 usar un equipo de aire acondicionado 100% solar?\u00bb tab_id=\u00bbld-1594405858883-8f6e015a-0b65&#8243;][vc_column_text]Porque genera un ahorro importante debido a:<\/p>\n<ul>\n<li>El consumo el\u00e9ctrico no se carga a la facturaci\u00f3n el\u00e9ctrica CFE.<\/li>\n<li>Al no utilizar la red CFE, estoy contribuyendo en reducir la huella de carbono a raz\u00f3n de 0.39 kg de CO2 por cada kWh.<\/li>\n<\/ul>\n<p><strong>Ejemplo r\u00e1pido:<\/strong>\u00a0Un equipo de aire acondicionado tradicional de 1TR (tonelada de refrigeraci\u00f3n) consume aproximadamente 1,200 watts\/h. S\u00ed este equipo se utiliza 8 horas diarias, tenemos:<\/p>\n<p>1,200 watts = 1.2 kW x 8 horas diarias x 365 d\u00edas = 3,504 kW<\/p>\n<p>Por lo tanto, con este equipo estamos disminuyendo 1,366.56 kg de CO2 = 1.366 toneladas CO2.[\/vc_column_text][\/vc_accordion_tab][vc_accordion_tab title=\u00bbBeneficios\u00bb tab_id=\u00bb1616691191921-6e9f81ce-e6c6&#8243;][vc_column_text]<\/p>\n<ul>\n<li>\n<h4><span style=\"font-size: 18px;\"><strong>Se otorgan incentivos Fiscales por tecnolog\u00edas limpias.<\/strong><\/span><\/h4>\n<p>Puede hacer uso de la facilidad contemplada en el <a href=\"https:\/\/www.sat.gob.mx\/articulo\/61054\/articulo-34#:~:text=XII.,de%20las%20instalaciones%20del%20contribuyente.\">art 34 de la Ley del Impuesto Sobre la Renta inciso XII<\/a> que establece que se puede depreciar al 100% en el primer a\u00f1o, es decir, la inversi\u00f3n realizada en equipos que utilicen energ\u00edas renovables.<\/li>\n<li>\n<h4><span style=\"font-size: 18px;\"><strong>Utiliza refrigerante ecol\u00f3gico R410A m\u00e1s amigable para el medio y la salud de los consumidores.<\/strong><\/span><\/h4>\n<\/li>\n<li>A trav\u00e9s de la<strong> tecnolog\u00eda Inverter, se<\/strong> optimiza el consumo el\u00e9ctrico, esto maximiza la descarga de las bater\u00edas y eso redunda en la vida de las mismas.<\/li>\n<li>Cuenta con un <strong>filtro de nanoparticulas<\/strong> de plata que contribuye a la purificaci\u00f3n de tu aire.<\/li>\n<\/ul>\n<p>[\/vc_column_text][\/vc_accordion_tab][vc_accordion_tab title=\u00bbLogros\u00bb tab_id=\u00bbld-1594405906085-8e830d64-45e0&#8243;][vc_column_text]<\/p>\n<ul>\n<li>Con la instalaci\u00f3n del aire acondicionado solar, el Hotel Misi\u00f3n Juriquilla ha logrado acondicionar habitaciones sin incrementar su<strong>\u00a0facturaci\u00f3n el\u00e9ctrica.<\/strong><\/li>\n<li>Contribuye a disminuir la huella de carbono al no utilizar energ\u00eda el\u00e9ctrica de la red CFE.<\/li>\n<li>Al cambiar el refrigerante R22 por el refrigerante ecol\u00f3gico R410A, se otorgan puntos ante la SEMARNAT.<\/li>\n<li>Es m\u00e1s amigables con el ambiente.<\/li>\n<li>Aprovecha la irradiaci\u00f3n solar.<\/li>\n<li>En este ejercicio fiscal, podr\u00e1 <strong>disminuir la inversi\u00f3n<\/strong> realizada en el equipo de aire acondicionado al 100%. Esto quiere decir que de la cantidad de impuesto que le corresponde pagar en el ejercicio 2021, va a tener una disminuci\u00f3n equivalente al valor del<strong>\u00a0equipo de aire acondicionado.\u00a0\u00a0<\/strong><\/li>\n<\/ul>\n<p>[\/vc_column_text][\/vc_accordion_tab][vc_accordion_tab title=\u00bbAlcance\u00bb tab_id=\u00bbld-1594405935261-f6b0099d-dee1&#8243;][vc_column_text]<strong>El aire acondicionado<\/strong> 100% solar tiene un alcance de hasta 24 horas de uso. Dependiendo de las horas que usted utilice el equipo, ser\u00e1 el kit solar que necesite.\u00a0 Est\u00e1n disponibles los kits solares para 10, 15, 20 y 24 horas de uso.<\/p>\n<p>Para lograr este alcance se requiere que el equipo sea instalado por un<strong>\u00a0t\u00e9cnico certificado.<\/strong>[\/vc_column_text][\/vc_accordion_tab][vc_accordion_tab title=\u00bbResponsabilidad\u00bb tab_id=\u00bbld-1594405978575-7a3c77b1-2665&#8243;][vc_column_text]<strong>Sky Green<\/strong> tiene la responsabilidad de buscar equipos amigables con el ambiente, no contaminantes, y que funcionen con energ\u00eda renovable.<\/p>\n<p>En 2010, <strong>Sky Green<\/strong> fabric\u00f3 equipos con colector solar, los cuales utilizaban el poder calor\u00edfico del sol, a trav\u00e9s de una caja de calor (colector solar) para PRE-calentar y PRE-presurizar el gas refrigerante, logrando con ello disminuir el trabajo del compresor al recibir un gas precalentado y pre-presurizado.<\/p>\n<p>En 2018 lanzamos este aire acondicionado 100% solar para continuar con nuestro compromiso de manejar equipos que utilicen <strong>energ\u00edas renovables y ayuden al ahorro de nuestros usuarios.<\/strong>[\/vc_column_text][\/vc_accordion_tab][\/vc_accordion][\/vc_column][\/vc_row][vc_row][vc_column align=\u00bbtext-center\u00bb][ld_button style=\u00bbbtn-solid\u00bb title=\u00bbCont\u00e1ctanos\u00bb shape=\u00bbround\u00bb link=\u00bburl:https%3A%2F%2Fskygreen.com.mx%2Fcontacto%2F|title:Contacto||\u00bb color=\u00bbrgb(221, 183, 7)\u00bb hover_color=\u00bbrgb(94, 133, 46)\u00bb text_color=\u00bbrgb(255, 255, 255)\u00bb][ld_spacer][\/vc_column][\/vc_row]<\/p>\n","protected":false},"excerpt":{"rendered":"<p>[vc_row content_placement=\u00bbmiddle\u00bb parallax=\u00bbenable_parallax\u00bb bg_position=\u00bbcenter top\u00bb bg_attachment=\u00bbfixed\u00bb enable_overlay=\u00bbyes\u00bb css=\u00bb.vc_custom_1656461656649{margin-top: 55px !important;margin-bottom: 55px !important;padding-top: 220px !important;padding-bottom: 220px !important;background-image: url(https:\/\/skygreen.com.mx\/wp-content\/uploads\/2021\/03\/Aire-Solar-Portada.jpg?id=6340) !important;background-position: 0 0;background-repeat: no-repeat !important;}\u00bb overlay_bg=\u00bbrgba(59, 59, 59, 0.6)\u00bb][vc_column enable_content_animation=\u00bbyes\u00bb ca_init_scale_x=\u00bb1&#8243; ca_init_scale_y=\u00bb1&#8243; ca_init_scale_z=\u00bb1&#8243; ca_init_opacity=\u00bb0&#8243; ca_an_scale_x=\u00bb1&#8243; ca_an_scale_y=\u00bb1&#8243; ca_an_scale_z=\u00bb1&#8243; ca_an_opacity=\u00bb1&#8243; offset=\u00bbvc_col-lg-5 vc_col-md-6&#8243; ca_duration=\u00bb1200&#8243; ca_delay=\u00bb180&#8243; ca_init_translate_y=\u00bb40&#8243; ca_init_translate_z=\u00bb-161&#8243; ca_init_rotate_x=\u00bb-80&#8243;][ld_fancy_heading tag=\u00bbh2&#8243; use_custom_fonts_title=\u00bbtrue\u00bb fs=\u00bb36px\u00bb lh=\u00bb1.111em\u00bb color=\u00bbrgb(255, 255, 255)\u00bb]Aire Acondicionado 100% Solar[\/ld_fancy_heading][ld_spacer height=\u00bb22px\u00bb][ld_fancy_heading tag=\u00bbp\u00bb use_custom_fonts_title=\u00bbtrue\u00bb [&hellip;]<\/p>\n","protected":false},"author":1,"featured_media":0,"parent":0,"menu_order":0,"comment_status":"closed","ping_status":"closed","template":"","meta":{"footnotes":""},"class_list":["post-5737","page","type-page","status-publish","hentry"],"_links":{"self":[{"href":"https:\/\/skygreen.com.mx\/index.php?rest_route=\/wp\/v2\/pages\/5737","targetHints":{"allow":["GET"]}}],"collection":[{"href":"https:\/\/skygreen.com.mx\/index.php?rest_route=\/wp\/v2\/pages"}],"about":[{"href":"https:\/\/skygreen.com.mx\/index.php?rest_route=\/wp\/v2\/types\/page"}],"author":[{"embeddable":true,"href":"https:\/\/skygreen.com.mx\/index.php?rest_route=\/wp\/v2\/users\/1"}],"replies":[{"embeddable":true,"href":"https:\/\/skygreen.com.mx\/index.php?rest_route=%2Fwp%2Fv2%2Fcomments&post=5737"}],"version-history":[{"count":54,"href":"https:\/\/skygreen.com.mx\/index.php?rest_route=\/wp\/v2\/pages\/5737\/revisions"}],"predecessor-version":[{"id":13360,"href":"https:\/\/skygreen.com.mx\/index.php?rest_route=\/wp\/v2\/pages\/5737\/revisions\/13360"}],"wp:attachment":[{"href":"https:\/\/skygreen.com.mx\/index.php?rest_route=%2Fwp%2Fv2%2Fmedia&parent=5737"}],"curies":[{"name":"wp","href":"https:\/\/api.w.org\/{rel}","templated":true}]}}