{"id":5667,"date":"2020-07-02T23:12:25","date_gmt":"2020-07-02T23:12:25","guid":{"rendered":"https:\/\/skygreen.com.mx\/?page_id=5667"},"modified":"2022-07-06T17:07:36","modified_gmt":"2022-07-06T17:07:36","slug":"planes-de-mantenimiento","status":"publish","type":"page","link":"https:\/\/skygreen.com.mx\/?page_id=5667","title":{"rendered":"Planes de mantenimiento"},"content":{"rendered":"<p>[vc_row parallax=\u00bbenable_parallax\u00bb bg_position=\u00bbcenter center\u00bb bg_attachment=\u00bbfixed\u00bb enable_overlay=\u00bbyes\u00bb css=\u00bb.vc_custom_1615510736523{margin-top: 55px !important;padding-top: 220px !important;padding-bottom: 220px !important;background-image: url(https:\/\/skygreen.com.mx\/wp-content\/uploads\/2021\/03\/Portadas-de-paginas-del-sitio-web-Mantenimiento.png?id=6278) !important;}\u00bb hover_overlay_bg=\u00bbrgba(0, 0, 0, 0.15)\u00bb][vc_column enable_content_animation=\u00bbyes\u00bb ca_init_scale_x=\u00bb1&#8243; ca_init_scale_y=\u00bb1&#8243; ca_init_scale_z=\u00bb1&#8243; ca_init_opacity=\u00bb0&#8243; ca_an_scale_x=\u00bb1&#8243; ca_an_scale_y=\u00bb1&#8243; ca_an_scale_z=\u00bb1&#8243; ca_an_opacity=\u00bb1&#8243; align=\u00bbtext-center\u00bb bg_position=\u00bbcenter center\u00bb offset=\u00bbvc_col-lg-5 vc_col-md-6&#8243; ca_duration=\u00bb1200&#8243; ca_delay=\u00bb180&#8243; ca_init_translate_y=\u00bb40&#8243; ca_init_translate_z=\u00bb-161&#8243; ca_init_rotate_x=\u00bb-80&#8243;][ld_fancy_heading tag=\u00bbh2&#8243; use_custom_fonts_title=\u00bbtrue\u00bb fs=\u00bb36px\u00bb lh=\u00bb1.111em\u00bb color=\u00bbrgb(255, 255, 255)\u00bb]Planes de mantenimiento[\/ld_fancy_heading][ld_spacer height=\u00bb10px\u00bb][vc_column_text]<span style=\"color: #ffffff;\"><span style=\"font-weight: 400; font-size: 16px;\">Nuestros planes de mantenimiento buscan prolongar la vida y evitar problemas que puedan tener los equipos de <a style=\"color: #ffffff;\" href=\"https:\/\/skygreen.com.mx\/aire-alta-eficiencia\/\">climatizaci\u00f3n<\/a><\/span><span style=\"font-weight: 400; font-size: 16px;\"> o solares.<\/span> <\/span><\/p>\n<p><span style=\"color: #ffffff;\"><span style=\"font-weight: 400; font-size: 16px;\">Por tanto, no permiten un adecuado funcionamiento y comprometen la calidad del aire y energ\u00eda que consumes.\u00a0<\/span><\/span>[\/vc_column_text][ld_spacer height=\u00bb30px\u00bb][ld_button style=\u00bbbtn-solid\u00bb title=\u00bbSolicitar informaci\u00f3n\u00bb transformation=\u00bbtext-uppercase\u00bb shape=\u00bbcircle\u00bb color=\u00bb#ddb707&#8243; fs=\u00bb13px\u00bb lh=\u00bb1.5em\u00bb ls=\u00bb0.1em\u00bb css=\u00bb.vc_custom_1619477759473{margin-top: -15px !important;padding-right: 1em !important;padding-left: 1em !important;}\u00bb hover_color=\u00bb#5e852e\u00bb text_color=\u00bbrgb(255, 255, 255)\u00bb link=\u00bburl:https%3A%2F%2Fskygreen.com.mx%2Fcontacto%2F|||\u00bb][ld_spacer height=\u00bb10px\u00bb hide=\u00bbvc_hidden-lg\u00bb sm_hide=\u00bbvc_hidden-sm\u00bb md_hide=\u00bbvc_hidden-md\u00bb xs_height=\u00bb12px\u00bb][\/vc_column][\/vc_row][vc_row full_width=\u00bbstretch_row\u00bb gap=\u00bb10&#8243; equal_height=\u00bbyes\u00bb content_placement=\u00bbmiddle\u00bb css=\u00bb.vc_custom_1619477419948{background-color: #ddb707 !important;}\u00bb][vc_column width=\u00bb1\/6&#8243;][\/vc_column][vc_column width=\u00bb2\/3&#8243; responsive_align=\u00bbtext-lg-center\u00bb][ld_fancy_heading tag=\u00bbh2&#8243; transform=\u00bbtext-uppercase\u00bb ca_init_scale_x=\u00bb1&#8243; ca_init_scale_y=\u00bb1&#8243; ca_init_scale_z=\u00bb1&#8243; ca_init_opacity=\u00bb0&#8243; ca_an_scale_x=\u00bb1&#8243; ca_an_scale_y=\u00bb1&#8243; ca_an_scale_z=\u00bb1&#8243; ca_an_opacity=\u00bb1&#8243; enable_split=\u00bbtrue\u00bb margin=\u00bbbottom_all:-20px|bottom_large:-20px|bottom_medium:-20px|top_small:0px|bottom_small:0px\u00bb duration=\u00bb1200&#8243; delay=\u00bb120&#8243; ca_init_translate_y=\u00bb45&#8243;]<\/p>\n<h3 style=\"text-align: center;\"><span style=\"color: #ffffff; font-size: 24px;\"><strong>\u00a1Hasta 12 meses sin intereses en tu p\u00f3liza!<\/strong><\/span><\/h3>\n<p>[\/ld_fancy_heading][\/vc_column][vc_column width=\u00bb1\/6&#8243;][\/vc_column][\/vc_row][vc_row css=\u00bb.vc_custom_1619475921242{background-color: #eadc83 !important;}\u00bb][vc_column width=\u00bb2\/3&#8243;][ld_spacer][vc_row_inner][vc_column_inner bg_position=\u00bbcenter center\u00bb responsive_align=\u00bbtext-lg-center text-md-center text-sm-center text-xs-center\u00bb][vc_column_text]<\/p>\n<p style=\"text-align: center;\"><span style=\"font-size: 18px;\"><strong><span style=\"color: #000000;\">Cotiza <\/span><\/strong><strong><span style=\"color: #000000;\">tu p\u00f3liza de mantenimiento <\/span><\/strong><strong><span style=\"color: #000000;\">y paga a 12 mensualidades sin intereses.\u00a0\u00a0<\/span><\/strong><\/span><\/p>\n<p>[\/vc_column_text][vc_column_text]<\/p>\n<p style=\"text-align: center;\"><span style=\"font-size: 18px; color: #000000;\">Ideal para instalaciones condominiales, oficinas, hoteles y edificios.<\/span><\/p>\n<p style=\"text-align: center;\"><span style=\"font-size: 16px; color: #000000;\">Promoci\u00f3n v\u00e1lida para instalaciones mayores a 20 equipos.\u00a0<\/span><\/p>\n<p>[\/vc_column_text][ld_spacer][vc_column_text css_animation=\u00bbfadeIn\u00bb]<\/p>\n<p style=\"text-align: center;\"><span style=\"font-size: 24px; color: #000000;\"><strong><a style=\"color: #000000;\" href=\"https:\/\/api.whatsapp.com\/send\/?phone=5215534331099&amp;text=Hola%2C+estoy+interesad@+en+una+promoci%C3%B3n+de+mantenimiento+a+12+meses%2C+me+puede+brindar+informaci%C3%B3n.&amp;app_absent=0\">Haz clic para solicitar m\u00e1s informaci\u00f3n o cotizar<\/a><\/strong><\/span><\/p>\n<p>[\/vc_column_text][\/vc_column_inner][\/vc_row_inner][\/vc_column][vc_column width=\u00bb1\/3&#8243;][vc_single_image image=\u00bb6492&#8243; img_size=\u00bbmedium\u00bb alignment=\u00bbcenter\u00bb][ld_spacer][\/vc_column][\/vc_row][vc_row][vc_column width=\u00bb1\/4&#8243;][ld_spacer height=\u00bb100 px\u00bb][ld_fancy_heading tag=\u00bbh2&#8243; transform=\u00bbtext-uppercase\u00bb ca_init_scale_x=\u00bb1&#8243; ca_init_scale_y=\u00bb1&#8243; ca_init_scale_z=\u00bb1&#8243; ca_init_opacity=\u00bb0&#8243; ca_an_scale_x=\u00bb1&#8243; ca_an_scale_y=\u00bb1&#8243; ca_an_scale_z=\u00bb1&#8243; ca_an_opacity=\u00bb1&#8243; enable_split=\u00bbtrue\u00bb margin=\u00bbtop_small:0px\u00bb duration=\u00bb1200&#8243; delay=\u00bb120&#8243; ca_init_translate_y=\u00bb45&#8243;]<span style=\"font-size: 21px;\"><strong>Conoce nuestros planes de mantenimiento <\/strong><\/span><span style=\"font-size: 21px;\"><strong>para equipos de climatizaci\u00f3n y solares; <\/strong><\/span><br \/>\n<span style=\"font-size: 21px;\"><strong>elige el que m\u00e1s resuelva tus necesidades<\/strong><\/span>[\/ld_fancy_heading][vc_separator color=\u00bbcustom\u00bb accent_color=\u00bb#5e852e\u00bb css=\u00bb.vc_custom_1615475694418{margin-top: -10px !important;}\u00bb][\/vc_column][vc_column width=\u00bb3\/4&#8243;][vc_empty_space height=\u00bb200 px\u00bb][\/vc_column][\/vc_row][vc_row css=\u00bb.vc_custom_1615476831552{margin-bottom: 20px !important;}\u00bb][vc_column width=\u00bb1\/3&#8243;][ld_fancy_heading tag=\u00bbp\u00bb ca_init_scale_x=\u00bb1&#8243; ca_init_scale_y=\u00bb1&#8243; ca_init_scale_z=\u00bb1&#8243; ca_init_opacity=\u00bb1&#8243; ca_an_scale_x=\u00bb1&#8243; ca_an_scale_y=\u00bb1&#8243; ca_an_scale_z=\u00bb1&#8243; ca_an_opacity=\u00bb1&#8243; enable_split=\u00bbtrue\u00bb]<span style=\"color: #5e852e;\"><b>Plan correctivo:<\/b><\/span>[\/ld_fancy_heading][vc_column_text]<span style=\"font-weight: 400;\">Damos atenci\u00f3n a problemas localizados inmediatos, desde la reparaci\u00f3n hasta la sustituci\u00f3n de refacciones o componentes.\u00a0<\/span>[\/vc_column_text][ld_spacer][\/vc_column][vc_column width=\u00bb1\/3&#8243;][ld_fancy_heading tag=\u00bbp\u00bb ca_init_scale_x=\u00bb1&#8243; ca_init_scale_y=\u00bb1&#8243; ca_init_scale_z=\u00bb1&#8243; ca_init_opacity=\u00bb1&#8243; ca_an_scale_x=\u00bb1&#8243; ca_an_scale_y=\u00bb1&#8243; ca_an_scale_z=\u00bb1&#8243; ca_an_opacity=\u00bb1&#8243; enable_split=\u00bbtrue\u00bb]<a href=\"https:\/\/www.facebook.com\/SkyGreenEnergia\/photos\/a.1277787235755507\/1673768106157416\/\"><span style=\"color: #5e852e;\"><b>Plan preventivo:<\/b><\/span><\/a>[\/ld_fancy_heading][vc_column_text]<span style=\"font-weight: 400;\">Tratamos la conservaci\u00f3n de equipos, verificando y retirando la contaminaci\u00f3n de los equipos para extender su vida, a trav\u00e9s de la limpieza de cada componente.\u00a0<\/span>[\/vc_column_text][ld_spacer][\/vc_column][vc_column width=\u00bb1\/3&#8243;][ld_fancy_heading tag=\u00bbp\u00bb ca_init_scale_x=\u00bb1&#8243; ca_init_scale_y=\u00bb1&#8243; ca_init_scale_z=\u00bb1&#8243; ca_init_opacity=\u00bb1&#8243; ca_an_scale_x=\u00bb1&#8243; ca_an_scale_y=\u00bb1&#8243; ca_an_scale_z=\u00bb1&#8243; ca_an_opacity=\u00bb1&#8243; enable_split=\u00bbtrue\u00bb]<span style=\"color: #5e852e;\"><b>Plan predictivo:\u00a0<\/b><\/span>[\/ld_fancy_heading][vc_column_text]<span style=\"font-weight: 400;\">A partir de un conjunto de t\u00e9cnicas y pruebas en evaluaci\u00f3n del equipo en funci\u00f3n, realizamos una prospectiva del rendimiento del equipo.\u00a0<\/span>[\/vc_column_text][vc_column_text]<span style=\"font-weight: 400;\">Por lo que buscamos extender y optimizar las funciones del mismo o predecir alg\u00fan futuro problema.<\/span>[\/vc_column_text][ld_spacer][\/vc_column][\/vc_row][vc_row][vc_column][vc_raw_html]JTVCc3Bfd3BjYXJvdXNlbCUyMGlkJTNEJTIyNjQyMiUyMiU1RA==[\/vc_raw_html][\/vc_column][\/vc_row][vc_row css=\u00bb.vc_custom_1615476850127{margin-top: 20px !important;}\u00bb][vc_column align=\u00bbtext-center\u00bb][ld_button style=\u00bbbtn-solid\u00bb title=\u00bbCont\u00e1ctanos\u00bb shape=\u00bbround\u00bb link=\u00bburl:https%3A%2F%2Fskygreen.com.mx%2Fcontacto%2F|title:Contacto||\u00bb color=\u00bbrgb(221, 183, 7)\u00bb hover_color=\u00bbrgb(94, 133, 46)\u00bb text_color=\u00bbrgb(255, 255, 255)\u00bb][ld_spacer][\/vc_column][\/vc_row]<\/p>\n","protected":false},"excerpt":{"rendered":"<p>[vc_row parallax=\u00bbenable_parallax\u00bb bg_position=\u00bbcenter center\u00bb bg_attachment=\u00bbfixed\u00bb enable_overlay=\u00bbyes\u00bb css=\u00bb.vc_custom_1615510736523{margin-top: 55px !important;padding-top: 220px !important;padding-bottom: 220px !important;background-image: url(https:\/\/skygreen.com.mx\/wp-content\/uploads\/2021\/03\/Portadas-de-paginas-del-sitio-web-Mantenimiento.png?id=6278) !important;}\u00bb hover_overlay_bg=\u00bbrgba(0, 0, 0, 0.15)\u00bb][vc_column enable_content_animation=\u00bbyes\u00bb ca_init_scale_x=\u00bb1&#8243; ca_init_scale_y=\u00bb1&#8243; ca_init_scale_z=\u00bb1&#8243; ca_init_opacity=\u00bb0&#8243; ca_an_scale_x=\u00bb1&#8243; ca_an_scale_y=\u00bb1&#8243; ca_an_scale_z=\u00bb1&#8243; ca_an_opacity=\u00bb1&#8243; align=\u00bbtext-center\u00bb bg_position=\u00bbcenter center\u00bb offset=\u00bbvc_col-lg-5 vc_col-md-6&#8243; ca_duration=\u00bb1200&#8243; ca_delay=\u00bb180&#8243; ca_init_translate_y=\u00bb40&#8243; ca_init_translate_z=\u00bb-161&#8243; ca_init_rotate_x=\u00bb-80&#8243;][ld_fancy_heading tag=\u00bbh2&#8243; use_custom_fonts_title=\u00bbtrue\u00bb fs=\u00bb36px\u00bb lh=\u00bb1.111em\u00bb color=\u00bbrgb(255, 255, 255)\u00bb]Planes de mantenimiento[\/ld_fancy_heading][ld_spacer height=\u00bb10px\u00bb][vc_column_text]Nuestros planes de mantenimiento buscan prolongar la vida [&hellip;]<\/p>\n","protected":false},"author":1,"featured_media":6278,"parent":0,"menu_order":0,"comment_status":"closed","ping_status":"closed","template":"","meta":{"footnotes":""},"class_list":["post-5667","page","type-page","status-publish","has-post-thumbnail","hentry"],"_links":{"self":[{"href":"https:\/\/skygreen.com.mx\/index.php?rest_route=\/wp\/v2\/pages\/5667","targetHints":{"allow":["GET"]}}],"collection":[{"href":"https:\/\/skygreen.com.mx\/index.php?rest_route=\/wp\/v2\/pages"}],"about":[{"href":"https:\/\/skygreen.com.mx\/index.php?rest_route=\/wp\/v2\/types\/page"}],"author":[{"embeddable":true,"href":"https:\/\/skygreen.com.mx\/index.php?rest_route=\/wp\/v2\/users\/1"}],"replies":[{"embeddable":true,"href":"https:\/\/skygreen.com.mx\/index.php?rest_route=%2Fwp%2Fv2%2Fcomments&post=5667"}],"version-history":[{"count":83,"href":"https:\/\/skygreen.com.mx\/index.php?rest_route=\/wp\/v2\/pages\/5667\/revisions"}],"predecessor-version":[{"id":6524,"href":"https:\/\/skygreen.com.mx\/index.php?rest_route=\/wp\/v2\/pages\/5667\/revisions\/6524"}],"wp:featuredmedia":[{"embeddable":true,"href":"https:\/\/skygreen.com.mx\/index.php?rest_route=\/wp\/v2\/media\/6278"}],"wp:attachment":[{"href":"https:\/\/skygreen.com.mx\/index.php?rest_route=%2Fwp%2Fv2%2Fmedia&parent=5667"}],"curies":[{"name":"wp","href":"https:\/\/api.w.org\/{rel}","templated":true}]}}