{"id":5595,"date":"2020-07-01T22:59:54","date_gmt":"2020-07-01T22:59:54","guid":{"rendered":"https:\/\/skygreen.com.mx\/?page_id=5595"},"modified":"2022-06-30T21:05:46","modified_gmt":"2022-06-30T21:05:46","slug":"granja-solar","status":"publish","type":"page","link":"https:\/\/skygreen.com.mx\/?page_id=5595","title":{"rendered":"Granja solar"},"content":{"rendered":"<p>[vc_row parallax=\u00bbenable_parallax\u00bb css=\u00bb.vc_custom_1593647057583{margin-top: 55px !important;padding-top: 220px !important;padding-bottom: 220px !important;background-image: url(https:\/\/skygreen.com.mx\/wp-content\/uploads\/2020\/07\/15600-scaled-e1593646975855.jpg?id=5634) !important;background-position: center;background-repeat: no-repeat;background-size:cover !important;}\u00bb][vc_column enable_content_animation=\u00bbyes\u00bb ca_init_scale_x=\u00bb1&#8243; ca_init_scale_y=\u00bb1&#8243; ca_init_scale_z=\u00bb1&#8243; ca_init_opacity=\u00bb0&#8243; ca_an_scale_x=\u00bb1&#8243; ca_an_scale_y=\u00bb1&#8243; ca_an_scale_z=\u00bb1&#8243; ca_an_opacity=\u00bb1&#8243; offset=\u00bbvc_col-lg-5 vc_col-md-6&#8243; ca_duration=\u00bb1200&#8243; ca_delay=\u00bb180&#8243; ca_init_translate_y=\u00bb40&#8243; ca_init_translate_z=\u00bb-161&#8243; ca_init_rotate_x=\u00bb-80&#8243;][ld_fancy_heading tag=\u00bbh2&#8243; use_custom_fonts_title=\u00bbtrue\u00bb fs=\u00bb36px\u00bb lh=\u00bb1.111em\u00bb color=\u00bbrgb(255, 255, 255)\u00bb]<strong>Granja solar, energ\u00eda y paneles<\/strong>[\/ld_fancy_heading][ld_spacer height=\u00bb22px\u00bb][ld_fancy_heading tag=\u00bbp\u00bb use_custom_fonts_title=\u00bbtrue\u00bb fs=\u00bb20px\u00bb lh=\u00bb25px\u00bb color=\u00bbrgb(255, 255, 255)\u00bb]Con tu granja solar produce energ\u00eda descentralizada y limpia con paneles solares, pensada para uno o m\u00e1s usuarios que requieran electricidad. Es una fuente colectiva de generaci\u00f3n el\u00e9ctrica.[\/ld_fancy_heading][ld_spacer height=\u00bb42px\u00bb][ld_button style=\u00bbbtn-solid\u00bb title=\u00bbConoce m\u00e1s\u00bb transformation=\u00bbtext-uppercase\u00bb link_type=\u00bbscroll_to_section\u00bb shape=\u00bbcircle\u00bb color=\u00bb#ddb707&#8243; fs=\u00bb13px\u00bb lh=\u00bb1.5em\u00bb ls=\u00bb0.1em\u00bb css=\u00bb.vc_custom_1595489382968{padding-right: 1em !important;padding-left: 1em !important;}\u00bb hover_color=\u00bb#5e852e\u00bb text_color=\u00bbrgb(255, 255, 255)\u00bb][ld_spacer height=\u00bb10px\u00bb hide=\u00bbvc_hidden-lg\u00bb sm_hide=\u00bbvc_hidden-sm\u00bb md_hide=\u00bbvc_hidden-md\u00bb xs_height=\u00bb12px\u00bb][\/vc_column][\/vc_row][vc_row equal_height=\u00bbyes\u00bb css=\u00bb.vc_custom_1595489377657{padding-top: 80px !important;padding-bottom: 80px !important;}\u00bb][vc_column parallax=\u00bbyes\u00bb width=\u00bb2\/3&#8243; scale_from_x=\u00bb1&#8243; scale_from_y=\u00bb1&#8243; scale_from_z=\u00bb1&#8243; from_opacity=\u00bb1&#8243; scale_to_x=\u00bb1&#8243; scale_to_y=\u00bb1&#8243; scale_to_z=\u00bb1&#8243; to_opacity=\u00bb1&#8243; enable_content_animation=\u00bbyes\u00bb ca_init_scale_x=\u00bb1&#8243; ca_init_scale_y=\u00bb1&#8243; ca_init_scale_z=\u00bb1&#8243; ca_init_opacity=\u00bb0&#8243; ca_an_scale_x=\u00bb1&#8243; ca_an_scale_y=\u00bb1&#8243; ca_an_scale_z=\u00bb1&#8243; ca_an_opacity=\u00bb1&#8243; offset=\u00bbvc_col-md-offset-0 vc_col-md-3&#8243; ca_init_translate_y=\u00bb35&#8243; translate_from_y=\u00bb100&#8243; translate_to_y=\u00bb-169&#8243; ca_init_translate_x=\u00bb0&#8243; ca_duration=\u00bb1200&#8243; ca_delay=\u00bb150&#8243;][vc_icon icon_fontawesome=\u00bbfas fa-solar-panel\u00bb color=\u00bbcustom\u00bb custom_color=\u00bb#ddb707&#8243;][ld_fancy_heading tag=\u00bbh2&#8243; split_type=\u00bbwords\u00bb ca_init_scale_x=\u00bb1&#8243; ca_init_scale_y=\u00bb1&#8243; ca_init_scale_z=\u00bb1&#8243; ca_init_opacity=\u00bb1&#8243; ca_an_scale_x=\u00bb1&#8243; ca_an_scale_y=\u00bb1&#8243; ca_an_scale_z=\u00bb1&#8243; ca_an_opacity=\u00bb1&#8243; use_custom_fonts_title=\u00bbtrue\u00bb enable_split=\u00bbtrue\u00bb fs=\u00bb36px\u00bb lh=\u00bb1.11em\u00bb]\u00bfQu\u00e9 es una granja solar?[\/ld_fancy_heading][vc_separator color=\u00bbcustom\u00bb accent_color=\u00bb#ddb707&#8243;][\/vc_column][vc_column width=\u00bb2\/3&#8243; align=\u00bbtext-center\u00bb offset=\u00bbvc_col-md-offset-1 vc_col-md-4&#8243;][vc_row_inner][vc_column_inner parallax=\u00bbyes\u00bb width=\u00bb5\/6&#8243; scale_from_x=\u00bb1&#8243; scale_from_y=\u00bb1&#8243; scale_from_z=\u00bb1&#8243; from_opacity=\u00bb1&#8243; scale_to_x=\u00bb1&#8243; scale_to_y=\u00bb1&#8243; scale_to_z=\u00bb1&#8243; to_opacity=\u00bb1&#8243; enable_content_animation=\u00bbyes\u00bb ca_init_scale_x=\u00bb1&#8243; ca_init_scale_y=\u00bb1&#8243; ca_init_scale_z=\u00bb1&#8243; ca_init_opacity=\u00bb0&#8243; ca_an_scale_x=\u00bb1&#8243; ca_an_scale_y=\u00bb1&#8243; ca_an_scale_z=\u00bb1&#8243; ca_an_opacity=\u00bb1&#8243; align=\u00bbtext-left\u00bb offset=\u00bbvc_col-md-offset-1&#8243; ca_start_delay=\u00bb250&#8243; ca_init_translate_y=\u00bb38&#8243; translate_from_y=\u00bb100&#8243; translate_to_y=\u00bb-100&#8243; ca_duration=\u00bb1200&#8243; ca_delay=\u00bb150&#8243;][ld_fancy_heading tag=\u00bbp\u00bb]<\/p>\n<div id=\"qx-row-204189\" class=\"qx-row \">Es la <strong>unidad generadora<\/strong> capaz de convertir la radiaci\u00f3n solar incidente directamente en <strong>energ\u00eda el\u00e9ctrica<\/strong> en forma de corriente directa.<\/div>\n<p>[\/ld_fancy_heading][ld_fancy_heading tag=\u00bbp\u00bb margin=\u00bbbottom_small:24px\u00bb]La energ\u00eda excedente se entrega a la Red CFE y cuando necesitemos energ\u00eda y no hay sol, se toma la energ\u00eda de la Red CFE.[\/ld_fancy_heading][ld_fancy_heading tag=\u00bbp\u00bb]<strong>Opera dentro de un marco legal<\/strong> que permite al usuario beneficiarse del mecanismo de medici\u00f3n neta consumo el\u00e9ctrico.[\/ld_fancy_heading][\/vc_column_inner][\/vc_row_inner][\/vc_column][vc_column parallax=\u00bbyes\u00bb width=\u00bb2\/3&#8243; scale_from_x=\u00bb1&#8243; scale_from_y=\u00bb1&#8243; scale_from_z=\u00bb1&#8243; from_opacity=\u00bb1&#8243; scale_to_x=\u00bb1&#8243; scale_to_y=\u00bb1&#8243; scale_to_z=\u00bb1&#8243; to_opacity=\u00bb1&#8243; enable_content_animation=\u00bbyes\u00bb ca_init_scale_x=\u00bb1&#8243; ca_init_scale_y=\u00bb1&#8243; ca_init_scale_z=\u00bb1&#8243; ca_init_opacity=\u00bb0&#8243; ca_an_scale_x=\u00bb1&#8243; ca_an_scale_y=\u00bb1&#8243; ca_an_scale_z=\u00bb1&#8243; ca_an_opacity=\u00bb1&#8243; offset=\u00bbvc_col-md-offset-1 vc_col-md-3&#8243; ca_start_delay=\u00bb500&#8243; ca_init_translate_y=\u00bb40&#8243; translate_from_y=\u00bb100&#8243; translate_to_y=\u00bb-29&#8243; ca_init_translate_x=\u00bb0&#8243; ca_duration=\u00bb1200&#8243; ca_delay=\u00bb150&#8243;][ld_fancy_heading tag=\u00bbp\u00bb]E<strong>s recomendable integrar los paneles en el dise\u00f1o de edificaci\u00f3n<\/strong> como parte de los materiales en techos y \u00e1reas comunes como estacionamientos, fachadas, marquesinas, etc.[\/ld_fancy_heading][\/vc_column][\/vc_row][vc_row content_placement=\u00bbmiddle\u00bb css=\u00bb.vc_custom_1543480526794{padding-top: 15px !important;padding-bottom: 20px !important;}\u00bb responsive_css=\u00bbpadding_top_medium:70px|padding_bottom_medium:70px\u00bb][vc_column offset=\u00bbvc_col-lg-6 vc_col-md-5&#8243;][ld_images_group_container][ld_images_group_element enable_image_shadow=\u00bbyes\u00bb shadow_style=\u00bb4&#8243; enable_roudness=\u00bbyes\u00bb image_roudness=\u00bb2&#8243; enable_shadow=\u00bbyes\u00bb image=\u00bb5398&#8243; margin=\u00bbleft_large:-21vw\u00bb][\/ld_images_group_element][\/ld_images_group_container][\/vc_column][vc_column parallax=\u00bbyes\u00bb scale_from_x=\u00bb1&#8243; scale_from_y=\u00bb1&#8243; scale_from_z=\u00bb1&#8243; from_opacity=\u00bb1&#8243; scale_to_x=\u00bb1&#8243; scale_to_y=\u00bb1&#8243; scale_to_z=\u00bb1&#8243; to_opacity=\u00bb1&#8243; offset=\u00bbvc_col-lg-6 vc_col-md-7&#8243; css=\u00bb.vc_custom_1543609823056{padding-top: 15px !important;padding-bottom: 15px !important;}\u00bb translate_from_y=\u00bb59&#8243; translate_to_y=\u00bb-73&#8243; el_class=\u00bbz-index-2&#8243; responsive_css=\u00bbpadding_top_medium:25px|padding_bottom_medium:65px\u00bb][ld_fancy_heading tag=\u00bbh2&#8243; split_type=\u00bbchars, words\u00bb easing=\u00bbeaseOutBack\u00bb ca_init_scale_x=\u00bb1&#8243; ca_init_scale_y=\u00bb1&#8243; ca_init_scale_z=\u00bb1&#8243; ca_init_opacity=\u00bb0&#8243; ca_an_scale_x=\u00bb1&#8243; ca_an_scale_y=\u00bb1&#8243; ca_an_scale_z=\u00bb1&#8243; ca_an_opacity=\u00bb1&#8243; use_custom_fonts_title=\u00bbtrue\u00bb enable_fit=\u00bbtrue\u00bb enable_split=\u00bbtrue\u00bb compressor=\u00bb0.75&#8243; minfontsize=\u00bb48&#8243; fs=\u00bb75px\u00bb lh=\u00bb1em\u00bb duration=\u00bb1200&#8243; delay=\u00bb60&#8243; ca_init_translate_y=\u00bb25&#8243; margin=\u00bbleft_large:-18%25&#8243; color=\u00bbrgb(221, 183, 7)\u00bb]Granjas solares urbanas[\/ld_fancy_heading][vc_row_inner responsive_css=\u00bbpadding_left_medium:10%25&#8243;][vc_column_inner css=\u00bb.vc_custom_1543609705491{padding-bottom: 20px !important;}\u00bb][vc_column_text css=\u00bb.vc_custom_1593646031743{margin-bottom: 60px !important;}\u00bb]<\/p>\n<h4>Oportunidad de negocio para constructores en fraccionamientos y edificios.<\/h4>\n<p>[\/vc_column_text][vc_column_text css=\u00bb.vc_custom_1656623096866{padding-right: 5% !important;padding-bottom: 30px !important;}\u00bb]<a href=\"https:\/\/www.dof.gob.mx\/nota_detalle.php?codigo=5596374&amp;fecha=08\/07\/2020#:~:text=En%20el%20Plan%20Nacional%20de,actividades%20estrat%C3%A9gicas%20en%20materia%20energ%C3%A9tica%2C\">El Plan Nacional de Desarrollo<\/a> contempla: \u201cPromover el uso eficiente y la adopci\u00f3n de energ\u00edas limpias para la generaci\u00f3n de energ\u00eda el\u00e9ctrica, as\u00ed como el aprovechamiento de fuentes renovables\u201d[\/vc_column_text][vc_column_text css=\u00bb.vc_custom_1656623125785{padding-right: 5% !important;padding-bottom: 30px !important;}\u00bb]<\/p>\n<h5><span style=\"font-size: 21px;\"><strong>Con tu Granja solar benef\u00edciate de energ\u00eda, as\u00ed como paneles con muchos a\u00f1os de vida \u00fatil, en el mismo lugar donde se consume.\u00a0<\/strong><\/span><\/h5>\n<p>[\/vc_column_text][vc_column_text css=\u00bb.vc_custom_1656622800540{padding-right: 5% !important;padding-bottom: 30px !important;}\u00bb]En <a href=\"https:\/\/skygreen.com.mx\/\">Sky Green<\/a> te ofrecemos:<\/p>\n<ul>\n<li>Dise\u00f1o<\/li>\n<li>Construcci\u00f3n<\/li>\n<li>Operaci\u00f3n<\/li>\n<li>Mantenimiento<\/li>\n<li>Monitoreo de plantas solares urbanas o a gran escala, comerciales e industriales.<\/li>\n<\/ul>\n<p>[\/vc_column_text][ld_button style=\u00bbbtn-solid\u00bb title=\u00bbCont\u00e1ctanos\u00bb transformation=\u00bbtext-uppercase\u00bb shape=\u00bbsemi-round\u00bb size=\u00bbbtn-lg\u00bb i_add_icon=\u00bbtrue\u00bb fs=\u00bb12px\u00bb fw=\u00bb600&#8243; ls=\u00bb0.2em\u00bb css=\u00bb.vc_custom_1656621825268{padding-right: 0.75em !important;padding-left: 0.75em !important;}\u00bb hover_color=\u00bbrgb(221, 183, 7)\u00bb link=\u00bburl:https%3A%2F%2Fapi.whatsapp.com%2Fsend%2F%3Fphone%3D5215534331099%26text%3DHola%252C%2Bestoy%2Binteresado(a)%2Ben%2Bun%2Bproyecto%2Bde%2Bgranja%2Bsolar.%26app_absent%3D0|title:Cont%C3%A1ctanos\u00bb][\/vc_column_inner][\/vc_row_inner][\/vc_column][\/vc_row]<\/p>\n","protected":false},"excerpt":{"rendered":"<p>[vc_row parallax=\u00bbenable_parallax\u00bb css=\u00bb.vc_custom_1593647057583{margin-top: 55px !important;padding-top: 220px !important;padding-bottom: 220px !important;background-image: url(https:\/\/skygreen.com.mx\/wp-content\/uploads\/2020\/07\/15600-scaled-e1593646975855.jpg?id=5634) !important;background-position: center;background-repeat: no-repeat;background-size:cover !important;}\u00bb][vc_column enable_content_animation=\u00bbyes\u00bb ca_init_scale_x=\u00bb1&#8243; ca_init_scale_y=\u00bb1&#8243; ca_init_scale_z=\u00bb1&#8243; ca_init_opacity=\u00bb0&#8243; ca_an_scale_x=\u00bb1&#8243; ca_an_scale_y=\u00bb1&#8243; ca_an_scale_z=\u00bb1&#8243; ca_an_opacity=\u00bb1&#8243; offset=\u00bbvc_col-lg-5 vc_col-md-6&#8243; ca_duration=\u00bb1200&#8243; ca_delay=\u00bb180&#8243; ca_init_translate_y=\u00bb40&#8243; ca_init_translate_z=\u00bb-161&#8243; ca_init_rotate_x=\u00bb-80&#8243;][ld_fancy_heading tag=\u00bbh2&#8243; use_custom_fonts_title=\u00bbtrue\u00bb fs=\u00bb36px\u00bb lh=\u00bb1.111em\u00bb color=\u00bbrgb(255, 255, 255)\u00bb]Granja solar, energ\u00eda y paneles[\/ld_fancy_heading][ld_spacer height=\u00bb22px\u00bb][ld_fancy_heading tag=\u00bbp\u00bb use_custom_fonts_title=\u00bbtrue\u00bb fs=\u00bb20px\u00bb lh=\u00bb25px\u00bb color=\u00bbrgb(255, 255, 255)\u00bb]Con tu granja solar produce energ\u00eda descentralizada [&hellip;]<\/p>\n","protected":false},"author":1,"featured_media":5398,"parent":0,"menu_order":0,"comment_status":"closed","ping_status":"closed","template":"","meta":{"footnotes":""},"class_list":["post-5595","page","type-page","status-publish","has-post-thumbnail","hentry"],"_links":{"self":[{"href":"https:\/\/skygreen.com.mx\/index.php?rest_route=\/wp\/v2\/pages\/5595","targetHints":{"allow":["GET"]}}],"collection":[{"href":"https:\/\/skygreen.com.mx\/index.php?rest_route=\/wp\/v2\/pages"}],"about":[{"href":"https:\/\/skygreen.com.mx\/index.php?rest_route=\/wp\/v2\/types\/page"}],"author":[{"embeddable":true,"href":"https:\/\/skygreen.com.mx\/index.php?rest_route=\/wp\/v2\/users\/1"}],"replies":[{"embeddable":true,"href":"https:\/\/skygreen.com.mx\/index.php?rest_route=%2Fwp%2Fv2%2Fcomments&post=5595"}],"version-history":[{"count":45,"href":"https:\/\/skygreen.com.mx\/index.php?rest_route=\/wp\/v2\/pages\/5595\/revisions"}],"predecessor-version":[{"id":13861,"href":"https:\/\/skygreen.com.mx\/index.php?rest_route=\/wp\/v2\/pages\/5595\/revisions\/13861"}],"wp:featuredmedia":[{"embeddable":true,"href":"https:\/\/skygreen.com.mx\/index.php?rest_route=\/wp\/v2\/media\/5398"}],"wp:attachment":[{"href":"https:\/\/skygreen.com.mx\/index.php?rest_route=%2Fwp%2Fv2%2Fmedia&parent=5595"}],"curies":[{"name":"wp","href":"https:\/\/api.w.org\/{rel}","templated":true}]}}