{"id":5469,"date":"2020-06-29T15:48:23","date_gmt":"2020-06-29T15:48:23","guid":{"rendered":"https:\/\/skygreen.com.mx\/?page_id=5469"},"modified":"2022-07-01T21:19:13","modified_gmt":"2022-07-01T21:19:13","slug":"contacto-sky-green","status":"publish","type":"page","link":"https:\/\/skygreen.com.mx\/?page_id=5469","title":{"rendered":"Contacto"},"content":{"rendered":"<p>[vc_row full_width=\u00bbstretch_row\u00bb content_placement=\u00bbtop\u00bb][vc_column][vc_gmaps link=\u00bb#E-8_JTNDaWZyYW1lJTIwc3JjJTNEJTIyaHR0cHMlM0ElMkYlMkZ3d3cuZ29vZ2xlLmNvbSUyRm1hcHMlMkZlbWJlZCUzRnBiJTNEJTIxMW0xOCUyMTFtMTIlMjExbTMlMjExZDM3NjIuNTg0ODkxNjg3MDYyNyUyMTJkLTk5LjE3MjMxNDQ4NDMzMjI2JTIxM2QxOS40MzAzMzM1ODY4ODU1NDIlMjEybTMlMjExZjAlMjEyZjAlMjEzZjAlMjEzbTIlMjExaTEwMjQlMjEyaTc2OCUyMTRmMTMuMSUyMTNtMyUyMTFtMiUyMTFzMHg4NWQxZmY0YWRkZTcxMWQ1JTI1M0EweDI4MmYzYjJhYjc2M2NjNjUlMjEyc1NreSUyNTIwR3JlZW4lMjE1ZTAlMjEzbTIlMjExc2VzJTIxMnNteCUyMTR2MTU5MzQ1MjMwNTkwMSUyMTVtMiUyMTFzZXMlMjEyc214JTIyJTIwJTIwaGVpZ2h0JTNEJTIyMzUwJTIyJTIwZnJhbWVib3JkZXIlM0QlMjIwJTIyJTIwc3R5bGUlM0QlMjJib3JkZXIlM0EwJTNCJTIyJTIwYWxsb3dmdWxsc2NyZWVuJTNEJTIyJTIyJTIwYXJpYS1oaWRkZW4lM0QlMjJmYWxzZSUyMiUyMHRhYmluZGV4JTNEJTIyMCUyMiUzRSUzQyUyRmlmcmFtZSUzRQ==\u00bb][\/vc_column][\/vc_row][vc_row css=\u00bb.vc_custom_1595487724096{padding-top: 20px !important;padding-bottom: 60px !important;}\u00bb][vc_column enable_content_animation=\u00bbyes\u00bb ca_init_scale_x=\u00bb1&#8243; ca_init_scale_y=\u00bb1&#8243; ca_init_scale_z=\u00bb1&#8243; ca_init_opacity=\u00bb0&#8243; ca_an_scale_x=\u00bb1&#8243; ca_an_scale_y=\u00bb1&#8243; ca_an_scale_z=\u00bb1&#8243; ca_an_opacity=\u00bb1&#8243; offset=\u00bbvc_col-md-offset-1 vc_col-md-4&#8243; ca_init_translate_x=\u00bb-60&#8243; ca_duration=\u00bb1200&#8243;][ld_fancy_heading tag=\u00bbh2&#8243; color=\u00bbrgb(94, 133, 46)\u00bb padding=\u00bbleft_small:5px\u00bb]Cont\u00e1ctanos[\/ld_fancy_heading][vc_single_image image=\u00bb6389&#8243; img_size=\u00bblarge\u00bb alignment=\u00bbcenter\u00bb style=\u00bbvc_box_rounded\u00bb onclick=\u00bbzoom\u00bb enable_opacity=\u00bbyes\u00bb opacity=\u00bb0.9&#8243; css=\u00bb.vc_custom_1656549778056{background-position: center !important;background-repeat: no-repeat !important;background-size: cover !important;}\u00bb image_max_width=\u00bb390px\u00bb][ld_fancy_heading tag=\u00bbp\u00bb use_custom_fonts_title=\u00bbtrue\u00bb fs=\u00bb16px\u00bb lh=\u00bb1.5em\u00bb]Ponte en contacto con Sky Green y obt\u00e9n informaci\u00f3n de la <a href=\"https:\/\/skygreen.com.mx\/diseno-suministro-e-instalacion-llave-en-mano\/\">oferta energ\u00e9tica<\/a> y en <a href=\"https:\/\/skygreen.com.mx\/aire-alta-eficiencia\/\">aires<\/a>, a trav\u00e9s de nuestros canales de comunicaci\u00f3n.[\/ld_fancy_heading][ld_fancy_heading tag=\u00bbp\u00bb use_custom_fonts_title=\u00bbtrue\u00bb fs=\u00bb16px\u00bb lh=\u00bb1.5em\u00bb]Si tienes cualquier duda no dudes en ponerte en contacto con <a href=\"https:\/\/skygreen.com.mx\/\">Sky Green<\/a> para recibir informaci\u00f3n oportuna sobre proyectos energ\u00e9ticos y de climatizaci\u00f3n[\/ld_fancy_heading][ld_spacer height=\u00bb20px\u00bb][vc_separator color=\u00bbcustom\u00bb align=\u00bbalign_left\u00bb el_width=\u00bb20&#8243; accent_color=\u00bb#ddb707&#8243;][ld_fancy_heading tag=\u00bbp\u00bb use_custom_fonts_title=\u00bbtrue\u00bb fs=\u00bb16px\u00bb lh=\u00bb1.5em\u00bb]Puedes comunicarte al siguiente n\u00famero de tel\u00e9fono sin costo:[\/ld_fancy_heading][ld_icon_box i_type=\u00bbfontawesome\u00bb heading_size=\u00bbsm\u00bb heading_weight=\u00bbfont-weight-semibold\u00bb position=\u00bbiconbox-side\u00bb i_icon_fontawesome=\u00bbfas fa-phone-alt\u00bb icon_size=\u00bb22px\u00bb i_color=\u00bbrgb(221, 183, 7)\u00bb link=\u00bburl:tel%3A5567214057|||\u00bb](55) 6721 4057[\/ld_icon_box][ld_spacer height=\u00bb20px\u00bb][vc_separator color=\u00bbcustom\u00bb align=\u00bbalign_left\u00bb el_width=\u00bb20&#8243; accent_color=\u00bb#ddb707&#8243;][ld_fancy_heading tag=\u00bbp\u00bb use_custom_fonts_title=\u00bbtrue\u00bb fs=\u00bb16px\u00bb lh=\u00bb1.5em\u00bb]Nuestro correo electr\u00f3nico es:[\/ld_fancy_heading][ld_icon_box i_type=\u00bbfontawesome\u00bb heading_size=\u00bbsm\u00bb heading_weight=\u00bbfont-weight-semibold\u00bb position=\u00bbiconbox-side\u00bb i_icon_fontawesome=\u00bbfas fa-envelope\u00bb icon_size=\u00bb22px\u00bb i_color=\u00bbrgb(221, 183, 7)\u00bb link=\u00bburl:mailto%3Acontacto%40skygreen.com.mx|||\u00bb]contacto@skygreen.com.mx[\/ld_icon_box][ld_spacer height=\u00bb20px\u00bb][vc_separator color=\u00bbcustom\u00bb align=\u00bbalign_left\u00bb el_width=\u00bb20&#8243; accent_color=\u00bb#ddb707&#8243;][ld_fancy_heading tag=\u00bbp\u00bb use_custom_fonts_title=\u00bbtrue\u00bb fs=\u00bb16px\u00bb lh=\u00bb1.5em\u00bb]S\u00edguenos en nuestras<a href=\"https:\/\/www.facebook.com\/SkyGreenEnergia\"> redes<\/a> y conoce nuestras actualizaciones:[\/ld_fancy_heading][ld_social_icons style=\u00bb\u00bb size=\u00bbsocial-icon-md\u00bb identities=\u00bb%5B%7B%22network%22%3A%22fa-facebook%22%2C%22url%22%3A%22https%3A%2F%2Fwww.facebook.com%2FSkyGreenEnergia%2F%22%7D%2C%7B%22network%22%3A%22fa-twitter%22%2C%22url%22%3A%22https%3A%2F%2Ftwitter.com%2Fskygreenmx%22%7D%2C%7B%22network%22%3A%22fa-linkedin%22%2C%22url%22%3A%22https%3A%2F%2Fwww.linkedin.com%2Fcompany%2Fsky-green%2F%22%7D%5D\u00bb primary_color=\u00bb#ddb707&#8243; hover_color=\u00bb#5e852e\u00bb][ld_spacer height=\u00bb40px\u00bb][\/vc_column][vc_column offset=\u00bbvc_col-md-offset-1 vc_col-md-6&#8243;][ld_cf7 id=\u00bb6&#8243; use_custom_fonts_input=\u00bbtrue\u00bb use_custom_fonts_submit=\u00bbtrue\u00bb submit_fs=\u00bb20px\u00bb submit_fw=\u00bb700&#8243; bg_color=\u00bbrgb(255, 255, 255)\u00bb color=\u00bbrgb(94, 133, 46)\u00bb h_color=\u00bbrgb(61, 61, 61)\u00bb submit_bg_color=\u00bbrgb(94, 133, 46)\u00bb submit_color=\u00bbrgb(255, 255, 255)\u00bb css=\u00bb.vc_custom_1593444573367{background-color: #ffffff !important;}\u00bb submit_hbg_color=\u00bbrgb(221, 183, 7)\u00bb submit_border_color=\u00bbrgb(94, 133, 46)\u00bb submit_hover_border_color=\u00bbrgb(221, 183, 7)\u00bb][\/vc_column][\/vc_row][vc_row content_placement=\u00bbmiddle\u00bb video_bg=\u00bbyes\u00bb video_bg_source=\u00bbyoutube\u00bb video_bg_url=\u00bbhttps:\/\/www.youtube.com\/watch?v=-6hikyuV-sM\u00bb enable_slideshow_bg=\u00bbyes\u00bb slideshow_effect=\u00bbslide\u00bb enable_overlay=\u00bbyes\u00bb css=\u00bb.vc_custom_1593186347790{margin-top: 80px !important;padding-top: 11vw !important;padding-bottom: 11vw !important;background-position: center !important;background-repeat: no-repeat !important;background-size: cover !important;}\u00bb overlay_bg=\u00bbrgba(224, 185, 0, 0.6)\u00bb][vc_column offset=\u00bbvc_col-md-offset-2 vc_col-md-8&#8243;][ld_carousel columns=\u00bbxs:1|spacing_xs:15px\u00bb inactiv_opacity=\u00bb1&#8243; prevnextbuttons=\u00bbyes\u00bb navappend=\u00bbparent_row\u00bb pagenationdots=\u00bbyes\u00bb wraparound=\u00bbyes\u00bb navarrow=\u00bb6&#8243; navsize=\u00bbcarousel-nav-xl\u00bb navfill=\u00bbcarousel-nav-solid\u00bb navshape=\u00bbcarousel-nav-square\u00bb navhalign=\u00bbcarousel-nav-center\u00bb navfloated=\u00bbcarousel-nav-floated\u00bb navvalign=\u00bbcarousel-nav-middle\u00bb size_dots=\u00bbcarousel-dots-md\u00bb dots_top_offset=\u00bb\u00bb dots_right_offset=\u00bb\u00bb dots_bottom_offset=\u00bb\u00bb dots_left_offset=\u00bb\u00bb dots_style=\u00bbcarousel-dots-style4&#8243; dots_bg_color=\u00bbrgba(255, 255, 255, 0.502)\u00bb dots_bg_hcolor=\u00bbrgb(255, 255, 255)\u00bb nav_arrow_color=\u00bbrgb(255, 255, 255)\u00bb nav_bg_color=\u00bbrgba(224, 185, 0, 0)\u00bb nav_arrow_color_hover=\u00bbrgb(224, 185, 0)\u00bb nav_bg_hcolor=\u00bbrgb(255, 255, 255)\u00bb][ld_testimonial align=\u00bbtext-center\u00bb title=\u00bbSulem Roman\u00bb position=\u00bbLiquid Customer\u00bb avatar=\u00bb121&#8243; title_color=\u00bbrgb(255, 255, 255)\u00bb pos_color=\u00bbrgba(255, 255, 255, 0.498)\u00bb]<\/p>\n<h6><span style=\"font-size: 25px; line-height: 55px font-weight:500; color: #ffffff;\">\u201cIncre\u00edble lugar super profesional y buena atenci\u00f3n y de calidad sus productos muy feliz con mi aire acondicionado solar.\u201d<\/span><\/h6>\n<p>[\/ld_testimonial][ld_testimonial align=\u00bbtext-center\u00bb title=\u00bbPaloma Rosales\u00bb position=\u00bbLiquid Customer\u00bb avatar=\u00bb121&#8243; title_color=\u00bbrgb(255, 255, 255)\u00bb pos_color=\u00bbrgba(255, 255, 255, 0.498)\u00bb]<\/p>\n<h6><span style=\"font-size: 25px; line-height: 55px font-weight:500; color: #ffffff;\">\u201cExcelente servicio, atenci\u00f3n, y aclaran las dudas sobre que equipo es el que realmente necesitas.\u201d<\/span><\/h6>\n<p>[\/ld_testimonial][ld_testimonial align=\u00bbtext-center\u00bb title=\u00bbEmmanuel Romero\u00bb position=\u00bbLiquid Customer\u00bb avatar=\u00bb121&#8243; title_color=\u00bbrgb(255, 255, 255)\u00bb pos_color=\u00bbrgba(255, 255, 255, 0.498)\u00bb]<\/p>\n<h6><span style=\"font-size: 25px; line-height: 55px font-weight:500; color: #ffffff;\">\u201cExcelente servicios y equipos de alta eficiencia!!!\u201d<\/span><\/h6>\n<p>[\/ld_testimonial][\/ld_carousel][\/vc_column][\/vc_row][vc_row full_width=\u00bbstretch_row\u00bb gap=\u00bb0&#8243; css=\u00bb.vc_custom_1566974568895{padding-top: 45px !important;}\u00bb][vc_column enable_content_animation=\u00bbyes\u00bb animation_preset=\u00bbFade In\u00bb ca_duration=\u00bb1600&#8243; ca_delay=\u00bb100&#8243;][vc_raw_html]JTVCc3Bfd3BjYXJvdXNlbCUyMGlkJTNEJTIyNTQyMCUyMiU1RA==[\/vc_raw_html][\/vc_column][\/vc_row]<\/p>\n","protected":false},"excerpt":{"rendered":"<p>[vc_row full_width=\u00bbstretch_row\u00bb content_placement=\u00bbtop\u00bb][vc_column][vc_gmaps link=\u00bb#E-8_JTNDaWZyYW1lJTIwc3JjJTNEJTIyaHR0cHMlM0ElMkYlMkZ3d3cuZ29vZ2xlLmNvbSUyRm1hcHMlMkZlbWJlZCUzRnBiJTNEJTIxMW0xOCUyMTFtMTIlMjExbTMlMjExZDM3NjIuNTg0ODkxNjg3MDYyNyUyMTJkLTk5LjE3MjMxNDQ4NDMzMjI2JTIxM2QxOS40MzAzMzM1ODY4ODU1NDIlMjEybTMlMjExZjAlMjEyZjAlMjEzZjAlMjEzbTIlMjExaTEwMjQlMjEyaTc2OCUyMTRmMTMuMSUyMTNtMyUyMTFtMiUyMTFzMHg4NWQxZmY0YWRkZTcxMWQ1JTI1M0EweDI4MmYzYjJhYjc2M2NjNjUlMjEyc1NreSUyNTIwR3JlZW4lMjE1ZTAlMjEzbTIlMjExc2VzJTIxMnNteCUyMTR2MTU5MzQ1MjMwNTkwMSUyMTVtMiUyMTFzZXMlMjEyc214JTIyJTIwJTIwaGVpZ2h0JTNEJTIyMzUwJTIyJTIwZnJhbWVib3JkZXIlM0QlMjIwJTIyJTIwc3R5bGUlM0QlMjJib3JkZXIlM0EwJTNCJTIyJTIwYWxsb3dmdWxsc2NyZWVuJTNEJTIyJTIyJTIwYXJpYS1oaWRkZW4lM0QlMjJmYWxzZSUyMiUyMHRhYmluZGV4JTNEJTIyMCUyMiUzRSUzQyUyRmlmcmFtZSUzRQ==\u00bb][\/vc_column][\/vc_row][vc_row css=\u00bb.vc_custom_1595487724096{padding-top: 20px !important;padding-bottom: 60px !important;}\u00bb][vc_column enable_content_animation=\u00bbyes\u00bb ca_init_scale_x=\u00bb1&#8243; ca_init_scale_y=\u00bb1&#8243; ca_init_scale_z=\u00bb1&#8243; ca_init_opacity=\u00bb0&#8243; ca_an_scale_x=\u00bb1&#8243; ca_an_scale_y=\u00bb1&#8243; ca_an_scale_z=\u00bb1&#8243; ca_an_opacity=\u00bb1&#8243; offset=\u00bbvc_col-md-offset-1 vc_col-md-4&#8243; ca_init_translate_x=\u00bb-60&#8243; ca_duration=\u00bb1200&#8243;][ld_fancy_heading tag=\u00bbh2&#8243; color=\u00bbrgb(94, 133, 46)\u00bb padding=\u00bbleft_small:5px\u00bb]Cont\u00e1ctanos[\/ld_fancy_heading][vc_single_image image=\u00bb6389&#8243; img_size=\u00bblarge\u00bb alignment=\u00bbcenter\u00bb style=\u00bbvc_box_rounded\u00bb onclick=\u00bbzoom\u00bb enable_opacity=\u00bbyes\u00bb opacity=\u00bb0.9&#8243; css=\u00bb.vc_custom_1656549778056{background-position: center !important;background-repeat: no-repeat !important;background-size: cover !important;}\u00bb image_max_width=\u00bb390px\u00bb][ld_fancy_heading tag=\u00bbp\u00bb use_custom_fonts_title=\u00bbtrue\u00bb fs=\u00bb16px\u00bb lh=\u00bb1.5em\u00bb]Ponte en contacto con Sky Green y obt\u00e9n informaci\u00f3n de [&hellip;]<\/p>\n","protected":false},"author":1,"featured_media":6389,"parent":0,"menu_order":0,"comment_status":"closed","ping_status":"closed","template":"","meta":{"footnotes":""},"class_list":["post-5469","page","type-page","status-publish","has-post-thumbnail","hentry"],"_links":{"self":[{"href":"https:\/\/skygreen.com.mx\/index.php?rest_route=\/wp\/v2\/pages\/5469","targetHints":{"allow":["GET"]}}],"collection":[{"href":"https:\/\/skygreen.com.mx\/index.php?rest_route=\/wp\/v2\/pages"}],"about":[{"href":"https:\/\/skygreen.com.mx\/index.php?rest_route=\/wp\/v2\/types\/page"}],"author":[{"embeddable":true,"href":"https:\/\/skygreen.com.mx\/index.php?rest_route=\/wp\/v2\/users\/1"}],"replies":[{"embeddable":true,"href":"https:\/\/skygreen.com.mx\/index.php?rest_route=%2Fwp%2Fv2%2Fcomments&post=5469"}],"version-history":[{"count":39,"href":"https:\/\/skygreen.com.mx\/index.php?rest_route=\/wp\/v2\/pages\/5469\/revisions"}],"predecessor-version":[{"id":14056,"href":"https:\/\/skygreen.com.mx\/index.php?rest_route=\/wp\/v2\/pages\/5469\/revisions\/14056"}],"wp:featuredmedia":[{"embeddable":true,"href":"https:\/\/skygreen.com.mx\/index.php?rest_route=\/wp\/v2\/media\/6389"}],"wp:attachment":[{"href":"https:\/\/skygreen.com.mx\/index.php?rest_route=%2Fwp%2Fv2%2Fmedia&parent=5469"}],"curies":[{"name":"wp","href":"https:\/\/api.w.org\/{rel}","templated":true}]}}