{"id":15298,"date":"2022-08-29T17:21:06","date_gmt":"2022-08-29T17:21:06","guid":{"rendered":"https:\/\/skygreen.com.mx\/?page_id=15298"},"modified":"2022-10-04T15:13:37","modified_gmt":"2022-10-04T15:13:37","slug":"climatizacion-para-empresas-y-edificios-multinivel","status":"publish","type":"page","link":"https:\/\/skygreen.com.mx\/?page_id=15298","title":{"rendered":"Climatizaci\u00f3n para empresas y edificios multinivel"},"content":{"rendered":"<h1>\n\t\t\t\t\tAlto impacto en soluciones para el ahorro en climatizaci\u00f3n y consumo empresarial<br \/>\n\t\t\t\t\t<\/h1>\n<p>Trabajamos en el dise\u00f1o, la instalaci\u00f3n y puesta en marcha<\/p>\n<p>de proyectos de climatizaci\u00f3n para entornos empresariales y edificios de m\u00faltiples niveles.<\/p>\n<p>\t\t\t\t\t\t\t<a href=\"https:\/\/bit.ly\/3wGF8nA\" ><br \/>\n\t\t\t\t\tCont\u00e1ctanos\t\t\t\t<\/a><\/p>\n<h2>\n\t\t\t\t\tClimatizaci\u00f3n empresarial y para edificios multinivel<br \/>\n\t\t\t\t\t<\/h2>\n<figure><img decoding=\"async\" width=\"1000\" height=\"1000\" src=\"https:\/\/skygreen.com.mx\/wp-content\/uploads\/2022\/08\/Climatizacion-empresarial.jpg\" alt=\"\" loading=\"lazy\" \/><\/figure>\n<h2>Climatizaci\u00f3n para centros comerciales<\/h2>\n<p>Todo lo necesario para climatizar, crear estancias \u00f3ptimas para locales y espacios comunes en centros comerciales y plazas con el mayor rendimiento.<\/p>\n<p>\t\t\t\t\t\t\t<a href=\"https:\/\/bit.ly\/3CRvTVo\" ><br \/>\n\t\t\t\t\tObt\u00e9n m\u00e1s info\t\t\t\t<\/a><\/p>\n<figure><img decoding=\"async\" width=\"1000\" height=\"1000\" src=\"https:\/\/skygreen.com.mx\/wp-content\/uploads\/2022\/08\/Climatizacion-empresarial-4.jpg\" alt=\"Climatizaci\u00f3n empresarial multinivel\" loading=\"lazy\" \/><\/figure>\n<h2>Climatizaci\u00f3n para comercios y restaurantes<\/h2>\n<p>Atm\u00f3sferas agradables para comensales, con bajo umbral sonoro y \u00f3ptima sensaci\u00f3n t\u00e9rmica. <\/p>\n<p>\t\t\t\t\t\t\t<a href=\"https:\/\/bit.ly\/3CFMKKY\" ><br \/>\n\t\t\t\t\tObt\u00e9n m\u00e1s info\t\t\t\t<\/a><\/p>\n<figure><img decoding=\"async\" width=\"1000\" height=\"1000\" src=\"https:\/\/skygreen.com.mx\/wp-content\/uploads\/2022\/08\/Climatizacion-empresarial-2.jpg\" alt=\"\" loading=\"lazy\" \/><\/figure>\n<h2>Climatizaci\u00f3n para oficinas y Call center<\/h2>\n<p>La temperatura deseada por zona, independiente y a la medida, climatizaci\u00f3n adaptable y ahorrativa para efectuar cualquier actividad sin estr\u00e9s t\u00e9rmico.\n<\/p>\n<p>\t\t\t\t\t\t\t<a href=\"https:\/\/bit.ly\/3QhbcFP\" ><br \/>\n\t\t\t\t\tObt\u00e9n m\u00e1s info\t\t\t\t<\/a><\/p>\n<figure><img decoding=\"async\" width=\"1000\" height=\"1000\" src=\"https:\/\/skygreen.com.mx\/wp-content\/uploads\/2022\/08\/Climatizacion-empresarial-3.jpg\" alt=\"Climatizaci\u00f3n empresarial multinivel para gimnasios\" loading=\"lazy\" \/><\/figure>\n<h2>Climatizaci\u00f3n para gimnasios y espacios deportivos <\/h2>\n<p>Aire filtrado y climatizado para la comodidad de cada miembro, con niveles adecuados de humedad y alta eficiencia energ\u00e9tica.<\/p>\n<p>\t\t\t\t\t\t\t<a href=\"https:\/\/bit.ly\/3CN9BnR\" ><br \/>\n\t\t\t\t\tObt\u00e9n m\u00e1s info\t\t\t\t<\/a><\/p>\n<figure><img decoding=\"async\" width=\"1000\" height=\"1000\" src=\"https:\/\/skygreen.com.mx\/wp-content\/uploads\/2022\/08\/Climatizacion-para-escuelas.jpg\" alt=\"\" loading=\"lazy\" \/><\/figure>\n<h2>Climatizaci\u00f3n para escuelas y centros educativos<\/h2>\n<p>Espacios ventilados y silenciosos para la concentraci\u00f3n de los estudiantes, sin prescindir del frescor, as\u00ed como del ahorro de energ\u00eda. <\/p>\n<p>\t\t\t\t\t\t\t<a href=\"https:\/\/bit.ly\/3Rockbk\" ><br \/>\n\t\t\t\t\tObt\u00e9n m\u00e1s info\t\t\t\t<\/a><\/p>\n<figure><img decoding=\"async\" width=\"1000\" height=\"1000\" src=\"https:\/\/skygreen.com.mx\/wp-content\/uploads\/2022\/08\/Climatizacion-para-hoteles.jpg\" alt=\"Climatizaci\u00f3n empresarial multinivel para hoteles\" loading=\"lazy\" \/><\/figure>\n<h2>Climatizaci\u00f3n para hoteles y airbnb<\/h2>\n<p>El confort y la salubridad que necesitan tus hu\u00e9spedes, con pleno control de su temperatura y bajo gasto energ\u00e9tico. <\/p>\n<p>\t\t\t\t\t\t\t<a href=\"https:\/\/bit.ly\/3dY2AGo\" ><br \/>\n\t\t\t\t\tObt\u00e9n m\u00e1s info\t\t\t\t<\/a><\/p>\n<h2>\n\t\t\t\t\tProyectos de climatizaci\u00f3n empresarial e instalaciones para entornos corporativos y multinivel<br \/>\n\t\t\t\t\t<\/h2>\n<p>Con\u00a0<a href=\"https:\/\/skygreen.com.mx\" target=\"_blank\" rel=\"noopener\"><b>Sky Green<\/b><\/a>\u00a0encontrar\u00e1s una amplia gama de opciones en climatizaci\u00f3n, ventilaci\u00f3n y calefacci\u00f3n para elegir, siempre adaptadas a tus necesidades y a tus espacios.\u00a0<\/p>\n<p><b>Ahorro, Confort y Salud\u00a0<\/b><\/p>\n<p>\t\t\t\t\t\t\t\t\t\t\t\t\t\t\t<img decoding=\"async\" width=\"780\" height=\"439\" src=\"https:\/\/skygreen.com.mx\/wp-content\/uploads\/2022\/08\/Proyectos-e-instalaciones-de-climatizacion-Sky-Green-1024x576.jpg\" alt=\"\" loading=\"lazy\" srcset=\"https:\/\/skygreen.com.mx\/wp-content\/uploads\/2022\/08\/Proyectos-e-instalaciones-de-climatizacion-Sky-Green-1024x576.jpg 1024w, https:\/\/skygreen.com.mx\/wp-content\/uploads\/2022\/08\/Proyectos-e-instalaciones-de-climatizacion-Sky-Green-300x169.jpg 300w, https:\/\/skygreen.com.mx\/wp-content\/uploads\/2022\/08\/Proyectos-e-instalaciones-de-climatizacion-Sky-Green-1536x864.jpg 1536w, https:\/\/skygreen.com.mx\/wp-content\/uploads\/2022\/08\/Proyectos-e-instalaciones-de-climatizacion-Sky-Green-600x338.jpg 600w, https:\/\/skygreen.com.mx\/wp-content\/uploads\/2022\/08\/Proyectos-e-instalaciones-de-climatizacion-Sky-Green.jpg 1920w\" sizes=\"auto, (max-width: 780px) 100vw, 780px\" \/>\t\t\t\t\t\t\t\t\t\t\t\t\t\t\t<\/p>\n<h2>\n\t\t\t\t\tClimatizaci\u00f3n empresarial de alta Eficiencia Energ\u00e9tica<br \/>\n\t\t\t\t\t<\/h2>\n<p>Nos aseguraremos de conseguir el mayor rendimiento posible por kW consumido, con la intenci\u00f3n de reducir la factura de luz de nuestros usuarios.<\/p>\n<p><b>Compromiso y Responsabilidad\u00a0<\/b><\/p>\n<p>\t\t\t\t\t\t\t\t\t\t\t\t\t\t\t<img decoding=\"async\" width=\"780\" height=\"439\" src=\"https:\/\/skygreen.com.mx\/wp-content\/uploads\/2022\/08\/Proyectos-e-instalaciones-de-climatizacion-Tipo-Paquete-Sky-Green-1024x576.jpg\" alt=\"\" loading=\"lazy\" srcset=\"https:\/\/skygreen.com.mx\/wp-content\/uploads\/2022\/08\/Proyectos-e-instalaciones-de-climatizacion-Tipo-Paquete-Sky-Green-1024x576.jpg 1024w, https:\/\/skygreen.com.mx\/wp-content\/uploads\/2022\/08\/Proyectos-e-instalaciones-de-climatizacion-Tipo-Paquete-Sky-Green-300x169.jpg 300w, https:\/\/skygreen.com.mx\/wp-content\/uploads\/2022\/08\/Proyectos-e-instalaciones-de-climatizacion-Tipo-Paquete-Sky-Green-1536x864.jpg 1536w, https:\/\/skygreen.com.mx\/wp-content\/uploads\/2022\/08\/Proyectos-e-instalaciones-de-climatizacion-Tipo-Paquete-Sky-Green-600x338.jpg 600w, https:\/\/skygreen.com.mx\/wp-content\/uploads\/2022\/08\/Proyectos-e-instalaciones-de-climatizacion-Tipo-Paquete-Sky-Green.jpg 1920w\" sizes=\"auto, (max-width: 780px) 100vw, 780px\" \/>\t\t\t\t\t\t\t\t\t\t\t\t\t\t\t<\/p>\n<figure><img decoding=\"async\" src=\"https:\/\/skygreen.com.mx\/wp-content\/uploads\/2022\/08\/Mesa-de-trabajo-1-300x300.jpg\" alt=\"Instalaci\u00f3n de climatizaci\u00f3n empresarial\" \/><\/figure>\n<figure><img decoding=\"async\" src=\"https:\/\/skygreen.com.mx\/wp-content\/uploads\/2022\/08\/Mesa-de-trabajo-2-300x300.jpg\" alt=\"Climatizaci\u00f3n empresarial y corporativa\" \/><\/figure>\n<figure><img decoding=\"async\" src=\"https:\/\/skygreen.com.mx\/wp-content\/uploads\/2022\/08\/Mesa-de-trabajo-3-300x300.jpg\" alt=\"Auditor\u00eda Energ\u00e9tica para Sistemas de climatizaci\u00f3n\" \/><\/figure>\n<figure><img decoding=\"async\" src=\"https:\/\/skygreen.com.mx\/wp-content\/uploads\/2022\/08\/Mesa-de-trabajo-4-300x300.jpg\" alt=\"Minisplir inverter de alta eficiencia\" \/><\/figure>\n<p>\t\t\t\t\t\t\t\t\t\t\t\tAnterior<br \/>\n\t\t\t\t\t\t\t\t\t\t\t\tSiguiente<\/p>\n<h2>\n\t\t\t\t\tCont\u00e1ctanos v\u00eda correo<br \/>\n\t\t\t\t\t<\/h2>\n<p>Te responderemos tan pronto sea posible. Cada proyecto lo atendemos de forma personalizada con foco en los detalles, las necesidades y el presupuesto del consumidor.\u00a0<\/p>\n<p role=\"status\" aria-live=\"polite\" aria-atomic=\"true\">\n<ul><\/ul>\n<form action=\"\/wp-admin\/admin-ajax.php#wpcf7-f6-o3\" method=\"post\" novalidate=\"novalidate\" data-status=\"init\">\n<input type=\"hidden\" name=\"_wpcf7\" value=\"6\" \/><br \/>\n<input type=\"hidden\" name=\"_wpcf7_version\" value=\"5.6.3\" \/><br \/>\n<input type=\"hidden\" name=\"_wpcf7_locale\" value=\"es_ES\" \/><br \/>\n<input type=\"hidden\" name=\"_wpcf7_unit_tag\" value=\"wpcf7-f6-o3\" \/><br \/>\n<input type=\"hidden\" name=\"_wpcf7_container_post\" value=\"0\" \/><br \/>\n<input type=\"hidden\" name=\"_wpcf7_posted_data_hash\" value=\"\" \/><br \/>\n<input type=\"hidden\" name=\"_wpcf7_recaptcha_response\" value=\"\" \/><\/p>\n<p><label> Nombre (obligatorio)<br \/>\n    <input type=\"text\" name=\"your-name\" value=\"\" size=\"40\" aria-required=\"true\" aria-invalid=\"false\" \/> <\/label><\/p>\n<p><label> Correo electr\u00f3nico (obligatorio)<br \/>\n    <input type=\"email\" name=\"your-email\" value=\"\" size=\"40\" aria-required=\"true\" aria-invalid=\"false\" \/> <\/label><\/p>\n<p><label> Tel\u00e9fono<br \/>\n    <input type=\"tel\" name=\"telefono\" value=\"\" size=\"40\" aria-invalid=\"false\" \/> <\/label><\/p>\n<p><label> Mensaje<br \/>\n    <textarea name=\"your-message\" cols=\"40\" rows=\"3\" aria-invalid=\"false\"><\/textarea> <\/label><\/p>\n<p<br \/>\n<label><input type=\"checkbox\" name=\"Aceptacion\" value=\"1\" aria-invalid=\"false\" \/>Acepto la <a href=\"https:\/\/skygreen.com.mx\/politica-de-privacidad\/\" rel=\"nofollow noopener\" target=\"_blank\"> pol\u00edtica de privacidad<\/a><\/label>\n<\/p>\n<p><input type=\"submit\" value=\"Enviar\" \/><\/p>\n<p style=\"display: none !important;\"><label>&#916;<textarea name=\"_wpcf7_ak_hp_textarea\" cols=\"45\" rows=\"8\" maxlength=\"100\"><\/textarea><\/label><input type=\"hidden\" id=\"ak_js_3\" name=\"_wpcf7_ak_js\" value=\"199\"\/><\/p>\n<\/form>\n","protected":false},"excerpt":{"rendered":"<p>Alto impacto en soluciones para el ahorro en climatizaci\u00f3n y consumo empresarial Trabajamos en el dise\u00f1o, la instalaci\u00f3n y puesta en marcha de proyectos de climatizaci\u00f3n para entornos empresariales y edificios de m\u00faltiples niveles. Cont\u00e1ctanos Climatizaci\u00f3n empresarial y para edificios multinivel Climatizaci\u00f3n para centros comerciales Todo lo necesario para climatizar, crear estancias \u00f3ptimas para locales [&hellip;]<\/p>\n","protected":false},"author":1,"featured_media":12158,"parent":0,"menu_order":0,"comment_status":"closed","ping_status":"closed","template":"elementor_header_footer","meta":{"footnotes":""},"class_list":["post-15298","page","type-page","status-publish","has-post-thumbnail","hentry"],"_links":{"self":[{"href":"https:\/\/skygreen.com.mx\/index.php?rest_route=\/wp\/v2\/pages\/15298","targetHints":{"allow":["GET"]}}],"collection":[{"href":"https:\/\/skygreen.com.mx\/index.php?rest_route=\/wp\/v2\/pages"}],"about":[{"href":"https:\/\/skygreen.com.mx\/index.php?rest_route=\/wp\/v2\/types\/page"}],"author":[{"embeddable":true,"href":"https:\/\/skygreen.com.mx\/index.php?rest_route=\/wp\/v2\/users\/1"}],"replies":[{"embeddable":true,"href":"https:\/\/skygreen.com.mx\/index.php?rest_route=%2Fwp%2Fv2%2Fcomments&post=15298"}],"version-history":[{"count":57,"href":"https:\/\/skygreen.com.mx\/index.php?rest_route=\/wp\/v2\/pages\/15298\/revisions"}],"predecessor-version":[{"id":16437,"href":"https:\/\/skygreen.com.mx\/index.php?rest_route=\/wp\/v2\/pages\/15298\/revisions\/16437"}],"wp:featuredmedia":[{"embeddable":true,"href":"https:\/\/skygreen.com.mx\/index.php?rest_route=\/wp\/v2\/media\/12158"}],"wp:attachment":[{"href":"https:\/\/skygreen.com.mx\/index.php?rest_route=%2Fwp%2Fv2%2Fmedia&parent=15298"}],"curies":[{"name":"wp","href":"https:\/\/api.w.org\/{rel}","templated":true}]}}