{"id":14712,"date":"2022-08-03T21:13:49","date_gmt":"2022-08-03T21:13:49","guid":{"rendered":"https:\/\/skygreen.com.mx\/?page_id=14712"},"modified":"2022-08-11T00:32:57","modified_gmt":"2022-08-11T00:32:57","slug":"minisplit-inverter-220v-sky-green","status":"publish","type":"page","link":"https:\/\/skygreen.com.mx\/?page_id=14712","title":{"rendered":"Minisplit Inverter 220v Sky Green"},"content":{"rendered":"<p><a href=\"https:\/\/skygreen.com.mx\/\"><br \/>\n\t\t\t\t\t\t\t<img decoding=\"async\" width=\"300\" height=\"87\" src=\"https:\/\/skygreen.com.mx\/wp-content\/uploads\/2022\/08\/Energia-y-aire-acondicionado-1-300x87.png\" alt=\"\" loading=\"lazy\" srcset=\"https:\/\/skygreen.com.mx\/wp-content\/uploads\/2022\/08\/Energia-y-aire-acondicionado-1-300x87.png 300w, https:\/\/skygreen.com.mx\/wp-content\/uploads\/2022\/08\/elementor\/thumbs\/Energia-y-aire-acondicionado-1-300x87.png 166w, https:\/\/skygreen.com.mx\/wp-content\/uploads\/2022\/08\/Energia-y-aire-acondicionado-1.png 332w\" sizes=\"auto, (max-width: 300px) 100vw, 300px\" \/>\t\t\t\t\t\t\t\t<\/a><\/p>\n<h2>\n\t\t\t\t\tEl minisplit  <br \/> para casa u oficina<br \/>\n\t\t\t\t<\/h2>\n<p>Consigue la temperatura<br \/>que necesitas, sea fr\u00edo o calor por un costo bajo y un alto rendimiento.\u00a0<\/p>\n<p>\t\t\t\t\t\t\t<a href=\"https:\/\/api.whatsapp.com\/send?phone=+5534331099&#038;text=Quisiera%20cotizar%20minisplit%20inverter%20220V\" ><br \/>\n\t\t\t\t\tCotiza tu aire\t\t\t\t<\/a><br \/>\n\t\t\t\t\t\t\t\t\t\t\t\t\t\t\t<img decoding=\"async\" width=\"780\" height=\"411\" src=\"https:\/\/skygreen.com.mx\/wp-content\/uploads\/2022\/08\/Minisplit-nverter-220v-1-1140x600.png\" alt=\"Minisplit-inverter-220v\" loading=\"lazy\" \/>\t\t\t\t\t\t\t\t\t\t\t\t\t\t\t<\/p>\n<h2>\n\t\t\t\t\tMinisplit Inverter Sky Green<br \/>\n\t\t\t\t<\/h2>\n<h4>\n\t\t\t\t\t\t220 V \/ SEER 17 \/ Silente \/ Fr\u00edo y Calor<br \/>\n\t\t\t\t\t<\/h4>\n<p>Disfruta de la temperatura que deseas sin preocuparte por la factura de luz.<\/p>\n<h2>\n\t\t\t\t\tR\u00e1pido y largo Flujo de Aire<br \/>\n\t\t\t\t<\/h2>\n<p>Permite climatizar de forma r\u00e1pida y amplia distintos tipos de interiores, desde habitaciones hasta salas u oficinas.\u00a0<\/p>\n<p>\t\t\t\t\t\t\t\t\t\t\t\t\t\t\t<img decoding=\"async\" width=\"600\" height=\"600\" src=\"https:\/\/skygreen.com.mx\/wp-content\/uploads\/2022\/08\/Minisplit-inverter-220v-SkyGreen-6-1-1-1-600x600.png\" alt=\"\" loading=\"lazy\" srcset=\"https:\/\/skygreen.com.mx\/wp-content\/uploads\/2022\/08\/Minisplit-inverter-220v-SkyGreen-6-1-1-1-600x600.png 600w, https:\/\/skygreen.com.mx\/wp-content\/uploads\/2022\/08\/Minisplit-inverter-220v-SkyGreen-6-1-1-1-300x300.png 300w, https:\/\/skygreen.com.mx\/wp-content\/uploads\/2022\/08\/Minisplit-inverter-220v-SkyGreen-6-1-1-1-150x150.png 150w, https:\/\/skygreen.com.mx\/wp-content\/uploads\/2022\/08\/Minisplit-inverter-220v-SkyGreen-6-1-1-1-470x470.png 470w, https:\/\/skygreen.com.mx\/wp-content\/uploads\/2022\/08\/Minisplit-inverter-220v-SkyGreen-6-1-1-1-350x350.png 350w, https:\/\/skygreen.com.mx\/wp-content\/uploads\/2022\/08\/Minisplit-inverter-220v-SkyGreen-6-1-1-1-160x160.png 160w, https:\/\/skygreen.com.mx\/wp-content\/uploads\/2022\/08\/Minisplit-inverter-220v-SkyGreen-6-1-1-1-100x100.png 100w, https:\/\/skygreen.com.mx\/wp-content\/uploads\/2022\/08\/Minisplit-inverter-220v-SkyGreen-6-1-1-1.png 875w\" sizes=\"auto, (max-width: 600px) 100vw, 600px\" \/>\t\t\t\t\t\t\t\t\t\t\t\t\t\t\t<\/p>\n<p><em>Hasta espacios de 21 m2<\/em><\/p>\n<h2>\n\t\t\t\t\tEasy Start<br \/>\n\t\t\t\t<\/h2>\n<p>Su tecnolog\u00eda inverter permite mantener la temperatura sin tener fluctuaciones para tu comodidad y usando poca energ\u00eda.\u00a0<\/p>\n<p>\t\t\t\t\t\t\t\t\t\t\t\t\t\t\t<img decoding=\"async\" width=\"500\" height=\"500\" src=\"https:\/\/skygreen.com.mx\/wp-content\/uploads\/2022\/08\/Aire-de-Alta-Eficiencia-1TR-1.png\" alt=\"\" loading=\"lazy\" srcset=\"https:\/\/skygreen.com.mx\/wp-content\/uploads\/2022\/08\/Aire-de-Alta-Eficiencia-1TR-1.png 500w, https:\/\/skygreen.com.mx\/wp-content\/uploads\/2022\/08\/Aire-de-Alta-Eficiencia-1TR-1-300x300.png 300w, https:\/\/skygreen.com.mx\/wp-content\/uploads\/2022\/08\/Aire-de-Alta-Eficiencia-1TR-1-150x150.png 150w, https:\/\/skygreen.com.mx\/wp-content\/uploads\/2022\/08\/Aire-de-Alta-Eficiencia-1TR-1-470x470.png 470w, https:\/\/skygreen.com.mx\/wp-content\/uploads\/2022\/08\/Aire-de-Alta-Eficiencia-1TR-1-350x350.png 350w, https:\/\/skygreen.com.mx\/wp-content\/uploads\/2022\/08\/Aire-de-Alta-Eficiencia-1TR-1-100x100.png 100w, https:\/\/skygreen.com.mx\/wp-content\/uploads\/2022\/08\/Aire-de-Alta-Eficiencia-1TR-1-160x160.png 160w\" sizes=\"auto, (max-width: 500px) 100vw, 500px\" \/>\t\t\t\t\t\t\t\t\t\t\t\t\t\t\t<\/p>\n<p><em>SEER 17<\/em><\/p>\n<h2>\n\t\t\t\t\tAir Care<br \/>\n\t\t\t\t<\/h2>\n<p>Cuenta con sistema de filtrado nanosilver, efectivo en la extracci\u00f3n y eliminaci\u00f3n de part\u00edculas, al\u00e9rgenos y pat\u00f3genos como virus y bacterias.\u00a0<\/p>\n<p><em>TECNOLOG\u00cdA\u00a0<\/em><em>NANOSILVER<\/em><\/p>\n<h2>\n\t\t\t\t\tCubierta de interiores Anticorrosivos<br \/>\n\t\t\t\t<\/h2>\n<p>Resistente a la corrosi\u00f3n del condensador; mantiene en \u00f3ptimas condiciones de tu equipo.\u00a0<\/p>\n<p>\t\t\t\t\t\t\t\t\t\t\t\t\t\t\t<img decoding=\"async\" width=\"700\" height=\"525\" src=\"https:\/\/skygreen.com.mx\/wp-content\/uploads\/2022\/08\/Minisplit-inverter-220v-SkyGreen-condensador-1.png\" alt=\"\" loading=\"lazy\" srcset=\"https:\/\/skygreen.com.mx\/wp-content\/uploads\/2022\/08\/Minisplit-inverter-220v-SkyGreen-condensador-1.png 700w, https:\/\/skygreen.com.mx\/wp-content\/uploads\/2022\/08\/Minisplit-inverter-220v-SkyGreen-condensador-1-300x225.png 300w, https:\/\/skygreen.com.mx\/wp-content\/uploads\/2022\/08\/Minisplit-inverter-220v-SkyGreen-condensador-1-295x220.png 295w, https:\/\/skygreen.com.mx\/wp-content\/uploads\/2022\/08\/Minisplit-inverter-220v-SkyGreen-condensador-1-600x450.png 600w\" sizes=\"auto, (max-width: 700px) 100vw, 700px\" \/>\t\t\t\t\t\t\t\t\t\t\t\t\t\t\t<\/p>\n<p>STEEL COATING<\/p>\n<h2>\n\t\t\t\t\tAlta Resistencia<br \/>\n\t\t\t\t<\/h2>\n<p>Durabilidad y conservaciones de calidad de gabinete frente a condiciones ambientales adversas como lluvia, sol, salitre, entre otros.\u00a0<\/p>\n<p>\t\t\t\t\t\t\t\t\t\t\t\t\t\t\t<img decoding=\"async\" width=\"600\" height=\"525\" src=\"https:\/\/skygreen.com.mx\/wp-content\/uploads\/2022\/08\/Minisplit-inverter-220v-SkyGreen-condensador-de-frente-1-1-600x525.png\" alt=\"\" loading=\"lazy\" \/>\t\t\t\t\t\t\t\t\t\t\t\t\t\t\t<\/p>\n<p><em>RALENTIZACI\u00d3N DE EFECTOS NATURALES<\/em><\/p>\n<h2>\n\t\t\t\t\tEspecificaciones t\u00e9cnicas<br \/>\n\t\t\t\t<\/h2>\n<p>                                    Descarga la ficha t\u00e9cnica y toda la informaci\u00f3n del equipo<\/p>\n<p role=\"status\" aria-live=\"polite\" aria-atomic=\"true\">\n<ul><\/ul>\n<form action=\"\/wp-admin\/admin-ajax.php#wpcf7-f6935-o3\" method=\"post\" novalidate=\"novalidate\" data-status=\"init\">\n<input type=\"hidden\" name=\"_wpcf7\" value=\"6935\" \/><br \/>\n<input type=\"hidden\" name=\"_wpcf7_version\" value=\"5.6.2\" \/><br \/>\n<input type=\"hidden\" name=\"_wpcf7_locale\" value=\"es_ES\" \/><br \/>\n<input type=\"hidden\" name=\"_wpcf7_unit_tag\" value=\"wpcf7-f6935-o3\" \/><br \/>\n<input type=\"hidden\" name=\"_wpcf7_container_post\" value=\"0\" \/><br \/>\n<input type=\"hidden\" name=\"_wpcf7_posted_data_hash\" value=\"\" \/><br \/>\n<input type=\"hidden\" name=\"_wpcf7_recaptcha_response\" value=\"\" \/><\/p>\n<p><label> Nombre<br \/>\n    <input type=\"text\" name=\"your-name\" value=\"\" size=\"40\" aria-required=\"true\" aria-invalid=\"false\" \/> <\/label><\/p>\n<p><label> Correo electr\u00f3nico<br \/>\n    <input type=\"email\" name=\"your-email\" value=\"\" size=\"40\" aria-required=\"true\" aria-invalid=\"false\" \/> <\/label><\/p>\n<p<br \/>\n<label><input type=\"checkbox\" name=\"Aceptacion\" value=\"1\" aria-invalid=\"false\" \/>Acepto la <a href=\"https:\/\/skygreen.com.mx\/politica-de-privacidad\/\" rel=\"nofollow noopener\" target=\"_blank\"> pol\u00edtica de privacidad<\/a><\/label>\n<\/p>\n<p><input type=\"submit\" value=\"Descargar ficha t\u00e9cnica\" \/><\/p>\n<p style=\"display: none !important;\"><label>&#916;<textarea name=\"_wpcf7_ak_hp_textarea\" cols=\"45\" rows=\"8\" maxlength=\"100\"><\/textarea><\/label><input type=\"hidden\" id=\"ak_js_3\" name=\"_wpcf7_ak_js\" value=\"43\"\/><\/p>\n<\/form>\n<h2>\n\t\t\t\t\tContacta a un agente<br \/>\n\t\t\t\t<\/h2>\n<p>Te acompa\u00f1ar\u00e1 en todo el proceso de venta y posventa e instalaci\u00f3n; te informar\u00e1 de descuentos, ofertas y restricciones<\/p>\n<p>\t\t\t\t\t\t\t<a href=\"https:\/\/api.whatsapp.com\/send?phone=+5527332917&#038;text=Quisiera%20hablar%20con%20un%20agente%20para%20m%C3%A1s%20informaci%C3%B3n%20del%20minisplit%20inverter%20220V\" target=\"_blank\" id=\"Hablar\" con un agente rel=\"noopener\"><br \/>\n\t\t\t\t\tHablar con agente\t\t\t\t<\/a><\/p>\n","protected":false},"excerpt":{"rendered":"<p>El minisplit para casa u oficina Consigue la temperaturaque necesitas, sea fr\u00edo o calor por un costo bajo y un alto rendimiento.\u00a0 Cotiza tu aire Minisplit Inverter Sky Green 220 V \/ SEER 17 \/ Silente \/ Fr\u00edo y Calor Disfruta de la temperatura que deseas sin preocuparte por la factura de luz. R\u00e1pido y [&hellip;]<\/p>\n","protected":false},"author":1,"featured_media":14977,"parent":0,"menu_order":0,"comment_status":"closed","ping_status":"closed","template":"elementor_canvas","meta":{"footnotes":""},"class_list":["post-14712","page","type-page","status-publish","has-post-thumbnail","hentry"],"_links":{"self":[{"href":"https:\/\/skygreen.com.mx\/index.php?rest_route=\/wp\/v2\/pages\/14712","targetHints":{"allow":["GET"]}}],"collection":[{"href":"https:\/\/skygreen.com.mx\/index.php?rest_route=\/wp\/v2\/pages"}],"about":[{"href":"https:\/\/skygreen.com.mx\/index.php?rest_route=\/wp\/v2\/types\/page"}],"author":[{"embeddable":true,"href":"https:\/\/skygreen.com.mx\/index.php?rest_route=\/wp\/v2\/users\/1"}],"replies":[{"embeddable":true,"href":"https:\/\/skygreen.com.mx\/index.php?rest_route=%2Fwp%2Fv2%2Fcomments&post=14712"}],"version-history":[{"count":220,"href":"https:\/\/skygreen.com.mx\/index.php?rest_route=\/wp\/v2\/pages\/14712\/revisions"}],"predecessor-version":[{"id":15208,"href":"https:\/\/skygreen.com.mx\/index.php?rest_route=\/wp\/v2\/pages\/14712\/revisions\/15208"}],"wp:featuredmedia":[{"embeddable":true,"href":"https:\/\/skygreen.com.mx\/index.php?rest_route=\/wp\/v2\/media\/14977"}],"wp:attachment":[{"href":"https:\/\/skygreen.com.mx\/index.php?rest_route=%2Fwp%2Fv2%2Fmedia&parent=14712"}],"curies":[{"name":"wp","href":"https:\/\/api.w.org\/{rel}","templated":true}]}}