{"id":12496,"date":"2022-06-23T01:29:28","date_gmt":"2022-06-23T01:29:28","guid":{"rendered":"https:\/\/skygreen.com.mx\/?page_id=12496"},"modified":"2023-03-07T14:26:21","modified_gmt":"2023-03-07T14:26:21","slug":"mantenimiento-aires-acondicionados","status":"publish","type":"page","link":"https:\/\/skygreen.com.mx\/?page_id=12496","title":{"rendered":"Mantenimiento Aires Acondicionados"},"content":{"rendered":"<p>[rev_slider alias=\u00bbslide-para-pagina-principal-1&#8243; slidertitle=\u00bbSlide para aires acondicionados\u00bb][\/rev_slider]<\/p>\n<h1><strong>P\u00f3liza de Mantenimiento Preventivo para tus equipos.\u00a0<\/strong><\/h1>\n<p><strong>La higiene y confortabilidad que requieres para tus espacios.<\/strong><\/p>\n<h2>Los <strong>planes de mantenimiento <\/strong>desarrollados por<a style=\"background-color: #ffffff; color: #204cea;\" href=\"https:\/\/skygreen.com.mx\/\"><strong> Sky Green<\/strong><\/a> est\u00e1n dirigidos para prolongar la vida \u00fatil de aires acondicionados<strong>, adem\u00e1s de\u00a0 generar ahorro energ\u00e9tico y aumentar la comodidad de nuestros usuarios<\/strong>.<\/h2>\n<h1>A trav\u00e9s del <strong>mantenimiento preventivo<\/strong> obt\u00e9n beneficios como\u00a0<strong>atm\u00f3sferas filtradas<\/strong>. Disfruta tambi\u00e9n de <strong>espacios ventilados de CO2<\/strong>, libres de pat\u00f3genos y funci\u00f3n continua de tus aires acondicionados.<\/h1>\n<h2 style=\"text-align: center;\"><strong>Conoce nuestra oferta de mantenimiento hvac\u00a0<\/strong><\/h2>\n<h3 style=\"text-align: center;\"><a style=\"color: #204cea;\" href=\"https:\/\/web.whatsapp.com\/send?phone=5215534331099&amp;text=Hola%2C%20estoy%20interesado(a)%20en%20la%20p\u00f3liza%20de%20mantenimiento%20a%2012%20meses.\"><strong>*Aprovecha nuestras p\u00f3lizas de mantenimiento a 12 meses sin intereses,<\/strong><\/a><\/h3>\n<h6 style=\"text-align: center;\"><strong>tambi\u00e9n recibe asistencia t\u00e9cnica incluida durante todo el a\u00f1o<\/strong><\/h6>\n<h6 style=\"text-align: center;\">*seg\u00fan el n\u00famero de unidades de aire acondicionado<\/h6>\n<figure><img decoding=\"async\" src=\"https:\/\/skygreen.com.mx\/wp-content\/uploads\/2022\/06\/Mantenimiento-vrf-oficinas-formato-cuadrado@025x-300x300.jpg\" alt=\"Mantenimiento para aire acondicionado en oficinas\" \/><\/figure>\n<figure><img decoding=\"async\" src=\"https:\/\/skygreen.com.mx\/wp-content\/uploads\/2021\/04\/WhatsApp-Image-2021-03-10-at-7.02.15-PM-6-e1619478916263-300x293.jpeg\" alt=\"Mantenimiento para aire acondicionado en call center\" \/><\/figure>\n<figure><img decoding=\"async\" src=\"https:\/\/skygreen.com.mx\/wp-content\/uploads\/2022\/06\/Mantenimiento-equipo-gris-brocha-300x300.jpg\" alt=\"Mantenimiento preventivo para equipos de aire acondicionado multisplit\" \/><\/figure>\n<figure><img decoding=\"async\" src=\"https:\/\/skygreen.com.mx\/wp-content\/uploads\/2022\/06\/Mantenimiento-equipo-gris-300x300.jpg\" alt=\"Mantenimiento preventivo a equipo split de cassete en para oficina\" \/><\/figure>\n","protected":false},"excerpt":{"rendered":"<p>[rev_slider alias=\u00bbslide-para-pagina-principal-1&#8243; slidertitle=\u00bbSlide para aires acondicionados\u00bb][\/rev_slider] P\u00f3liza de Mantenimiento Preventivo para tus equipos.\u00a0 La higiene y confortabilidad que requieres para tus espacios. Los planes de mantenimiento desarrollados por Sky Green est\u00e1n dirigidos para prolongar la vida \u00fatil de aires acondicionados, adem\u00e1s de\u00a0 generar ahorro energ\u00e9tico y aumentar la comodidad de nuestros usuarios. A trav\u00e9s del [&hellip;]<\/p>\n","protected":false},"author":1,"featured_media":12457,"parent":0,"menu_order":0,"comment_status":"closed","ping_status":"closed","template":"elementor_header_footer","meta":{"footnotes":""},"class_list":["post-12496","page","type-page","status-publish","has-post-thumbnail","hentry"],"_links":{"self":[{"href":"https:\/\/skygreen.com.mx\/index.php?rest_route=\/wp\/v2\/pages\/12496","targetHints":{"allow":["GET"]}}],"collection":[{"href":"https:\/\/skygreen.com.mx\/index.php?rest_route=\/wp\/v2\/pages"}],"about":[{"href":"https:\/\/skygreen.com.mx\/index.php?rest_route=\/wp\/v2\/types\/page"}],"author":[{"embeddable":true,"href":"https:\/\/skygreen.com.mx\/index.php?rest_route=\/wp\/v2\/users\/1"}],"replies":[{"embeddable":true,"href":"https:\/\/skygreen.com.mx\/index.php?rest_route=%2Fwp%2Fv2%2Fcomments&post=12496"}],"version-history":[{"count":437,"href":"https:\/\/skygreen.com.mx\/index.php?rest_route=\/wp\/v2\/pages\/12496\/revisions"}],"predecessor-version":[{"id":18725,"href":"https:\/\/skygreen.com.mx\/index.php?rest_route=\/wp\/v2\/pages\/12496\/revisions\/18725"}],"wp:featuredmedia":[{"embeddable":true,"href":"https:\/\/skygreen.com.mx\/index.php?rest_route=\/wp\/v2\/media\/12457"}],"wp:attachment":[{"href":"https:\/\/skygreen.com.mx\/index.php?rest_route=%2Fwp%2Fv2%2Fmedia&parent=12496"}],"curies":[{"name":"wp","href":"https:\/\/api.w.org\/{rel}","templated":true}]}}