{"id":10,"date":"2020-06-12T18:09:06","date_gmt":"2020-06-12T18:09:06","guid":{"rendered":"https:\/\/skygreen.com.mx\/finalizar-compra\/"},"modified":"2022-07-06T17:05:54","modified_gmt":"2022-07-06T17:05:54","slug":"finalizar-compra","status":"publish","type":"page","link":"https:\/\/skygreen.com.mx\/?page_id=10","title":{"rendered":"Finalizar compra"},"content":{"rendered":"<p>[vc_row responsive_css=\u00bbmargin_left_large:20px\u00bb][vc_column][vc_column_text]<p>[\/vc_column_text][\/vc_column][\/vc_row][woocommerce_checkout][vc_row][vc_column][vc_column_text]<\/p>\n<\/p>\r\n\r\n<h3>*Lo env\u00edos est\u00e1n sujetos a disponibilidad de los componentes, es posible que se retrasen m\u00e1s respecto de los d\u00edas del cotizador*<\/h3>\r\n\r\n<p>&nbsp;<\/p>\r\n<p>[\/vc_column_text][\/vc_column][\/vc_row]<\/p>","protected":false},"excerpt":{"rendered":"<p>[vc_row responsive_css=\u00bbmargin_left_large:20px\u00bb][vc_column][vc_column_text] *Lo env\u00edos est\u00e1n sujetos a disponibilidad de los componentes, es posible que se retrasen m\u00e1s respecto de los d\u00edas del cotizador* &nbsp; [\/vc_column_text][\/vc_column][\/vc_row]<\/p>\n","protected":false},"author":1,"featured_media":0,"parent":0,"menu_order":0,"comment_status":"closed","ping_status":"closed","template":"","meta":{"footnotes":""},"class_list":["post-10","page","type-page","status-publish","hentry"],"_links":{"self":[{"href":"https:\/\/skygreen.com.mx\/index.php?rest_route=\/wp\/v2\/pages\/10","targetHints":{"allow":["GET"]}}],"collection":[{"href":"https:\/\/skygreen.com.mx\/index.php?rest_route=\/wp\/v2\/pages"}],"about":[{"href":"https:\/\/skygreen.com.mx\/index.php?rest_route=\/wp\/v2\/types\/page"}],"author":[{"embeddable":true,"href":"https:\/\/skygreen.com.mx\/index.php?rest_route=\/wp\/v2\/users\/1"}],"replies":[{"embeddable":true,"href":"https:\/\/skygreen.com.mx\/index.php?rest_route=%2Fwp%2Fv2%2Fcomments&post=10"}],"version-history":[{"count":6,"href":"https:\/\/skygreen.com.mx\/index.php?rest_route=\/wp\/v2\/pages\/10\/revisions"}],"predecessor-version":[{"id":13834,"href":"https:\/\/skygreen.com.mx\/index.php?rest_route=\/wp\/v2\/pages\/10\/revisions\/13834"}],"wp:attachment":[{"href":"https:\/\/skygreen.com.mx\/index.php?rest_route=%2Fwp%2Fv2%2Fmedia&parent=10"}],"curies":[{"name":"wp","href":"https:\/\/api.w.org\/{rel}","templated":true}]}}